{"id":18903,"date":"2025-01-20T07:07:22","date_gmt":"2025-01-20T07:07:22","guid":{"rendered":"https:\/\/marqalicante-admin.qwair.com\/item\/revista-club-llumiq-no33\/"},"modified":"2025-03-03T14:09:44","modified_gmt":"2025-03-03T14:09:44","slug":"revista-club-llumiq-no33","status":"publish","type":"product","link":"https:\/\/marqalicante-admin.qwair.com\/va\/producte\/revista-club-llumiq-no33\/","title":{"rendered":"REVISTA CLUB LLUMIQ N\u00ba33"},"content":{"rendered":"<div class=\"documento-item\">\n                    <h2 class=\"documento-title\">Revisa Completa<\/h2>\n        \n        \n                    <a href=\"https:\/\/marqalicante.com\/contenido\/genericas\/r33(1).pdf\" class=\"documento-btn\" target=\"_blank\" rel=\"noopener\">\n                <i class=\"fas fa-file-pdf\"><\/i> Descarregar PDF\n            <\/a>\n            <\/div>","protected":false},"excerpt":{"rendered":"<p>Hivern 2014 (Especial Nadal 2013\/2014). Comencem nou any amb molts projectes i grans il\u00b7lusions per dur-los a terme. Cada vegada \u00e9s m\u00e9s gran el nombre de nens\/es, adults, gent gran, col\u00b7lectius, grups, etc. que es mantenen fidels a les nostres propostes, per la qual cosa aprofitem aquestes p\u00e0gines per donar-les a con\u00e8ixer, informar-ne o recordar-les un cop s&#039;han realitzat. Dediquem moltes de les p\u00e0gines d&#039;aquesta edici\u00f3 per parlar sobre la Campanya de Nadal, en marxa en el moment del llan\u00e7ament d&#039;aquesta revista, aix\u00ed com d&#039;altres assumptes com s\u00f3n la Campanya de Tardor ja finalitzada, missatges i dibuixos dels nostres socis, informaci\u00f3 sobre els jocs de la nostra web i el relat de la visita de l&#039;IES Las Lomas de Alicante.<\/p>","protected":false},"featured_media":18779,"template":"","meta":{"kia_subtitle":""},"product_brand":[],"product_cat":[1717],"product_tag":[],"class_list":{"0":"post-18903","1":"product","2":"type-product","3":"status-publish","4":"has-post-thumbnail","6":"product_cat-guias-didacticas","8":"first","9":"instock","10":"virtual","11":"product-type-simple"},"meta_box":{"ia_expediente":"","ia_ano":"","ia_fechas_de_actuacion":"","ia_municipios_comarcas":"","ia_directores":"","ia_periodos_culturales":"","ia_tipos_de_intervencion":"","ia_equipo_tecnico":"","ia_autores":"","ia_promotores":"","ia_deposito_de_materiales":"","ia_coordenadas_utm":""},"_links":{"self":[{"href":"https:\/\/marqalicante-admin.qwair.com\/va\/wp-json\/wp\/v2\/product\/18903","targetHints":{"allow":["GET"]}}],"collection":[{"href":"https:\/\/marqalicante-admin.qwair.com\/va\/wp-json\/wp\/v2\/product"}],"about":[{"href":"https:\/\/marqalicante-admin.qwair.com\/va\/wp-json\/wp\/v2\/types\/product"}],"wp:featuredmedia":[{"embeddable":true,"href":"https:\/\/marqalicante-admin.qwair.com\/va\/wp-json\/wp\/v2\/media\/18779"}],"wp:attachment":[{"href":"https:\/\/marqalicante-admin.qwair.com\/va\/wp-json\/wp\/v2\/media?parent=18903"}],"wp:term":[{"taxonomy":"product_brand","embeddable":true,"href":"https:\/\/marqalicante-admin.qwair.com\/va\/wp-json\/wp\/v2\/product_brand?post=18903"},{"taxonomy":"product_cat","embeddable":true,"href":"https:\/\/marqalicante-admin.qwair.com\/va\/wp-json\/wp\/v2\/product_cat?post=18903"},{"taxonomy":"product_tag","embeddable":true,"href":"https:\/\/marqalicante-admin.qwair.com\/va\/wp-json\/wp\/v2\/product_tag?post=18903"}],"curies":[{"name":"wp","href":"https:\/\/api.w.org\/{rel}","templated":true}]}}