{"id":18902,"date":"2025-01-20T07:07:21","date_gmt":"2025-01-20T07:07:21","guid":{"rendered":"https:\/\/marqalicante-admin.qwair.com\/item\/revista-club-llumiq-no32\/"},"modified":"2025-03-03T14:09:44","modified_gmt":"2025-03-03T14:09:44","slug":"revista-club-llumiq-no32","status":"publish","type":"product","link":"https:\/\/marqalicante-admin.qwair.com\/va\/producte\/revista-club-llumiq-no32\/","title":{"rendered":"REVISTA CLUB LLUMIQ N\u00ba32"},"content":{"rendered":"<div class=\"documento-item\">\n                    <h2 class=\"documento-title\">Revisa Completa<\/h2>\n        \n        \n                    <a href=\"https:\/\/marqalicante.com\/contenido\/genericas\/Revista%20club%20llumiq%2032.pdf\" class=\"documento-btn\" target=\"_blank\" rel=\"noopener\">\n                <i class=\"fas fa-file-pdf\"><\/i> Descarregar PDF\n            <\/a>\n            <\/div>","protected":false},"excerpt":{"rendered":"<p>Tardor 2013. Primer n\u00famero duna nova etapa. A partir d&#039;aquest moment la revista deixa d&#039;imprimir-se en paper i contribueix aix\u00ed a la preservaci\u00f3 del medi ambient. Ara es fa en format digital i s&#039;envia per correu electr\u00f2nic els socis del club llumiq i altres col\u00b7lectius i associacions vinculades al MARQ. Com que no s&#039;ha d&#039;ajustar a format paper, permet ampliar el nombre de p\u00e0gines. Inclou activitats i passatemps relacionats amb l&#039;exposici\u00f3 temporal de Hallstatt, refer\u00e8ncies a exposicions del museu cedides a altres localitats: Elx, Campello, San Vicente. Informaci\u00f3 sobre la campanya de tardor: tallers, senderisme, rutes culturals, activitats per a fam\u00edlies, visites guiades, teatralitzades i molt m\u00e9s.<\/p>","protected":false},"featured_media":18778,"template":"","meta":{"kia_subtitle":""},"product_brand":[],"product_cat":[1717],"product_tag":[],"class_list":{"0":"post-18902","1":"product","2":"type-product","3":"status-publish","4":"has-post-thumbnail","6":"product_cat-guias-didacticas","8":"first","9":"instock","10":"virtual","11":"product-type-simple"},"meta_box":{"ia_expediente":"","ia_ano":"","ia_fechas_de_actuacion":"","ia_municipios_comarcas":"","ia_directores":"","ia_periodos_culturales":"","ia_tipos_de_intervencion":"","ia_equipo_tecnico":"","ia_autores":"","ia_promotores":"","ia_deposito_de_materiales":"","ia_coordenadas_utm":""},"_links":{"self":[{"href":"https:\/\/marqalicante-admin.qwair.com\/va\/wp-json\/wp\/v2\/product\/18902","targetHints":{"allow":["GET"]}}],"collection":[{"href":"https:\/\/marqalicante-admin.qwair.com\/va\/wp-json\/wp\/v2\/product"}],"about":[{"href":"https:\/\/marqalicante-admin.qwair.com\/va\/wp-json\/wp\/v2\/types\/product"}],"wp:featuredmedia":[{"embeddable":true,"href":"https:\/\/marqalicante-admin.qwair.com\/va\/wp-json\/wp\/v2\/media\/18778"}],"wp:attachment":[{"href":"https:\/\/marqalicante-admin.qwair.com\/va\/wp-json\/wp\/v2\/media?parent=18902"}],"wp:term":[{"taxonomy":"product_brand","embeddable":true,"href":"https:\/\/marqalicante-admin.qwair.com\/va\/wp-json\/wp\/v2\/product_brand?post=18902"},{"taxonomy":"product_cat","embeddable":true,"href":"https:\/\/marqalicante-admin.qwair.com\/va\/wp-json\/wp\/v2\/product_cat?post=18902"},{"taxonomy":"product_tag","embeddable":true,"href":"https:\/\/marqalicante-admin.qwair.com\/va\/wp-json\/wp\/v2\/product_tag?post=18902"}],"curies":[{"name":"wp","href":"https:\/\/api.w.org\/{rel}","templated":true}]}}