{"id":18899,"date":"2025-01-20T07:07:20","date_gmt":"2025-01-20T07:07:20","guid":{"rendered":"https:\/\/marqalicante-admin.qwair.com\/item\/via-augusta\/"},"modified":"2025-03-03T14:09:43","modified_gmt":"2025-03-03T14:09:43","slug":"via-augusta","status":"publish","type":"product","link":"https:\/\/marqalicante-admin.qwair.com\/va\/producte\/via-augusta\/","title":{"rendered":"VIA AUGUSTA"},"content":{"rendered":"<div class=\"documento-item\">\n                    <h2 class=\"documento-title\">Revisa Completa<\/h2>\n        \n        \n                    <a href=\"https:\/\/marqalicante.com\/contenido\/genericas\/guia%20didactica%20via%20augustaweb.pdf\" class=\"documento-btn\" target=\"_blank\" rel=\"noopener\">\n                <i class=\"fas fa-file-pdf\"><\/i> Descarregar PDF\n            <\/a>\n            <\/div>","protected":false},"excerpt":{"rendered":"<p>Aquesta breu guia did\u00e0ctica, orientada a un p\u00fablic en general, us ofereix la possibilitat de con\u00e8ixer una fita arqueol\u00f2gica de gran import\u00e0ncia a la Hisp\u00e0nia romana i, en general, al m\u00f3n rom\u00e0: la cal\u00e7ada que partint de Cadis arribava fins a Roma, coneguda com la Via Augusta. Al quadern aprendr\u00e0s com es constru\u00efa una cal\u00e7ada i tots els elements associats a ella. Ens centrarem a m\u00e9s en el recorregut per terres d&#039;Alacant i en els diferents ramals que hi havia a la nostra prov\u00edncia.<\/p>","protected":false},"featured_media":18775,"template":"","meta":{"kia_subtitle":""},"product_brand":[],"product_cat":[1717],"product_tag":[],"class_list":{"0":"post-18899","1":"product","2":"type-product","3":"status-publish","4":"has-post-thumbnail","6":"product_cat-guias-didacticas","8":"first","9":"instock","10":"virtual","11":"product-type-simple"},"meta_box":{"ia_expediente":"","ia_ano":"","ia_fechas_de_actuacion":"","ia_municipios_comarcas":"","ia_directores":"","ia_periodos_culturales":"","ia_tipos_de_intervencion":"","ia_equipo_tecnico":"","ia_autores":"","ia_promotores":"","ia_deposito_de_materiales":"","ia_coordenadas_utm":""},"_links":{"self":[{"href":"https:\/\/marqalicante-admin.qwair.com\/va\/wp-json\/wp\/v2\/product\/18899","targetHints":{"allow":["GET"]}}],"collection":[{"href":"https:\/\/marqalicante-admin.qwair.com\/va\/wp-json\/wp\/v2\/product"}],"about":[{"href":"https:\/\/marqalicante-admin.qwair.com\/va\/wp-json\/wp\/v2\/types\/product"}],"wp:featuredmedia":[{"embeddable":true,"href":"https:\/\/marqalicante-admin.qwair.com\/va\/wp-json\/wp\/v2\/media\/18775"}],"wp:attachment":[{"href":"https:\/\/marqalicante-admin.qwair.com\/va\/wp-json\/wp\/v2\/media?parent=18899"}],"wp:term":[{"taxonomy":"product_brand","embeddable":true,"href":"https:\/\/marqalicante-admin.qwair.com\/va\/wp-json\/wp\/v2\/product_brand?post=18899"},{"taxonomy":"product_cat","embeddable":true,"href":"https:\/\/marqalicante-admin.qwair.com\/va\/wp-json\/wp\/v2\/product_cat?post=18899"},{"taxonomy":"product_tag","embeddable":true,"href":"https:\/\/marqalicante-admin.qwair.com\/va\/wp-json\/wp\/v2\/product_tag?post=18899"}],"curies":[{"name":"wp","href":"https:\/\/api.w.org\/{rel}","templated":true}]}}