{"id":18896,"date":"2025-01-20T07:07:20","date_gmt":"2025-01-20T07:07:20","guid":{"rendered":"https:\/\/marqalicante-admin.qwair.com\/item\/revista-club-llumiq-no-27\/"},"modified":"2025-03-03T14:09:42","modified_gmt":"2025-03-03T14:09:42","slug":"revista-club-llumiq-no-27","status":"publish","type":"product","link":"https:\/\/marqalicante-admin.qwair.com\/va\/producte\/revista-club-llumiq-no-27\/","title":{"rendered":"REVISTA CLUB LLUMIQ N\u00ba 27"},"content":{"rendered":"<div class=\"documento-item\">\n                    <h2 class=\"documento-title\">Revisa Completa<\/h2>\n        \n        \n                    <a href=\"https:\/\/marqalicante.com\/contenido\/genericas\/REVISTAONLINE(1).pdf\" class=\"documento-btn\" target=\"_blank\" rel=\"noopener\">\n                <i class=\"fas fa-file-pdf\"><\/i> Descarregar PDF\n            <\/a>\n            <\/div>","protected":false},"excerpt":{"rendered":"<p>Aquest any celebrem el X Aniversari del MARQ i \u00e9s el moment ideal per recordar tot all\u00f2 que hem gaudit i compartit juntament amb milers de joves, que han participat i crescut amb nosaltres. Per aix\u00f2 editem un n\u00famero especial de la revista del Club Llumiq, on recopilem totes les activitats dutes a terme al llarg d&#039;aquests anys, amb les que tant ens hem divertit i amb les que tant hem apr\u00e8s sobre la nostra hist\u00f2ria i els nostres avantpassats. \u00e9s donem protagonisme als socis del club, a trav\u00e9s de la bonica hist\u00f2ria d&#039;una nena el nom de la qual t\u00e9 un vincle directe amb el nostre museu i el moment de la seva inauguraci\u00f3, ara fa deu anys.<\/p>","protected":false},"featured_media":18772,"template":"","meta":{"kia_subtitle":""},"product_brand":[],"product_cat":[1717],"product_tag":[],"class_list":{"0":"post-18896","1":"product","2":"type-product","3":"status-publish","4":"has-post-thumbnail","6":"product_cat-guias-didacticas","8":"first","9":"instock","10":"virtual","11":"product-type-simple"},"meta_box":{"ia_expediente":"","ia_ano":"","ia_fechas_de_actuacion":"","ia_municipios_comarcas":"","ia_directores":"","ia_periodos_culturales":"","ia_tipos_de_intervencion":"","ia_equipo_tecnico":"","ia_autores":"","ia_promotores":"","ia_deposito_de_materiales":"","ia_coordenadas_utm":""},"_links":{"self":[{"href":"https:\/\/marqalicante-admin.qwair.com\/va\/wp-json\/wp\/v2\/product\/18896","targetHints":{"allow":["GET"]}}],"collection":[{"href":"https:\/\/marqalicante-admin.qwair.com\/va\/wp-json\/wp\/v2\/product"}],"about":[{"href":"https:\/\/marqalicante-admin.qwair.com\/va\/wp-json\/wp\/v2\/types\/product"}],"wp:featuredmedia":[{"embeddable":true,"href":"https:\/\/marqalicante-admin.qwair.com\/va\/wp-json\/wp\/v2\/media\/18772"}],"wp:attachment":[{"href":"https:\/\/marqalicante-admin.qwair.com\/va\/wp-json\/wp\/v2\/media?parent=18896"}],"wp:term":[{"taxonomy":"product_brand","embeddable":true,"href":"https:\/\/marqalicante-admin.qwair.com\/va\/wp-json\/wp\/v2\/product_brand?post=18896"},{"taxonomy":"product_cat","embeddable":true,"href":"https:\/\/marqalicante-admin.qwair.com\/va\/wp-json\/wp\/v2\/product_cat?post=18896"},{"taxonomy":"product_tag","embeddable":true,"href":"https:\/\/marqalicante-admin.qwair.com\/va\/wp-json\/wp\/v2\/product_tag?post=18896"}],"curies":[{"name":"wp","href":"https:\/\/api.w.org\/{rel}","templated":true}]}}