{"id":18894,"date":"2025-01-20T07:07:19","date_gmt":"2025-01-20T07:07:19","guid":{"rendered":"https:\/\/marqalicante-admin.qwair.com\/item\/revista-club-llumiq-no26\/"},"modified":"2025-03-03T14:09:42","modified_gmt":"2025-03-03T14:09:42","slug":"revista-club-llumiq-no26","status":"publish","type":"product","link":"https:\/\/marqalicante-admin.qwair.com\/va\/producte\/revista-club-llumiq-no26\/","title":{"rendered":"REVISTA CLUB LLUMIQ N\u00ba26"},"content":{"rendered":"<div class=\"documento-item\">\n                    <h2 class=\"documento-title\">Revisa Completa<\/h2>\n        \n        \n                    <a href=\"https:\/\/marqalicante.com\/contenido\/genericas\/revista%20llumiq%2026%20on%20line.pdf\" class=\"documento-btn\" target=\"_blank\" rel=\"noopener\">\n                <i class=\"fas fa-file-pdf\"><\/i> Descarregar PDF\n            <\/a>\n            <\/div>","protected":false},"excerpt":{"rendered":"<p>Abril 2012. Compte amb m\u00e9s p\u00e0gines de continguts. A la introducci\u00f3 ens avan\u00e7a dades sobre el des\u00e8 aniversari del MARQ. A l&#039;apartat d&#039;Exposicions Temporals ens presenta la del Tresor dels B\u00e0rbars, la mostra de la Pintura Mural de Llorca i fa refer\u00e8ncia a la finalitzada de Vila Joiosa, Arqueologia i Museu. Com sempre, fa mem\u00f2ria d&#039;activitats passades (nadal), on socis i participants ens envien les seves impressions o imatges. Finalment, una petita refer\u00e8ncia a la Constituci\u00f3 de 1812, per complir-se ara el segon centenari, i que es pot vincular al nostre museu a trav\u00e9s de la sala de l&#039;Edat Moderna i Contempor\u00e0nia, a partir del seu bloc dels R\u00e8gims constitucionals 1808-1874.<\/p>","protected":false},"featured_media":18770,"template":"","meta":{"kia_subtitle":""},"product_brand":[],"product_cat":[1717],"product_tag":[],"class_list":{"0":"post-18894","1":"product","2":"type-product","3":"status-publish","4":"has-post-thumbnail","6":"product_cat-guias-didacticas","8":"first","9":"instock","10":"virtual","11":"product-type-simple"},"meta_box":{"ia_expediente":"","ia_ano":"","ia_fechas_de_actuacion":"","ia_municipios_comarcas":"","ia_directores":"","ia_periodos_culturales":"","ia_tipos_de_intervencion":"","ia_equipo_tecnico":"","ia_autores":"","ia_promotores":"","ia_deposito_de_materiales":"","ia_coordenadas_utm":""},"_links":{"self":[{"href":"https:\/\/marqalicante-admin.qwair.com\/va\/wp-json\/wp\/v2\/product\/18894","targetHints":{"allow":["GET"]}}],"collection":[{"href":"https:\/\/marqalicante-admin.qwair.com\/va\/wp-json\/wp\/v2\/product"}],"about":[{"href":"https:\/\/marqalicante-admin.qwair.com\/va\/wp-json\/wp\/v2\/types\/product"}],"wp:featuredmedia":[{"embeddable":true,"href":"https:\/\/marqalicante-admin.qwair.com\/va\/wp-json\/wp\/v2\/media\/18770"}],"wp:attachment":[{"href":"https:\/\/marqalicante-admin.qwair.com\/va\/wp-json\/wp\/v2\/media?parent=18894"}],"wp:term":[{"taxonomy":"product_brand","embeddable":true,"href":"https:\/\/marqalicante-admin.qwair.com\/va\/wp-json\/wp\/v2\/product_brand?post=18894"},{"taxonomy":"product_cat","embeddable":true,"href":"https:\/\/marqalicante-admin.qwair.com\/va\/wp-json\/wp\/v2\/product_cat?post=18894"},{"taxonomy":"product_tag","embeddable":true,"href":"https:\/\/marqalicante-admin.qwair.com\/va\/wp-json\/wp\/v2\/product_tag?post=18894"}],"curies":[{"name":"wp","href":"https:\/\/api.w.org\/{rel}","templated":true}]}}