{"id":18891,"date":"2025-01-20T07:07:18","date_gmt":"2025-01-20T07:07:18","guid":{"rendered":"https:\/\/marqalicante-admin.qwair.com\/item\/revista-club-llumiq-no-23\/"},"modified":"2025-03-03T14:09:41","modified_gmt":"2025-03-03T14:09:41","slug":"revista-club-llumiq-no-23","status":"publish","type":"product","link":"https:\/\/marqalicante-admin.qwair.com\/va\/producte\/revista-club-llumiq-no-23\/","title":{"rendered":"REVISTA CLUB LLUMIQ N\u00ba 23"},"content":{"rendered":"<div class=\"documento-item\">\n                    <h2 class=\"documento-title\">Revisa Completa<\/h2>\n        \n        \n                    <a href=\"https:\/\/marqalicante.com\/contenido\/genericas\/revista%20n23(1).pdf\" class=\"documento-btn\" target=\"_blank\" rel=\"noopener\">\n                <i class=\"fas fa-file-pdf\"><\/i> Descarregar PDF\n            <\/a>\n            <\/div>\n\n        \n    <div class=\"documento-item\">\n                    <h2 class=\"documento-title\">Activitats<\/h2>\n        \n        \n                    <a href=\"https:\/\/marqalicante.com\/contenido\/genericas\/PAG%20CENTRALES%20N23%20(2).pdf\" class=\"documento-btn\" target=\"_blank\" rel=\"noopener\">\n                <i class=\"fas fa-file-pdf\"><\/i> Descarregar PDF\n            <\/a>\n            <\/div>","protected":false},"excerpt":{"rendered":"<p>Juliol del 2011. La revista 23 ofereix un ampli reportatge sobre l&#039;exposici\u00f3 temporal del moment: Ermitage. Tresors de l&#039;arqueologia russa al MARQ i sobre les activitats d&#039;estiu, relacionades amb la mateixa exposici\u00f3 al museu, aix\u00ed com les que s&#039;ofereixen per a les fam\u00edlies als Parcs Arqueol\u00f2gics del MARQ. Tamb\u00e9 inclou informaci\u00f3 sobre una altra exposici\u00f3, la de la pe\u00e7a la Tabula d&#039;Ilici, i mem\u00f2ria d&#039;activitats passades com la Setmana Santa i el 18 de maig.<\/p>","protected":false},"featured_media":18767,"template":"","meta":{"kia_subtitle":""},"product_brand":[],"product_cat":[1717],"product_tag":[],"class_list":{"0":"post-18891","1":"product","2":"type-product","3":"status-publish","4":"has-post-thumbnail","6":"product_cat-guias-didacticas","8":"first","9":"instock","10":"virtual","11":"product-type-simple"},"meta_box":{"ia_expediente":"","ia_ano":"","ia_fechas_de_actuacion":"","ia_municipios_comarcas":"","ia_directores":"","ia_periodos_culturales":"","ia_tipos_de_intervencion":"","ia_equipo_tecnico":"","ia_autores":"","ia_promotores":"","ia_deposito_de_materiales":"","ia_coordenadas_utm":""},"_links":{"self":[{"href":"https:\/\/marqalicante-admin.qwair.com\/va\/wp-json\/wp\/v2\/product\/18891","targetHints":{"allow":["GET"]}}],"collection":[{"href":"https:\/\/marqalicante-admin.qwair.com\/va\/wp-json\/wp\/v2\/product"}],"about":[{"href":"https:\/\/marqalicante-admin.qwair.com\/va\/wp-json\/wp\/v2\/types\/product"}],"wp:featuredmedia":[{"embeddable":true,"href":"https:\/\/marqalicante-admin.qwair.com\/va\/wp-json\/wp\/v2\/media\/18767"}],"wp:attachment":[{"href":"https:\/\/marqalicante-admin.qwair.com\/va\/wp-json\/wp\/v2\/media?parent=18891"}],"wp:term":[{"taxonomy":"product_brand","embeddable":true,"href":"https:\/\/marqalicante-admin.qwair.com\/va\/wp-json\/wp\/v2\/product_brand?post=18891"},{"taxonomy":"product_cat","embeddable":true,"href":"https:\/\/marqalicante-admin.qwair.com\/va\/wp-json\/wp\/v2\/product_cat?post=18891"},{"taxonomy":"product_tag","embeddable":true,"href":"https:\/\/marqalicante-admin.qwair.com\/va\/wp-json\/wp\/v2\/product_tag?post=18891"}],"curies":[{"name":"wp","href":"https:\/\/api.w.org\/{rel}","templated":true}]}}