{"id":18884,"date":"2025-01-20T07:07:17","date_gmt":"2025-01-20T07:07:17","guid":{"rendered":"https:\/\/marqalicante-admin.qwair.com\/item\/revista-club-llumiq-no19\/"},"modified":"2025-03-03T14:09:40","modified_gmt":"2025-03-03T14:09:40","slug":"revista-club-llumiq-no19","status":"publish","type":"product","link":"https:\/\/marqalicante-admin.qwair.com\/va\/producte\/revista-club-llumiq-no19\/","title":{"rendered":"REVISTA CLUB LLUMIQ N\u00ba19"},"content":{"rendered":"<div class=\"documento-item\">\n                    <h2 class=\"documento-title\">Passatemps<\/h2>\n        \n        \n                    <a href=\"https:\/\/marqalicante.com\/contenido\/genericas\/PASATIEMPOS%20VERANO%202010(1).pdf\" class=\"documento-btn\" target=\"_blank\" rel=\"noopener\">\n                <i class=\"fas fa-file-pdf\"><\/i> Descarregar PDF\n            <\/a>\n            <\/div>","protected":false},"excerpt":{"rendered":"<p>Aquest n\u00famero recull l&#039;enorme oferta cultural per a nens que cada estiu el museu posa a disposici\u00f3 dels socis del Club Llumiq. En aquesta ocasi\u00f3 se centraran les activitats al m\u00f3n egipci amb motiu de l&#039;exposici\u00f3 temporal L&#039;ENIGMA DE LA M\u00d2MIA. EL RIT FUNERARI A L&#039;ANTIC EGIPTE. Tamb\u00e9 es dedica ampli reportatge a les activitats realitzades amb els centres educatius finalitzat el curs 2009\/2010: fotos, treballs, premis, etc.<\/p>","protected":false},"featured_media":18760,"template":"","meta":{"kia_subtitle":""},"product_brand":[],"product_cat":[1717],"product_tag":[],"class_list":{"0":"post-18884","1":"product","2":"type-product","3":"status-publish","4":"has-post-thumbnail","6":"product_cat-guias-didacticas","8":"first","9":"instock","10":"virtual","11":"product-type-simple"},"meta_box":{"ia_expediente":"","ia_ano":"","ia_fechas_de_actuacion":"","ia_municipios_comarcas":"","ia_directores":"","ia_periodos_culturales":"","ia_tipos_de_intervencion":"","ia_equipo_tecnico":"","ia_autores":"","ia_promotores":"","ia_deposito_de_materiales":"","ia_coordenadas_utm":""},"_links":{"self":[{"href":"https:\/\/marqalicante-admin.qwair.com\/va\/wp-json\/wp\/v2\/product\/18884","targetHints":{"allow":["GET"]}}],"collection":[{"href":"https:\/\/marqalicante-admin.qwair.com\/va\/wp-json\/wp\/v2\/product"}],"about":[{"href":"https:\/\/marqalicante-admin.qwair.com\/va\/wp-json\/wp\/v2\/types\/product"}],"wp:featuredmedia":[{"embeddable":true,"href":"https:\/\/marqalicante-admin.qwair.com\/va\/wp-json\/wp\/v2\/media\/18760"}],"wp:attachment":[{"href":"https:\/\/marqalicante-admin.qwair.com\/va\/wp-json\/wp\/v2\/media?parent=18884"}],"wp:term":[{"taxonomy":"product_brand","embeddable":true,"href":"https:\/\/marqalicante-admin.qwair.com\/va\/wp-json\/wp\/v2\/product_brand?post=18884"},{"taxonomy":"product_cat","embeddable":true,"href":"https:\/\/marqalicante-admin.qwair.com\/va\/wp-json\/wp\/v2\/product_cat?post=18884"},{"taxonomy":"product_tag","embeddable":true,"href":"https:\/\/marqalicante-admin.qwair.com\/va\/wp-json\/wp\/v2\/product_tag?post=18884"}],"curies":[{"name":"wp","href":"https:\/\/api.w.org\/{rel}","templated":true}]}}