{"id":18881,"date":"2025-01-20T07:07:16","date_gmt":"2025-01-20T07:07:16","guid":{"rendered":"https:\/\/marqalicante-admin.qwair.com\/item\/el-enigma-dela-momia-primaria-y-secundaria\/"},"modified":"2025-03-03T14:09:40","modified_gmt":"2025-03-03T14:09:40","slug":"el-enigma-dela-momia-primaria-y-secundaria","status":"publish","type":"product","link":"https:\/\/marqalicante-admin.qwair.com\/va\/producte\/el-enigma-dela-momia-primaria-y-secundaria\/","title":{"rendered":"L&#039;ENIGMA DE LA M\u00d2MIA\/ PRIM\u00c0RIA I SECUND\u00c0RIA"},"content":{"rendered":"<div class=\"documento-item\">\n                    <h2 class=\"documento-title\">Guia completa<\/h2>\n        \n        \n                    <a href=\"https:\/\/marqalicante.com\/contenido\/genericas\/seramon_CASTELLANO.pdf\" class=\"documento-btn\" target=\"_blank\" rel=\"noopener\">\n                <i class=\"fas fa-file-pdf\"><\/i> Descarregar PDF\n            <\/a>\n            <\/div>","protected":false},"excerpt":{"rendered":"<p>En aquesta guia did\u00e0ctica podr\u00e0s con\u00e8ixer tot all\u00f2 referent al m\u00f3n de la momificaci\u00f3 en la civilitzaci\u00f3 eg\u00edpcia: les t\u00e8cniques d&#039;embalsamament i la seva evoluci\u00f3, les creences al M\u00e9s enll\u00e0 i tot all\u00f2 relacionat amb el ritual i l&#039;aixovar funeraris. Coneixer\u00e0s tamb\u00e9 dos casos concrets: les m\u00f2mies d&#039;Ankhpakhered i del sacerdot Seramon, personatges egipcis que van viure a Tebes fa m\u00e9s de 2.500 anys.<\/p>","protected":false},"featured_media":18757,"template":"","meta":{"kia_subtitle":""},"product_brand":[],"product_cat":[1717],"product_tag":[],"class_list":{"0":"post-18881","1":"product","2":"type-product","3":"status-publish","4":"has-post-thumbnail","6":"product_cat-guias-didacticas","8":"first","9":"instock","10":"virtual","11":"product-type-simple"},"meta_box":{"ia_expediente":"","ia_ano":"","ia_fechas_de_actuacion":"","ia_municipios_comarcas":"","ia_directores":"","ia_periodos_culturales":"","ia_tipos_de_intervencion":"","ia_equipo_tecnico":"","ia_autores":"","ia_promotores":"","ia_deposito_de_materiales":"","ia_coordenadas_utm":""},"_links":{"self":[{"href":"https:\/\/marqalicante-admin.qwair.com\/va\/wp-json\/wp\/v2\/product\/18881","targetHints":{"allow":["GET"]}}],"collection":[{"href":"https:\/\/marqalicante-admin.qwair.com\/va\/wp-json\/wp\/v2\/product"}],"about":[{"href":"https:\/\/marqalicante-admin.qwair.com\/va\/wp-json\/wp\/v2\/types\/product"}],"wp:featuredmedia":[{"embeddable":true,"href":"https:\/\/marqalicante-admin.qwair.com\/va\/wp-json\/wp\/v2\/media\/18757"}],"wp:attachment":[{"href":"https:\/\/marqalicante-admin.qwair.com\/va\/wp-json\/wp\/v2\/media?parent=18881"}],"wp:term":[{"taxonomy":"product_brand","embeddable":true,"href":"https:\/\/marqalicante-admin.qwair.com\/va\/wp-json\/wp\/v2\/product_brand?post=18881"},{"taxonomy":"product_cat","embeddable":true,"href":"https:\/\/marqalicante-admin.qwair.com\/va\/wp-json\/wp\/v2\/product_cat?post=18881"},{"taxonomy":"product_tag","embeddable":true,"href":"https:\/\/marqalicante-admin.qwair.com\/va\/wp-json\/wp\/v2\/product_tag?post=18881"}],"curies":[{"name":"wp","href":"https:\/\/api.w.org\/{rel}","templated":true}]}}