{"id":18872,"date":"2025-01-20T07:07:14","date_gmt":"2025-01-20T07:07:14","guid":{"rendered":"https:\/\/marqalicante-admin.qwair.com\/item\/revista-club-llumiq-no13\/"},"modified":"2025-03-03T14:09:38","modified_gmt":"2025-03-03T14:09:38","slug":"revista-club-llumiq-no13","status":"publish","type":"product","link":"https:\/\/marqalicante-admin.qwair.com\/va\/producte\/revista-club-llumiq-no13\/","title":{"rendered":"REVISTA CLUB LLUMIQ N\u00ba13"},"content":{"rendered":"<div class=\"documento-item\">\n                    <h2 class=\"documento-title\">Passatemps<\/h2>\n        \n        \n                    <a href=\"https:\/\/marqalicante.com\/contenido\/genericas\/13-llumiqREVISTA%20LLUMIQ%20definitiva.pdf\" class=\"documento-btn\" target=\"_blank\" rel=\"noopener\">\n                <i class=\"fas fa-file-pdf\"><\/i> Descarregar PDF\n            <\/a>\n            <\/div>","protected":false},"excerpt":{"rendered":"<p>Gener de 2009. Presentem l&#039;\u00e0mplia programaci\u00f3 nadalenca; ampliem informaci\u00f3 sobre les dues exposicions temporals: Art\u00edfex. Enginyeria romana a Hisp\u00e0nia i Elda. Arqueologia i Museu. L&#039;altra exposici\u00f3 \u00e9s El Secreto del Fang, per al vest\u00edbul del museu, que substitueix el vaixell de Terracota. \u00c9s un recipient cer\u00e0mic de 6.600 anys d&#039;antiguitat. Dibuixos, fotos de socis i centres educatius completen el contingut de la revista 13.<\/p>","protected":false},"featured_media":18748,"template":"","meta":{"kia_subtitle":""},"product_brand":[],"product_cat":[1717],"product_tag":[],"class_list":{"0":"post-18872","1":"product","2":"type-product","3":"status-publish","4":"has-post-thumbnail","6":"product_cat-guias-didacticas","8":"first","9":"instock","10":"virtual","11":"product-type-simple"},"meta_box":{"ia_expediente":"","ia_ano":"","ia_fechas_de_actuacion":"","ia_municipios_comarcas":"","ia_directores":"","ia_periodos_culturales":"","ia_tipos_de_intervencion":"","ia_equipo_tecnico":"","ia_autores":"","ia_promotores":"","ia_deposito_de_materiales":"","ia_coordenadas_utm":""},"_links":{"self":[{"href":"https:\/\/marqalicante-admin.qwair.com\/va\/wp-json\/wp\/v2\/product\/18872","targetHints":{"allow":["GET"]}}],"collection":[{"href":"https:\/\/marqalicante-admin.qwair.com\/va\/wp-json\/wp\/v2\/product"}],"about":[{"href":"https:\/\/marqalicante-admin.qwair.com\/va\/wp-json\/wp\/v2\/types\/product"}],"wp:featuredmedia":[{"embeddable":true,"href":"https:\/\/marqalicante-admin.qwair.com\/va\/wp-json\/wp\/v2\/media\/18748"}],"wp:attachment":[{"href":"https:\/\/marqalicante-admin.qwair.com\/va\/wp-json\/wp\/v2\/media?parent=18872"}],"wp:term":[{"taxonomy":"product_brand","embeddable":true,"href":"https:\/\/marqalicante-admin.qwair.com\/va\/wp-json\/wp\/v2\/product_brand?post=18872"},{"taxonomy":"product_cat","embeddable":true,"href":"https:\/\/marqalicante-admin.qwair.com\/va\/wp-json\/wp\/v2\/product_cat?post=18872"},{"taxonomy":"product_tag","embeddable":true,"href":"https:\/\/marqalicante-admin.qwair.com\/va\/wp-json\/wp\/v2\/product_tag?post=18872"}],"curies":[{"name":"wp","href":"https:\/\/api.w.org\/{rel}","templated":true}]}}