{"id":18871,"date":"2025-01-20T07:07:14","date_gmt":"2025-01-20T07:07:14","guid":{"rendered":"https:\/\/marqalicante-admin.qwair.com\/item\/revista-club-llumiq-no12\/"},"modified":"2025-03-03T14:09:38","modified_gmt":"2025-03-03T14:09:38","slug":"revista-club-llumiq-no12","status":"publish","type":"product","link":"https:\/\/marqalicante-admin.qwair.com\/va\/producte\/revista-club-llumiq-no12\/","title":{"rendered":"REVISTA CLUB LLUMIQ N\u00ba12"},"content":{"rendered":"<div class=\"documento-item\">\n                    <h2 class=\"documento-title\">Revisa Completa<\/h2>\n        \n        \n                    <a href=\"https:\/\/marqalicante.com\/contenido\/genericas\/revista.pdf\" class=\"documento-btn\" target=\"_blank\" rel=\"noopener\">\n                <i class=\"fas fa-file-pdf\"><\/i> Descarregar PDF\n            <\/a>\n            <\/div>\n\n        \n    <div class=\"documento-item\">\n                    <h2 class=\"documento-title\">\u00bbPassatemps\u00bb<\/h2>\n        \n                    <p class=\"documento-subtitle\">\u00bb\u00bb<\/p>\n        \n                    <a href=\"\" class=\"documento-btn\">\n                <i class=\"fas fa-file-pdf\"><\/i> Descarregar PDF\n            <\/a>\n            <\/div>\n\n    .pdf\u00bb]<\/p>","protected":false},"excerpt":{"rendered":"<p>Octubre de 2008. A la tardor vam preparar el museu per a dues noves mostres: Art\u00edfex. Enginyeria romana a Hisp\u00e0nia i Elda. Arqueologia i Museu. Tamb\u00e9 un Vaixell de Terracota (Solcant el Temps) substitu\u00efa el B\u00e0cul i l&#039;Espada a l&#039;espai expositiu del vest\u00edbul del museu. F\u00e8iem refer\u00e8ncia als guanyadors dels projectes educatius ia la nova Guia d\u00b4Activitats Did\u00e0ctiques publicada i enviada a tots els centres educatius de la prov\u00edncia. Com sempre, els socis tenen espai i revivim els moments de l&#039;estiu passat.<\/p>","protected":false},"featured_media":18747,"template":"","meta":{"kia_subtitle":""},"product_brand":[],"product_cat":[1717],"product_tag":[],"class_list":{"0":"post-18871","1":"product","2":"type-product","3":"status-publish","4":"has-post-thumbnail","6":"product_cat-guias-didacticas","8":"first","9":"instock","10":"virtual","11":"product-type-simple"},"meta_box":{"ia_expediente":"","ia_ano":"","ia_fechas_de_actuacion":"","ia_municipios_comarcas":"","ia_directores":"","ia_periodos_culturales":"","ia_tipos_de_intervencion":"","ia_equipo_tecnico":"","ia_autores":"","ia_promotores":"","ia_deposito_de_materiales":"","ia_coordenadas_utm":""},"_links":{"self":[{"href":"https:\/\/marqalicante-admin.qwair.com\/va\/wp-json\/wp\/v2\/product\/18871","targetHints":{"allow":["GET"]}}],"collection":[{"href":"https:\/\/marqalicante-admin.qwair.com\/va\/wp-json\/wp\/v2\/product"}],"about":[{"href":"https:\/\/marqalicante-admin.qwair.com\/va\/wp-json\/wp\/v2\/types\/product"}],"wp:featuredmedia":[{"embeddable":true,"href":"https:\/\/marqalicante-admin.qwair.com\/va\/wp-json\/wp\/v2\/media\/18747"}],"wp:attachment":[{"href":"https:\/\/marqalicante-admin.qwair.com\/va\/wp-json\/wp\/v2\/media?parent=18871"}],"wp:term":[{"taxonomy":"product_brand","embeddable":true,"href":"https:\/\/marqalicante-admin.qwair.com\/va\/wp-json\/wp\/v2\/product_brand?post=18871"},{"taxonomy":"product_cat","embeddable":true,"href":"https:\/\/marqalicante-admin.qwair.com\/va\/wp-json\/wp\/v2\/product_cat?post=18871"},{"taxonomy":"product_tag","embeddable":true,"href":"https:\/\/marqalicante-admin.qwair.com\/va\/wp-json\/wp\/v2\/product_tag?post=18871"}],"curies":[{"name":"wp","href":"https:\/\/api.w.org\/{rel}","templated":true}]}}