{"id":18867,"date":"2025-01-20T07:07:12","date_gmt":"2025-01-20T07:07:12","guid":{"rendered":"https:\/\/marqalicante-admin.qwair.com\/item\/revista-club-llumiq-no8\/"},"modified":"2025-03-03T14:09:37","modified_gmt":"2025-03-03T14:09:37","slug":"revista-club-llumiq-no8","status":"publish","type":"product","link":"https:\/\/marqalicante-admin.qwair.com\/va\/producte\/revista-club-llumiq-no8\/","title":{"rendered":"REVISTA CLUB LLUMIQ N\u00ba8"},"content":{"rendered":"<div class=\"documento-item\">\n                    <h2 class=\"documento-title\">Passatemps<\/h2>\n        \n        \n                    <a href=\"https:\/\/marqalicante.com\/contenido\/genericas\/08-%20Llumiq%20n8.pdf\" class=\"documento-btn\" target=\"_blank\" rel=\"noopener\">\n                <i class=\"fas fa-file-pdf\"><\/i> Descarregar PDF\n            <\/a>\n            <\/div>","protected":false},"excerpt":{"rendered":"<p>Octubre de 2007. En aquesta ocasi\u00f3 dediquem moltes p\u00e0gines a les acabades vacances d&#039;estiu, ja que cada vegada la programaci\u00f3 \u00e9s m\u00e9s \u00e0mplia i tenim m\u00e9s coses per explicar. En aquest trimestre comptar\u00edem amb dues noves exposicions: Pompeia sota Pompeia i Fragilitat en el temps. El Vidre a l&#039;Antiguitat. Els centres escolars tamb\u00e9 compten amb el seu espai habitual, aix\u00ed com els socis per explicar-nos les an\u00e8cdotes. La Pe\u00e7a del n\u00fam. 8 \u00e9s l&#039;exvot iber de la Vila Joiosa, i tamb\u00e9 vam finalitzar amb un record un altre visitant especial: Babal\u00e0, de Canal 9.<\/p>","protected":false},"featured_media":18743,"template":"","meta":{"kia_subtitle":""},"product_brand":[],"product_cat":[1717],"product_tag":[],"class_list":{"0":"post-18867","1":"product","2":"type-product","3":"status-publish","4":"has-post-thumbnail","6":"product_cat-guias-didacticas","8":"first","9":"instock","10":"virtual","11":"product-type-simple"},"meta_box":{"ia_expediente":"","ia_ano":"","ia_fechas_de_actuacion":"","ia_municipios_comarcas":"","ia_directores":"","ia_periodos_culturales":"","ia_tipos_de_intervencion":"","ia_equipo_tecnico":"","ia_autores":"","ia_promotores":"","ia_deposito_de_materiales":"","ia_coordenadas_utm":""},"_links":{"self":[{"href":"https:\/\/marqalicante-admin.qwair.com\/va\/wp-json\/wp\/v2\/product\/18867","targetHints":{"allow":["GET"]}}],"collection":[{"href":"https:\/\/marqalicante-admin.qwair.com\/va\/wp-json\/wp\/v2\/product"}],"about":[{"href":"https:\/\/marqalicante-admin.qwair.com\/va\/wp-json\/wp\/v2\/types\/product"}],"wp:featuredmedia":[{"embeddable":true,"href":"https:\/\/marqalicante-admin.qwair.com\/va\/wp-json\/wp\/v2\/media\/18743"}],"wp:attachment":[{"href":"https:\/\/marqalicante-admin.qwair.com\/va\/wp-json\/wp\/v2\/media?parent=18867"}],"wp:term":[{"taxonomy":"product_brand","embeddable":true,"href":"https:\/\/marqalicante-admin.qwair.com\/va\/wp-json\/wp\/v2\/product_brand?post=18867"},{"taxonomy":"product_cat","embeddable":true,"href":"https:\/\/marqalicante-admin.qwair.com\/va\/wp-json\/wp\/v2\/product_cat?post=18867"},{"taxonomy":"product_tag","embeddable":true,"href":"https:\/\/marqalicante-admin.qwair.com\/va\/wp-json\/wp\/v2\/product_tag?post=18867"}],"curies":[{"name":"wp","href":"https:\/\/api.w.org\/{rel}","templated":true}]}}