{"id":18855,"date":"2025-01-20T07:07:10","date_gmt":"2025-01-20T07:07:10","guid":{"rendered":"https:\/\/marqalicante-admin.qwair.com\/item\/huellas-griegas-en-la-contestania-iberica-2\/"},"modified":"2025-03-03T14:09:35","modified_gmt":"2025-03-03T14:09:35","slug":"huellas-griegas-en-la-contestania-iberica-2","status":"publish","type":"product","link":"https:\/\/marqalicante-admin.qwair.com\/va\/producte\/huellas-griegas-en-la-contestania-iberica-2\/","title":{"rendered":"EMPREMTES GREGES A LA CONTEST\u00c0NIA IB\u00c8RICA"},"content":{"rendered":"<div class=\"documento-item\">\n        \n        \n                    <a href=\"https:\/\/marqalicante.com\/contenido\/genericas\/contestania_web_castellano.pdf\" class=\"documento-btn\" target=\"_blank\" rel=\"noopener\">\n                <i class=\"fas fa-file-pdf\"><\/i> Descarregar PDF\n            <\/a>\n            <\/div>","protected":false},"excerpt":{"rendered":"<p>La informaci\u00f3 i les activitats plantejades van dirigides tant al cicle d&#039;Educaci\u00f3 Prim\u00e0ria com Secund\u00e0ria. Aquest material did\u00e0ctic aporta continguts sobre la import\u00e0ncia que l&#039;empremta grega va deixar en el desenvolupament de la cultura ib\u00e8rica: l&#039;escriptura, la moneda, l&#039;escultura ib\u00e8rica, la cer\u00e0mica. Hi apareix un apartat especial sobre la cer\u00e0mica \u00e0tica (els seus tipus principals i les seves t\u00e8cniques d&#039;elaboraci\u00f3).<\/p>","protected":false},"featured_media":18731,"template":"","meta":{"kia_subtitle":""},"product_brand":[],"product_cat":[1717],"product_tag":[],"class_list":{"0":"post-18855","1":"product","2":"type-product","3":"status-publish","4":"has-post-thumbnail","6":"product_cat-guias-didacticas","8":"first","9":"instock","10":"virtual","11":"product-type-simple"},"meta_box":{"ia_expediente":"","ia_ano":"","ia_fechas_de_actuacion":"","ia_municipios_comarcas":"","ia_directores":"","ia_periodos_culturales":"","ia_tipos_de_intervencion":"","ia_equipo_tecnico":"","ia_autores":"","ia_promotores":"","ia_deposito_de_materiales":"","ia_coordenadas_utm":""},"_links":{"self":[{"href":"https:\/\/marqalicante-admin.qwair.com\/va\/wp-json\/wp\/v2\/product\/18855","targetHints":{"allow":["GET"]}}],"collection":[{"href":"https:\/\/marqalicante-admin.qwair.com\/va\/wp-json\/wp\/v2\/product"}],"about":[{"href":"https:\/\/marqalicante-admin.qwair.com\/va\/wp-json\/wp\/v2\/types\/product"}],"wp:featuredmedia":[{"embeddable":true,"href":"https:\/\/marqalicante-admin.qwair.com\/va\/wp-json\/wp\/v2\/media\/18731"}],"wp:attachment":[{"href":"https:\/\/marqalicante-admin.qwair.com\/va\/wp-json\/wp\/v2\/media?parent=18855"}],"wp:term":[{"taxonomy":"product_brand","embeddable":true,"href":"https:\/\/marqalicante-admin.qwair.com\/va\/wp-json\/wp\/v2\/product_brand?post=18855"},{"taxonomy":"product_cat","embeddable":true,"href":"https:\/\/marqalicante-admin.qwair.com\/va\/wp-json\/wp\/v2\/product_cat?post=18855"},{"taxonomy":"product_tag","embeddable":true,"href":"https:\/\/marqalicante-admin.qwair.com\/va\/wp-json\/wp\/v2\/product_tag?post=18855"}],"curies":[{"name":"wp","href":"https:\/\/api.w.org\/{rel}","templated":true}]}}