{"id":18854,"date":"2025-01-20T07:07:09","date_gmt":"2025-01-20T07:07:09","guid":{"rendered":"https:\/\/marqalicante-admin.qwair.com\/item\/la-belleza-del-cuerpo-arte-y-pensamiento-en-la-grecia-antigua\/"},"modified":"2025-03-03T14:09:35","modified_gmt":"2025-03-03T14:09:35","slug":"la-belleza-del-cuerpo-arte-y-pensamiento-en-la-grecia-antigua","status":"publish","type":"product","link":"https:\/\/marqalicante-admin.qwair.com\/va\/producte\/la-belleza-del-cuerpo-arte-y-pensamiento-en-la-grecia-antigua\/","title":{"rendered":"LA BELLESA DEL COS. ART I PENSAMENT A LA GR\u00c8CIA ANTIGA"},"content":{"rendered":"<div class=\"documento-item\">\n        \n        \n                    <a href=\"https:\/\/marqalicante.com\/contenido\/genericas\/Labelleza_castellano_claro.pdf\" class=\"documento-btn\" target=\"_blank\" rel=\"noopener\">\n                <i class=\"fas fa-file-pdf\"><\/i> Descarregar PDF\n            <\/a>\n            <\/div>","protected":false},"excerpt":{"rendered":"<p>La informaci\u00f3 i les activitats plantejades van dirigides fonamentalment a l&#039;etapa d&#039;Educaci\u00f3 Secund\u00e0ria Obligat\u00f2ria ia Batxillerat. Aquest material did\u00e0ctic sintetitza quatre blocs tem\u00e0tics sobre la Gr\u00e8cia Antiga: evoluci\u00f3 de l&#039;ideal mascul\u00ed i femen\u00ed de bellesa; Vida quotidiana; Jocs ol\u00edmpics antics amb informaci\u00f3 detallada sobre els atletes i les proves esportives; Religi\u00f3 i mitologia. Aquest esquema es complementa amb una introducci\u00f3 pr\u00e8via sobre el context geogr\u00e0fic i una pinzellades sobre art grecs. Les activitats en aquest cas estan concebudes com a proves d&#039;una Olimp\u00edada amb puntuacions en cadascuna que donaran una nota total i per tant l&#039;adjudicaci\u00f3 d&#039;una medalla.<\/p>","protected":false},"featured_media":18730,"template":"","meta":{"kia_subtitle":""},"product_brand":[],"product_cat":[1717],"product_tag":[],"class_list":{"0":"post-18854","1":"product","2":"type-product","3":"status-publish","4":"has-post-thumbnail","6":"product_cat-guias-didacticas","8":"first","9":"instock","10":"virtual","11":"product-type-simple"},"meta_box":{"ia_expediente":"","ia_ano":"","ia_fechas_de_actuacion":"","ia_municipios_comarcas":"","ia_directores":"","ia_periodos_culturales":"","ia_tipos_de_intervencion":"","ia_equipo_tecnico":"","ia_autores":"","ia_promotores":"","ia_deposito_de_materiales":"","ia_coordenadas_utm":""},"_links":{"self":[{"href":"https:\/\/marqalicante-admin.qwair.com\/va\/wp-json\/wp\/v2\/product\/18854","targetHints":{"allow":["GET"]}}],"collection":[{"href":"https:\/\/marqalicante-admin.qwair.com\/va\/wp-json\/wp\/v2\/product"}],"about":[{"href":"https:\/\/marqalicante-admin.qwair.com\/va\/wp-json\/wp\/v2\/types\/product"}],"wp:featuredmedia":[{"embeddable":true,"href":"https:\/\/marqalicante-admin.qwair.com\/va\/wp-json\/wp\/v2\/media\/18730"}],"wp:attachment":[{"href":"https:\/\/marqalicante-admin.qwair.com\/va\/wp-json\/wp\/v2\/media?parent=18854"}],"wp:term":[{"taxonomy":"product_brand","embeddable":true,"href":"https:\/\/marqalicante-admin.qwair.com\/va\/wp-json\/wp\/v2\/product_brand?post=18854"},{"taxonomy":"product_cat","embeddable":true,"href":"https:\/\/marqalicante-admin.qwair.com\/va\/wp-json\/wp\/v2\/product_cat?post=18854"},{"taxonomy":"product_tag","embeddable":true,"href":"https:\/\/marqalicante-admin.qwair.com\/va\/wp-json\/wp\/v2\/product_tag?post=18854"}],"curies":[{"name":"wp","href":"https:\/\/api.w.org\/{rel}","templated":true}]}}