{"id":18850,"date":"2025-01-20T07:07:08","date_gmt":"2025-01-20T07:07:08","guid":{"rendered":"https:\/\/marqalicante-admin.qwair.com\/item\/los-escitas-de-tuva\/"},"modified":"2025-03-03T14:09:35","modified_gmt":"2025-03-03T14:09:35","slug":"los-escitas-de-tuva","status":"publish","type":"product","link":"https:\/\/marqalicante-admin.qwair.com\/va\/producte\/los-escitas-de-tuva\/","title":{"rendered":"ELS ESCITES DE TUV\u00c0"},"content":{"rendered":"<div class=\"documento-item\">\n        \n        \n                    <a href=\"https:\/\/marqalicante.com\/contenido\/genericas\/ESCITAS_castellano_web.pdf\" class=\"documento-btn\" target=\"_blank\" rel=\"noopener\">\n                <i class=\"fas fa-file-pdf\"><\/i> Descarregar PDF\n            <\/a>\n            <\/div>","protected":false},"excerpt":{"rendered":"<p>A trav\u00e9s de la Guia Did\u00e0ctica i mitjan\u00e7ant jocs, reflexions, pr\u00e0ctiques i accions adaptades a Prim\u00e0ria, Secund\u00e0ria i Batxillerat els m\u00e9s joves podran con\u00e8ixer des de la Prehist\u00f2ria fins a l&#039;\u00e8poca escita a la regi\u00f3 de Tuv\u00e0, a l&#039;\u00c0sia Central.5 euros<\/p>","protected":false},"featured_media":18726,"template":"","meta":{"kia_subtitle":""},"product_brand":[],"product_cat":[1717],"product_tag":[],"class_list":{"0":"post-18850","1":"product","2":"type-product","3":"status-publish","4":"has-post-thumbnail","6":"product_cat-guias-didacticas","8":"first","9":"instock","10":"virtual","11":"product-type-simple"},"meta_box":{"ia_expediente":"","ia_ano":"","ia_fechas_de_actuacion":"","ia_municipios_comarcas":"","ia_directores":"","ia_periodos_culturales":"","ia_tipos_de_intervencion":"","ia_equipo_tecnico":"","ia_autores":"","ia_promotores":"","ia_deposito_de_materiales":"","ia_coordenadas_utm":""},"_links":{"self":[{"href":"https:\/\/marqalicante-admin.qwair.com\/va\/wp-json\/wp\/v2\/product\/18850","targetHints":{"allow":["GET"]}}],"collection":[{"href":"https:\/\/marqalicante-admin.qwair.com\/va\/wp-json\/wp\/v2\/product"}],"about":[{"href":"https:\/\/marqalicante-admin.qwair.com\/va\/wp-json\/wp\/v2\/types\/product"}],"wp:featuredmedia":[{"embeddable":true,"href":"https:\/\/marqalicante-admin.qwair.com\/va\/wp-json\/wp\/v2\/media\/18726"}],"wp:attachment":[{"href":"https:\/\/marqalicante-admin.qwair.com\/va\/wp-json\/wp\/v2\/media?parent=18850"}],"wp:term":[{"taxonomy":"product_brand","embeddable":true,"href":"https:\/\/marqalicante-admin.qwair.com\/va\/wp-json\/wp\/v2\/product_brand?post=18850"},{"taxonomy":"product_cat","embeddable":true,"href":"https:\/\/marqalicante-admin.qwair.com\/va\/wp-json\/wp\/v2\/product_cat?post=18850"},{"taxonomy":"product_tag","embeddable":true,"href":"https:\/\/marqalicante-admin.qwair.com\/va\/wp-json\/wp\/v2\/product_tag?post=18850"}],"curies":[{"name":"wp","href":"https:\/\/api.w.org\/{rel}","templated":true}]}}