{"id":18844,"date":"2025-01-20T07:07:07","date_gmt":"2025-01-20T07:07:07","guid":{"rendered":"https:\/\/marqalicante-admin.qwair.com\/item\/tesoros-arqueologicos-de-chipre-del-museo-mediterraneo-de-estocolmo\/"},"modified":"2025-03-03T14:09:33","modified_gmt":"2025-03-03T14:09:33","slug":"tesoros-arqueologicos-de-chipre-del-museo-mediterraneo-de-estocolmo","status":"publish","type":"product","link":"https:\/\/marqalicante-admin.qwair.com\/va\/producte\/tesoros-arqueologicos-de-chipre-del-museo-mediterraneo-de-estocolmo\/","title":{"rendered":"TRESORS ARQUEOL\u00d2GICS DE XIPRE DEL MUSEU MEDITERRANI D&#039;ESTOCOLM"},"content":{"rendered":"<div class=\"documento-item\">\n        \n        \n                    <a href=\"https:\/\/marqalicante.com\/contenido\/genericas\/Chipre.pdf\" class=\"documento-btn\" target=\"_blank\" rel=\"noopener\">\n                <i class=\"fas fa-file-pdf\"><\/i> Descarregar PDF\n            <\/a>\n            <\/div>","protected":false},"excerpt":{"rendered":"<p>Guia Did\u00e0ctica per a segon i tercer cicle d&#039;Educaci\u00f3 Prim\u00e0ria i per a l&#039;ESO Les activitats plantejades s\u00f3n d&#039;observaci\u00f3 i investigaci\u00f3; mitjan\u00e7ant una s\u00e8rie de pistes descriptives els\/les alumnes han de ser capa\u00e7os d&#039;esbrinar la pe\u00e7a arqueol\u00f2gica en q\u00fcesti\u00f3. Aquest material did\u00e0ctic ajudar\u00e0 els escolars a descobrir l&#039;illa de Xipre com a lloc de trobada i encreuament de civilitzacions aix\u00ed com una idea m\u00e9s clara sobre l&#039;arqueologia xipriota.<\/p>","protected":false},"featured_media":18720,"template":"","meta":{"kia_subtitle":""},"product_brand":[],"product_cat":[1717],"product_tag":[],"class_list":{"0":"post-18844","1":"product","2":"type-product","3":"status-publish","4":"has-post-thumbnail","6":"product_cat-guias-didacticas","8":"first","9":"instock","10":"virtual","11":"product-type-simple"},"meta_box":{"ia_expediente":"","ia_ano":"","ia_fechas_de_actuacion":"","ia_municipios_comarcas":"","ia_directores":"","ia_periodos_culturales":"","ia_tipos_de_intervencion":"","ia_equipo_tecnico":"","ia_autores":"","ia_promotores":"","ia_deposito_de_materiales":"","ia_coordenadas_utm":""},"_links":{"self":[{"href":"https:\/\/marqalicante-admin.qwair.com\/va\/wp-json\/wp\/v2\/product\/18844","targetHints":{"allow":["GET"]}}],"collection":[{"href":"https:\/\/marqalicante-admin.qwair.com\/va\/wp-json\/wp\/v2\/product"}],"about":[{"href":"https:\/\/marqalicante-admin.qwair.com\/va\/wp-json\/wp\/v2\/types\/product"}],"wp:featuredmedia":[{"embeddable":true,"href":"https:\/\/marqalicante-admin.qwair.com\/va\/wp-json\/wp\/v2\/media\/18720"}],"wp:attachment":[{"href":"https:\/\/marqalicante-admin.qwair.com\/va\/wp-json\/wp\/v2\/media?parent=18844"}],"wp:term":[{"taxonomy":"product_brand","embeddable":true,"href":"https:\/\/marqalicante-admin.qwair.com\/va\/wp-json\/wp\/v2\/product_brand?post=18844"},{"taxonomy":"product_cat","embeddable":true,"href":"https:\/\/marqalicante-admin.qwair.com\/va\/wp-json\/wp\/v2\/product_cat?post=18844"},{"taxonomy":"product_tag","embeddable":true,"href":"https:\/\/marqalicante-admin.qwair.com\/va\/wp-json\/wp\/v2\/product_tag?post=18844"}],"curies":[{"name":"wp","href":"https:\/\/api.w.org\/{rel}","templated":true}]}}