{"id":18711,"date":"2025-01-20T06:01:55","date_gmt":"2025-01-20T06:01:55","guid":{"rendered":"https:\/\/marqalicante-admin.qwair.com\/item\/la-illeta-dels-banyets-el-campello-alicante-alacant-guia-arqueologica-guia-arqueologica-archaeological-guide\/"},"modified":"2025-06-04T16:33:30","modified_gmt":"2025-06-04T16:33:30","slug":"la-illeta-dels-banyets-el-campello-alicante-alacant-guia-arqueologica-guia-arqueologica-archaeological-guide","status":"publish","type":"product","link":"https:\/\/marqalicante-admin.qwair.com\/va\/producte\/la-illeta-dels-banyets-el-campello-alicante-alacant-guia-arqueologica-guia-arqueologica-archaeological-guide\/","title":{"rendered":"La Illeta dels Banyets, El Campello (Alacant\/Alacant). Guia Arqueol\u00f2gica\/ Guia Arqueol\u00f2gica\/ Archaeological Guide"},"content":{"rendered":"","protected":false},"excerpt":{"rendered":"<p>Guia arqueol\u00f2gica del jaciment de la Illeta dels Banyets (El Campello, Alacant) on s&#039;ofereix una informaci\u00f3 detallada sobre les ocupacions d&#039;\u00e8poca prehist\u00f2rica, ib\u00e8rica i romana d&#039;aquest important enclavament costaner.<\/p>","protected":false},"featured_media":18536,"template":"","meta":{"kia_subtitle":""},"product_brand":[],"product_cat":[1397],"product_tag":[],"class_list":{"0":"post-18711","1":"product","2":"type-product","3":"status-publish","4":"has-post-thumbnail","6":"product_cat-publicaciones","8":"first","9":"instock","10":"virtual","11":"product-type-simple"},"meta_box":{"ia_expediente":"","ia_ano":"","ia_fechas_de_actuacion":"","ia_municipios_comarcas":"","ia_directores":"","ia_periodos_culturales":"","ia_tipos_de_intervencion":"","ia_equipo_tecnico":"","ia_autores":"","ia_promotores":"","ia_deposito_de_materiales":"","ia_coordenadas_utm":""},"_links":{"self":[{"href":"https:\/\/marqalicante-admin.qwair.com\/va\/wp-json\/wp\/v2\/product\/18711","targetHints":{"allow":["GET"]}}],"collection":[{"href":"https:\/\/marqalicante-admin.qwair.com\/va\/wp-json\/wp\/v2\/product"}],"about":[{"href":"https:\/\/marqalicante-admin.qwair.com\/va\/wp-json\/wp\/v2\/types\/product"}],"wp:featuredmedia":[{"embeddable":true,"href":"https:\/\/marqalicante-admin.qwair.com\/va\/wp-json\/wp\/v2\/media\/18536"}],"wp:attachment":[{"href":"https:\/\/marqalicante-admin.qwair.com\/va\/wp-json\/wp\/v2\/media?parent=18711"}],"wp:term":[{"taxonomy":"product_brand","embeddable":true,"href":"https:\/\/marqalicante-admin.qwair.com\/va\/wp-json\/wp\/v2\/product_brand?post=18711"},{"taxonomy":"product_cat","embeddable":true,"href":"https:\/\/marqalicante-admin.qwair.com\/va\/wp-json\/wp\/v2\/product_cat?post=18711"},{"taxonomy":"product_tag","embeddable":true,"href":"https:\/\/marqalicante-admin.qwair.com\/va\/wp-json\/wp\/v2\/product_tag?post=18711"}],"curies":[{"name":"wp","href":"https:\/\/api.w.org\/{rel}","templated":true}]}}