{"id":18708,"date":"2025-02-03T07:09:32","date_gmt":"2025-02-03T07:09:32","guid":{"rendered":"https:\/\/marqalicante-admin.qwair.com\/item\/marq-arqueologia-y-museos-13-2\/"},"modified":"2025-06-04T16:33:30","modified_gmt":"2025-06-04T16:33:30","slug":"marq-arqueologia-y-museos-13-2","status":"publish","type":"product","link":"https:\/\/marqalicante-admin.qwair.com\/va\/producte\/marq-arqueologia-y-museos-13-2\/","title":{"rendered":"MARQ, ARQUEOLOGIA I MUSEUS 13"},"content":{"rendered":"<div class=\"documento-item\">\n                    <h2 class=\"documento-title\">L&#039;Argar 1991<\/h2>\n        \n                    <p class=\"documento-subtitle\">Hermanfrid Schubart i Dirce Marzoli, amb contribucions de Corina Liesau, Hans-Gert Bachmann, Rafael Pozo Mar\u00edn, Hans-Peter Stikay Bettina Jurich<\/p>\n        \n                    <a href=\"\/wp-content\/uploads\/2025\/01\/publi-revistas\/pub_216.pdf\" class=\"documento-btn\">\n                <i class=\"fas fa-file-pdf\"><\/i> Descarregar PDF\n            <\/a>\n            <\/div>\n\n        \n    <div class=\"documento-item\">\n                    <h2 class=\"documento-title\">Noves aportacions a l&#039;estudi de la producci\u00f3 t\u00e8xtil arg\u00e0rica: les peses de teler de Laderas del Castillo<\/h2>\n        \n                    <p class=\"documento-subtitle\">Ricardo E. Basso Rial<\/p>\n        \n                    <a href=\"\/wp-content\/uploads\/2025\/01\/publi-revistas\/pub_217.pdf\" class=\"documento-btn\">\n                <i class=\"fas fa-file-pdf\"><\/i> Descarregar PDF\n            <\/a>\n            <\/div>\n\n        \n    <div class=\"documento-item\">\n                    <h2 class=\"documento-title\">Excavacions al jaciment de Cap Prim (X\u00e0bia, Alacant). Primers resultats<\/h2>\n        \n                    <p class=\"documento-subtitle\">Marc A. Esquembre Bebia, Joaquim Bolufer Marqu\u00e8s, Josep Ramon Ortega P\u00e9rez, Joan De D\u00e9u Boronat Soler, Eloi Poveda, Adri\u00e0 Esquembre Sell\u00e9s<\/p>\n        \n                    <a href=\"\/wp-content\/uploads\/2025\/01\/publi-revistas\/pub_218.pdf\" class=\"documento-btn\">\n                <i class=\"fas fa-file-pdf\"><\/i> Descarregar PDF\n            <\/a>\n            <\/div>\n\n        \n    <div class=\"documento-item\">\n                    <h2 class=\"documento-title\">Sobre les restes constructives de terra en arqueologia i la metodologia per al seu estudi macrosc\u00f2pic<\/h2>\n        \n                    <p class=\"documento-subtitle\">Maria Pastor Quiles<\/p>\n        \n                    <a href=\"\/wp-content\/uploads\/2025\/01\/publi-revistas\/pub_219.pdf\" class=\"documento-btn\">\n                <i class=\"fas fa-file-pdf\"><\/i> Descarregar PDF\n            <\/a>\n            <\/div>\n\n        \n    <div class=\"documento-item\">\n                    <h2 class=\"documento-title\">Recuperaci\u00f3 i posada en valor de tres fermalls de cintur\u00f3 de bronze de la necr\u00f2polis de l&#039;Albufereta (Alacant) a partir del proc\u00e9s de restauraci\u00f3<\/h2>\n        \n                    <p class=\"documento-subtitle\">Enric Verd\u00fa Parra, Tatiana Maria Mart\u00ednez Riera, S\u00edlvia Roca Alberola<\/p>\n        \n                    <a href=\"\/wp-content\/uploads\/2025\/01\/publi-revistas\/pub_220.pdf\" class=\"documento-btn\">\n                <i class=\"fas fa-file-pdf\"><\/i> Descarregar PDF\n            <\/a>\n            <\/div>\n\n        \n    <div class=\"documento-item\">\n                    <h2 class=\"documento-title\">El poblament rural andalus\u00ed a la vall mitjana del Vinalop\u00f3: Resultats de les prospeccions arqueol\u00f2giques a l&#039;Alqueria de Pu\u00e7a (Petrer, Alacant)<\/h2>\n        \n                    <p class=\"documento-subtitle\">Jos\u00e9 Mar\u00eda Moreno Narganes, Joaqu\u00edn Pina Mira, Pere Jos\u00e9 Saura Gil, Ferran E. Tender Fern\u00e1ndez, Jos\u00e9 Daniel Busquier L\u00f3pez, Arturo Garc\u00eda L\u00f3pez, Raquel P\u00e9rez Serrano<\/p>\n        \n                    <a href=\"\/wp-content\/uploads\/2025\/01\/publi-revistas\/pub_221.pdf\" class=\"documento-btn\">\n                <i class=\"fas fa-file-pdf\"><\/i> Descarregar PDF\n            <\/a>\n            <\/div>\n\n        \n    <div class=\"documento-item\">\n                    <h2 class=\"documento-title\">Arqueologia del paisatge defensiu costaner. El sistema geogr\u00e0fic de les torres-vigia de la Mediterr\u00e0nia<\/h2>\n        \n                    <p class=\"documento-subtitle\">Marina Perals Parra<\/p>\n        \n                    <a href=\"\/wp-content\/uploads\/2025\/01\/publi-revistas\/pub_222.pdf\" class=\"documento-btn\">\n                <i class=\"fas fa-file-pdf\"><\/i> Descarregar PDF\n            <\/a>\n            <\/div>\n\n        \n    <div class=\"documento-item\">\n                    <h2 class=\"documento-title\">MARQ. Noticiari arqueol\u00f2gic 2021<\/h2>\n        \n                    <p class=\"documento-subtitle\">VVAA<\/p>\n        \n                    <a href=\"\/wp-content\/uploads\/2025\/01\/publi-revistas\/pub_223.pdf\" class=\"documento-btn\">\n                <i class=\"fas fa-file-pdf\"><\/i> Descarregar PDF\n            <\/a>\n            <\/div>\n\n        \n    <div class=\"documento-item\">\n                    <h2 class=\"documento-title\">MARQ. Mem\u00f2ria d&#039;Activitats 2021<\/h2>\n        \n                    <p class=\"documento-subtitle\">Equip t\u00e8cnic del MARQ<\/p>\n        \n                    <a href=\"\/wp-content\/uploads\/2025\/01\/publi-revistas\/pub_224.pdf\" class=\"documento-btn\">\n                <i class=\"fas fa-file-pdf\"><\/i> Descarregar PDF\n            <\/a>\n            <\/div>","protected":false},"excerpt":{"rendered":"<p>Publicaci\u00f3 peri\u00f2dica i sistem\u00e0tica sobre els treballs de recerca arqueol\u00f2gica amb articles centrats en la pr\u00e0ctica pr\u00f2pia dels museus, per donar a con\u00e8ixer la investigaci\u00f3 del ric patrimoni arqueol\u00f2gic d&#039;Alacant.<\/p>","protected":false},"featured_media":18533,"template":"","meta":{"kia_subtitle":""},"product_brand":[],"product_cat":[1365],"product_tag":[],"class_list":{"0":"post-18708","1":"product","2":"type-product","3":"status-publish","4":"has-post-thumbnail","6":"product_cat-marq-arqueologia-y-museos","8":"first","9":"instock","10":"virtual","11":"product-type-simple"},"meta_box":{"ia_expediente":"","ia_ano":"","ia_fechas_de_actuacion":"","ia_municipios_comarcas":"","ia_directores":"","ia_periodos_culturales":"","ia_tipos_de_intervencion":"","ia_equipo_tecnico":"","ia_autores":"","ia_promotores":"","ia_deposito_de_materiales":"","ia_coordenadas_utm":""},"_links":{"self":[{"href":"https:\/\/marqalicante-admin.qwair.com\/va\/wp-json\/wp\/v2\/product\/18708","targetHints":{"allow":["GET"]}}],"collection":[{"href":"https:\/\/marqalicante-admin.qwair.com\/va\/wp-json\/wp\/v2\/product"}],"about":[{"href":"https:\/\/marqalicante-admin.qwair.com\/va\/wp-json\/wp\/v2\/types\/product"}],"wp:featuredmedia":[{"embeddable":true,"href":"https:\/\/marqalicante-admin.qwair.com\/va\/wp-json\/wp\/v2\/media\/18533"}],"wp:attachment":[{"href":"https:\/\/marqalicante-admin.qwair.com\/va\/wp-json\/wp\/v2\/media?parent=18708"}],"wp:term":[{"taxonomy":"product_brand","embeddable":true,"href":"https:\/\/marqalicante-admin.qwair.com\/va\/wp-json\/wp\/v2\/product_brand?post=18708"},{"taxonomy":"product_cat","embeddable":true,"href":"https:\/\/marqalicante-admin.qwair.com\/va\/wp-json\/wp\/v2\/product_cat?post=18708"},{"taxonomy":"product_tag","embeddable":true,"href":"https:\/\/marqalicante-admin.qwair.com\/va\/wp-json\/wp\/v2\/product_tag?post=18708"}],"curies":[{"name":"wp","href":"https:\/\/api.w.org\/{rel}","templated":true}]}}