{"id":18707,"date":"2025-01-20T06:01:54","date_gmt":"2025-01-20T06:01:54","guid":{"rendered":"https:\/\/marqalicante-admin.qwair.com\/item\/cova-de-lor-museo-de-sitio\/"},"modified":"2025-06-04T16:33:30","modified_gmt":"2025-06-04T16:33:30","slug":"cova-de-lor-museo-de-sitio","status":"publish","type":"product","link":"https:\/\/marqalicante-admin.qwair.com\/va\/producte\/cova-de-lor-museo-de-sitio\/","title":{"rendered":"Cova de l&#039;Or. Museu de lloc"},"content":{"rendered":"","protected":false},"excerpt":{"rendered":"<p>El llibre recull un ampli conjunt d&#039;articles en qu\u00e8 s&#039;aborden totes les tem\u00e0tiques relacionades amb l&#039;estudi d&#039;aquesta cavitat important, jaciment referencial per al neol\u00edtic no nom\u00e9s de la pen\u00ednsula ib\u00e8rica sin\u00f3 fins i tot de tot Europa. A m\u00e9s d&#039;una explicaci\u00f3 detallada de les accions realitzades per a la posada en valor del jaciment, un nodrit grup d&#039;investigadors de disciplines molt diverses ofereixen els \u00faltims resultats dels seus treballs sobre l&#039;entorn, la hist\u00f2ria de la recerca i l&#039;an\u00e0lisi de les nombroses restes arqueol\u00f2giques recuperades.<\/p>","protected":false},"featured_media":18532,"template":"","meta":{"kia_subtitle":""},"product_brand":[],"product_cat":[1397],"product_tag":[],"class_list":{"0":"post-18707","1":"product","2":"type-product","3":"status-publish","4":"has-post-thumbnail","6":"product_cat-publicaciones","8":"first","9":"instock","10":"virtual","11":"product-type-simple"},"meta_box":{"ia_expediente":"","ia_ano":"","ia_fechas_de_actuacion":"","ia_municipios_comarcas":"","ia_directores":"","ia_periodos_culturales":"","ia_tipos_de_intervencion":"","ia_equipo_tecnico":"","ia_autores":"","ia_promotores":"","ia_deposito_de_materiales":"","ia_coordenadas_utm":""},"_links":{"self":[{"href":"https:\/\/marqalicante-admin.qwair.com\/va\/wp-json\/wp\/v2\/product\/18707","targetHints":{"allow":["GET"]}}],"collection":[{"href":"https:\/\/marqalicante-admin.qwair.com\/va\/wp-json\/wp\/v2\/product"}],"about":[{"href":"https:\/\/marqalicante-admin.qwair.com\/va\/wp-json\/wp\/v2\/types\/product"}],"wp:featuredmedia":[{"embeddable":true,"href":"https:\/\/marqalicante-admin.qwair.com\/va\/wp-json\/wp\/v2\/media\/18532"}],"wp:attachment":[{"href":"https:\/\/marqalicante-admin.qwair.com\/va\/wp-json\/wp\/v2\/media?parent=18707"}],"wp:term":[{"taxonomy":"product_brand","embeddable":true,"href":"https:\/\/marqalicante-admin.qwair.com\/va\/wp-json\/wp\/v2\/product_brand?post=18707"},{"taxonomy":"product_cat","embeddable":true,"href":"https:\/\/marqalicante-admin.qwair.com\/va\/wp-json\/wp\/v2\/product_cat?post=18707"},{"taxonomy":"product_tag","embeddable":true,"href":"https:\/\/marqalicante-admin.qwair.com\/va\/wp-json\/wp\/v2\/product_tag?post=18707"}],"curies":[{"name":"wp","href":"https:\/\/api.w.org\/{rel}","templated":true}]}}