{"id":18706,"date":"2025-01-20T06:01:54","date_gmt":"2025-01-20T06:01:54","guid":{"rendered":"https:\/\/marqalicante-admin.qwair.com\/item\/el-legado-de-las-dinastias-qin-y-han-los-guerreros-de-xian\/"},"modified":"2025-06-04T16:33:30","modified_gmt":"2025-06-04T16:33:30","slug":"el-legado-de-las-dinastias-qin-y-han-los-guerreros-de-xian","status":"publish","type":"product","link":"https:\/\/marqalicante-admin.qwair.com\/va\/producte\/el-legado-de-las-dinastias-qin-y-han-los-guerreros-de-xian\/","title":{"rendered":"El Llegat de les Dinasties Qin i Han. Els guerrers de Xi&#039;an"},"content":{"rendered":"","protected":false},"excerpt":{"rendered":"<p>Cat\u00e0leg de lexposici\u00f3, amb textos en castell\u00e0 i angl\u00e8s. Inclou sis assajos cient\u00edfics referits als darrers estudis realitzats al voltant de la unificaci\u00f3 de la Xina per Qin Shi Huang i l&#039;imperi de les dinasties Qin i Han i, en particular, a les \u00faltimes novetats arqueol\u00f2giques sobre les excavacions al mausoleu del Primer Emperador i al Mausoleu Han de Yangling. A m\u00e9s d&#039;aquestes, s&#039;aborden altres tem\u00e0tiques relacionades amb la construcci\u00f3 de l&#039;ex\u00e8rcit de terracota i els or\u00edgens i el desenvolupament de l&#039;escultura figurativa a l&#039;antiga Xina. El llibre cont\u00e9 un extens cat\u00e0leg de peces, amb fotografies de gran format, que inclou tots els objectes exposats, procedents de diversos museus i institucions muse\u00edstiques de la prov\u00edncia de Shaanxi.<\/p>","protected":false},"featured_media":18531,"template":"","meta":{"kia_subtitle":""},"product_brand":[],"product_cat":[1397],"product_tag":[],"class_list":{"0":"post-18706","1":"product","2":"type-product","3":"status-publish","4":"has-post-thumbnail","6":"product_cat-publicaciones","8":"first","9":"instock","10":"virtual","11":"product-type-simple"},"meta_box":{"ia_expediente":"","ia_ano":"","ia_fechas_de_actuacion":"","ia_municipios_comarcas":"","ia_directores":"","ia_periodos_culturales":"","ia_tipos_de_intervencion":"","ia_equipo_tecnico":"","ia_autores":"","ia_promotores":"","ia_deposito_de_materiales":"","ia_coordenadas_utm":""},"_links":{"self":[{"href":"https:\/\/marqalicante-admin.qwair.com\/va\/wp-json\/wp\/v2\/product\/18706","targetHints":{"allow":["GET"]}}],"collection":[{"href":"https:\/\/marqalicante-admin.qwair.com\/va\/wp-json\/wp\/v2\/product"}],"about":[{"href":"https:\/\/marqalicante-admin.qwair.com\/va\/wp-json\/wp\/v2\/types\/product"}],"wp:featuredmedia":[{"embeddable":true,"href":"https:\/\/marqalicante-admin.qwair.com\/va\/wp-json\/wp\/v2\/media\/18531"}],"wp:attachment":[{"href":"https:\/\/marqalicante-admin.qwair.com\/va\/wp-json\/wp\/v2\/media?parent=18706"}],"wp:term":[{"taxonomy":"product_brand","embeddable":true,"href":"https:\/\/marqalicante-admin.qwair.com\/va\/wp-json\/wp\/v2\/product_brand?post=18706"},{"taxonomy":"product_cat","embeddable":true,"href":"https:\/\/marqalicante-admin.qwair.com\/va\/wp-json\/wp\/v2\/product_cat?post=18706"},{"taxonomy":"product_tag","embeddable":true,"href":"https:\/\/marqalicante-admin.qwair.com\/va\/wp-json\/wp\/v2\/product_tag?post=18706"}],"curies":[{"name":"wp","href":"https:\/\/api.w.org\/{rel}","templated":true}]}}