{"id":18701,"date":"2025-01-20T06:01:53","date_gmt":"2025-01-20T06:01:53","guid":{"rendered":"https:\/\/marqalicante-admin.qwair.com\/item\/gladiadores-heroes-del-coliseo\/"},"modified":"2025-06-04T16:33:30","modified_gmt":"2025-06-04T16:33:30","slug":"gladiadores-heroes-del-coliseo","status":"publish","type":"product","link":"https:\/\/marqalicante-admin.qwair.com\/va\/producte\/gladiadores-heroes-del-coliseo\/","title":{"rendered":"Gladiadors. Herois del Coliseu"},"content":{"rendered":"","protected":false},"excerpt":{"rendered":"<p>Cat\u00e0leg de l&#039;exposici\u00f3, en castell\u00e0, que cont\u00e9 set assajos cient\u00edfics subscrits pels comissaris de la mostra i per diversos especialistes en la tem\u00e0tica de la gladiatura i els espectacles de l&#039;antiga Roma, tant a It\u00e0lia com a la pen\u00ednsula ib\u00e8rica. El llibre compta a m\u00e9s amb un ampl\u00edssim repertori de fotografies de totes les peces reunides a l&#039;exposici\u00f3, amb breus fitxes descriptives de cadascuna, procedents del Museu Arqueol\u00f2gic de N\u00e0pols, el Museu Nacional Rom\u00e0 i el Parc Arqueol\u00f2gic del Colosseu de Roma, entre d&#039;altres institucions prestat\u00e0ries.<\/p>","protected":false},"featured_media":18526,"template":"","meta":{"kia_subtitle":""},"product_brand":[],"product_cat":[1397],"product_tag":[],"class_list":{"0":"post-18701","1":"product","2":"type-product","3":"status-publish","4":"has-post-thumbnail","6":"product_cat-publicaciones","8":"first","9":"instock","10":"virtual","11":"product-type-simple"},"meta_box":{"ia_expediente":"","ia_ano":"","ia_fechas_de_actuacion":"","ia_municipios_comarcas":"","ia_directores":"","ia_periodos_culturales":"","ia_tipos_de_intervencion":"","ia_equipo_tecnico":"","ia_autores":"","ia_promotores":"","ia_deposito_de_materiales":"","ia_coordenadas_utm":""},"_links":{"self":[{"href":"https:\/\/marqalicante-admin.qwair.com\/va\/wp-json\/wp\/v2\/product\/18701","targetHints":{"allow":["GET"]}}],"collection":[{"href":"https:\/\/marqalicante-admin.qwair.com\/va\/wp-json\/wp\/v2\/product"}],"about":[{"href":"https:\/\/marqalicante-admin.qwair.com\/va\/wp-json\/wp\/v2\/types\/product"}],"wp:featuredmedia":[{"embeddable":true,"href":"https:\/\/marqalicante-admin.qwair.com\/va\/wp-json\/wp\/v2\/media\/18526"}],"wp:attachment":[{"href":"https:\/\/marqalicante-admin.qwair.com\/va\/wp-json\/wp\/v2\/media?parent=18701"}],"wp:term":[{"taxonomy":"product_brand","embeddable":true,"href":"https:\/\/marqalicante-admin.qwair.com\/va\/wp-json\/wp\/v2\/product_brand?post=18701"},{"taxonomy":"product_cat","embeddable":true,"href":"https:\/\/marqalicante-admin.qwair.com\/va\/wp-json\/wp\/v2\/product_cat?post=18701"},{"taxonomy":"product_tag","embeddable":true,"href":"https:\/\/marqalicante-admin.qwair.com\/va\/wp-json\/wp\/v2\/product_tag?post=18701"}],"curies":[{"name":"wp","href":"https:\/\/api.w.org\/{rel}","templated":true}]}}