{"id":18697,"date":"2025-02-03T07:09:32","date_gmt":"2025-02-03T07:09:32","guid":{"rendered":"https:\/\/marqalicante-admin.qwair.com\/item\/marq-arqueologia-y-museos-12-2\/"},"modified":"2025-06-04T16:33:29","modified_gmt":"2025-06-04T16:33:29","slug":"marq-arqueologia-y-museos-12-2","status":"publish","type":"product","link":"https:\/\/marqalicante-admin.qwair.com\/va\/producte\/marq-arqueologia-y-museos-12-2\/","title":{"rendered":"MARQ, ARQUEOLOGIA I MUSEUS 12"},"content":{"rendered":"<div class=\"documento-item\">\n                    <h2 class=\"documento-title\">Una excepcional sepultura arg\u00e0rica de Sant Antoni (Oriola, Alacant)<\/h2>\n        \n                    <p class=\"documento-subtitle\">Juan A. L\u00f3pez Padilla, Fco. Javier Jover Maestre, Ricardo E. Basso Rial i Mar\u00eda Pastor Quiles<\/p>\n        \n                    <a href=\"\/wp-content\/uploads\/2025\/01\/publi-revistas\/pub_208.pdf\" class=\"documento-btn\">\n                <i class=\"fas fa-file-pdf\"><\/i> Descarregar PDF\n            <\/a>\n            <\/div>\n\n        \n    <div class=\"documento-item\">\n                    <h2 class=\"documento-title\">Un drenatge del segle I d. C. (Tossal de Manises-Lucentum, Alacant): el que expliquen les restes vegetals<\/h2>\n        \n                    <p class=\"documento-subtitle\">A. Guilabert Mas, M. Olcina Dom\u00e9nech, E. Botiga Porras, I. Carri\u00f3n Marco, G. P\u00e9rez Jord\u00e1 i D. Sabato<\/p>\n        \n                    <a href=\"\/wp-content\/uploads\/2025\/01\/publi-revistas\/pub_209.pdf\" class=\"documento-btn\">\n                <i class=\"fas fa-file-pdf\"><\/i> Descarregar PDF\n            <\/a>\n            <\/div>\n\n        \n    <div class=\"documento-item\">\n                    <h2 class=\"documento-title\">L&#039;obra de terra decorada a la Pobla medieval d&#039;Ifac (segles XIII-XIV). Notes sobre el seu origen, producci\u00f3 i distribuci\u00f3<\/h2>\n        \n                    <p class=\"documento-subtitle\">Jos\u00e9 Luis Men\u00e9ndez Fueyo i Joaqu\u00edn Pina Mira<\/p>\n        \n                    <a href=\"\/wp-content\/uploads\/2025\/01\/publi-revistas\/pub_210.pdf\" class=\"documento-btn\">\n                <i class=\"fas fa-file-pdf\"><\/i> Descarregar PDF\n            <\/a>\n            <\/div>\n\n        \n    <div class=\"documento-item\">\n                    <h2 class=\"documento-title\">Aproximaci\u00f3 a l&#039;estudi d&#039;un punxant baix medieval de cavalleria de la col\u00b7lecci\u00f3 permanent del Museu Arqueol\u00f2gic de X\u00e0bia (Alacant)<\/h2>\n        \n                    <p class=\"documento-subtitle\">Miquel S\u00e1nchez i Signes<\/p>\n        \n                    <a href=\"\/wp-content\/uploads\/2025\/01\/publi-revistas\/pub_211.pdf\" class=\"documento-btn\">\n                <i class=\"fas fa-file-pdf\"><\/i> Descarregar PDF\n            <\/a>\n            <\/div>\n\n        \n    <div class=\"documento-item\">\n                    <h2 class=\"documento-title\">El Pla de Conservaci\u00f3 Preventiva de les col\u00b7leccions del MARQ<\/h2>\n        \n                    <p class=\"documento-subtitle\">Rafael Azuar Ru\u00edz<\/p>\n        \n                    <a href=\"\/wp-content\/uploads\/2025\/01\/publi-revistas\/pub_212.pdf\" class=\"documento-btn\">\n                <i class=\"fas fa-file-pdf\"><\/i> Descarregar PDF\n            <\/a>\n            <\/div>\n\n        \n    <div class=\"documento-item\">\n                    <h2 class=\"documento-title\">Restauraci\u00f3 de dos punyals de bronze de cronologia arg\u00e0rica pertanyents a la Col\u00b7lecci\u00f3 Furg\u00fas. Reintegraci\u00f3 formal i posada en valor<\/h2>\n        \n                    <p class=\"documento-subtitle\">Tatiana Mar\u00eda Mart\u00ednez Riera<\/p>\n        \n                    <a href=\"\/wp-content\/uploads\/2025\/01\/publi-revistas\/pub_213.pdf\" class=\"documento-btn\">\n                <i class=\"fas fa-file-pdf\"><\/i> Descarregar PDF\n            <\/a>\n            <\/div>\n\n        \n    <div class=\"documento-item\">\n                    <h2 class=\"documento-title\">MARQ. Noticiari arqueol\u00f2gic 2020<\/h2>\n        \n                    <p class=\"documento-subtitle\">VVAA<\/p>\n        \n                    <a href=\"\/wp-content\/uploads\/2025\/01\/publi-revistas\/pub_214.pdf\" class=\"documento-btn\">\n                <i class=\"fas fa-file-pdf\"><\/i> Descarregar PDF\n            <\/a>\n            <\/div>\n\n        \n    <div class=\"documento-item\">\n                    <h2 class=\"documento-title\">MARQ. Mem\u00f2ria d&#039;Activitats 2020<\/h2>\n        \n                    <p class=\"documento-subtitle\">Equip T\u00e8cnic del MARQ<\/p>\n        \n                    <a href=\"\/wp-content\/uploads\/2025\/01\/publi-revistas\/pub_215.pdf\" class=\"documento-btn\">\n                <i class=\"fas fa-file-pdf\"><\/i> Descarregar PDF\n            <\/a>\n            <\/div>","protected":false},"excerpt":{"rendered":"<p>Publicaci\u00f3 peri\u00f2dica i sistem\u00e0tica sobre els treballs de recerca arqueol\u00f2gica amb articles centrats en la pr\u00e0ctica pr\u00f2pia dels museus, per donar a con\u00e8ixer la investigaci\u00f3 del ric patrimoni arqueol\u00f2gic d&#039;Alacant.<\/p>","protected":false},"featured_media":18522,"template":"","meta":{"kia_subtitle":""},"product_brand":[],"product_cat":[1365],"product_tag":[],"class_list":{"0":"post-18697","1":"product","2":"type-product","3":"status-publish","4":"has-post-thumbnail","6":"product_cat-marq-arqueologia-y-museos","8":"first","9":"instock","10":"virtual","11":"product-type-simple"},"meta_box":{"ia_expediente":"","ia_ano":"","ia_fechas_de_actuacion":"","ia_municipios_comarcas":"","ia_directores":"","ia_periodos_culturales":"","ia_tipos_de_intervencion":"","ia_equipo_tecnico":"","ia_autores":"","ia_promotores":"","ia_deposito_de_materiales":"","ia_coordenadas_utm":""},"_links":{"self":[{"href":"https:\/\/marqalicante-admin.qwair.com\/va\/wp-json\/wp\/v2\/product\/18697","targetHints":{"allow":["GET"]}}],"collection":[{"href":"https:\/\/marqalicante-admin.qwair.com\/va\/wp-json\/wp\/v2\/product"}],"about":[{"href":"https:\/\/marqalicante-admin.qwair.com\/va\/wp-json\/wp\/v2\/types\/product"}],"wp:featuredmedia":[{"embeddable":true,"href":"https:\/\/marqalicante-admin.qwair.com\/va\/wp-json\/wp\/v2\/media\/18522"}],"wp:attachment":[{"href":"https:\/\/marqalicante-admin.qwair.com\/va\/wp-json\/wp\/v2\/media?parent=18697"}],"wp:term":[{"taxonomy":"product_brand","embeddable":true,"href":"https:\/\/marqalicante-admin.qwair.com\/va\/wp-json\/wp\/v2\/product_brand?post=18697"},{"taxonomy":"product_cat","embeddable":true,"href":"https:\/\/marqalicante-admin.qwair.com\/va\/wp-json\/wp\/v2\/product_cat?post=18697"},{"taxonomy":"product_tag","embeddable":true,"href":"https:\/\/marqalicante-admin.qwair.com\/va\/wp-json\/wp\/v2\/product_tag?post=18697"}],"curies":[{"name":"wp","href":"https:\/\/api.w.org\/{rel}","templated":true}]}}