{"id":18694,"date":"2025-01-20T06:01:51","date_gmt":"2025-01-20T06:01:51","guid":{"rendered":"https:\/\/marqalicante-admin.qwair.com\/item\/etruscos-el-amanecer-de-roma\/"},"modified":"2025-06-04T16:33:29","modified_gmt":"2025-06-04T16:33:29","slug":"etruscos-el-amanecer-de-roma","status":"publish","type":"product","link":"https:\/\/marqalicante-admin.qwair.com\/va\/producte\/etruscos-el-amanecer-de-roma\/","title":{"rendered":"Etruscs. L&#039;alba de Roma"},"content":{"rendered":"","protected":false},"excerpt":{"rendered":"<p>Cat\u00e0leg de l&#039;exposici\u00f3, que aplega un ampli conjunt de peces pertanyents a les col\u00b7leccions del Museu Nacional de Flor\u00e8ncia i del Museu Guarnacci de Volterra, a It\u00e0lia. El llibre cont\u00e9 3 assaigs redactats per prestigiosos investigadors de la cultura etrusca i un repertori ampl\u00edssim de fotografies de les peces que componen l&#039;exposici\u00f3.<\/p>","protected":false},"featured_media":18519,"template":"","meta":{"kia_subtitle":""},"product_brand":[],"product_cat":[1397],"product_tag":[],"class_list":{"0":"post-18694","1":"product","2":"type-product","3":"status-publish","4":"has-post-thumbnail","6":"product_cat-publicaciones","8":"first","9":"instock","10":"virtual","11":"product-type-simple"},"meta_box":{"ia_expediente":"","ia_ano":"","ia_fechas_de_actuacion":"","ia_municipios_comarcas":"","ia_directores":"","ia_periodos_culturales":"","ia_tipos_de_intervencion":"","ia_equipo_tecnico":"","ia_autores":"","ia_promotores":"","ia_deposito_de_materiales":"","ia_coordenadas_utm":""},"_links":{"self":[{"href":"https:\/\/marqalicante-admin.qwair.com\/va\/wp-json\/wp\/v2\/product\/18694","targetHints":{"allow":["GET"]}}],"collection":[{"href":"https:\/\/marqalicante-admin.qwair.com\/va\/wp-json\/wp\/v2\/product"}],"about":[{"href":"https:\/\/marqalicante-admin.qwair.com\/va\/wp-json\/wp\/v2\/types\/product"}],"wp:featuredmedia":[{"embeddable":true,"href":"https:\/\/marqalicante-admin.qwair.com\/va\/wp-json\/wp\/v2\/media\/18519"}],"wp:attachment":[{"href":"https:\/\/marqalicante-admin.qwair.com\/va\/wp-json\/wp\/v2\/media?parent=18694"}],"wp:term":[{"taxonomy":"product_brand","embeddable":true,"href":"https:\/\/marqalicante-admin.qwair.com\/va\/wp-json\/wp\/v2\/product_brand?post=18694"},{"taxonomy":"product_cat","embeddable":true,"href":"https:\/\/marqalicante-admin.qwair.com\/va\/wp-json\/wp\/v2\/product_cat?post=18694"},{"taxonomy":"product_tag","embeddable":true,"href":"https:\/\/marqalicante-admin.qwair.com\/va\/wp-json\/wp\/v2\/product_tag?post=18694"}],"curies":[{"name":"wp","href":"https:\/\/api.w.org\/{rel}","templated":true}]}}