{"id":18693,"date":"2025-02-03T07:09:32","date_gmt":"2025-02-03T07:09:32","guid":{"rendered":"https:\/\/marqalicante-admin.qwair.com\/item\/marq-arqueologia-y-museos-10-2\/"},"modified":"2025-06-04T16:33:29","modified_gmt":"2025-06-04T16:33:29","slug":"marq-arqueologia-y-museos-10-2","status":"publish","type":"product","link":"https:\/\/marqalicante-admin.qwair.com\/va\/producte\/marq-arqueologia-y-museos-10-2\/","title":{"rendered":"MARQ, ARQUEOLOGIA I MUSEUS 10"},"content":{"rendered":"<div class=\"documento-item\">\n                    <h2 class=\"documento-title\">Tur\u00f3 Ortega (Villanova de la Font, Ciudad Real): un abric sepulcral amb inhumaci\u00f3 m\u00faltiple durant la transici\u00f3 neol\u00edtic-calcol\u00edtic al sud de l&#039;altipl\u00e0<\/h2>\n        \n                    <p class=\"documento-subtitle\">Luis Benitez de Lugo Enrich, Llu\u00eds Ala\u00f1on Flox, Carles Barri Llogaret, Immaculada Donate Carretero, Marta Frances Negre, Belen Marquez Mora, Gabriel Menchen Herreros, Jaume Moraleda Serra, Juan Manuel Rojas Rodriguez Malo, Diumenge C. Salazar-Garcia<\/p>\n        \n                    <a href=\"\/wp-content\/uploads\/2025\/01\/publi-revistas\/pub_175.pdf\" class=\"documento-btn\">\n                <i class=\"fas fa-file-pdf\"><\/i> Descarregar PDF\n            <\/a>\n            <\/div>\n\n        \n    <div class=\"documento-item\">\n                    <h2 class=\"documento-title\">Arquitectura megal\u00edtica al sud-est de la pen\u00ednsula ib\u00e8rica. An\u00e0lisi inicial dels sepultures de corredor, cambra circular i coberta plana de les necr\u00f2polis de Los Millares, Els Rubialillos i Les Pe\u00f1icas-El Tejar (Almeria)<\/h2>\n        \n                    <p class=\"documento-subtitle\">Maria Eugenia Calv\u00ed Velasco<\/p>\n        \n                    <a href=\"\/wp-content\/uploads\/2025\/01\/publi-revistas\/pub_176.pdf\" class=\"documento-btn\">\n                <i class=\"fas fa-file-pdf\"><\/i> Descarregar PDF\n            <\/a>\n            <\/div>\n\n        \n    <div class=\"documento-item\">\n                    <h2 class=\"documento-title\">Proposta metodol\u00f2gica per optimitzar lan\u00e0lisi de residus org\u00e0nics sobre cer\u00e0mica arqueol\u00f2gica. El cas dels recipients arg\u00e0rics<\/h2>\n        \n                    <p class=\"documento-subtitle\">Elena Molina, Antoni Rosell-Mel\u00e9<\/p>\n        \n                    <a href=\"\/wp-content\/uploads\/2025\/01\/publi-revistas\/pub_177.pdf\" class=\"documento-btn\">\n                <i class=\"fas fa-file-pdf\"><\/i> Descarregar PDF\n            <\/a>\n            <\/div>\n\n        \n    <div class=\"documento-item\">\n                    <h2 class=\"documento-title\">L&#039;explotaci\u00f3 agr\u00edcola i forestal a l&#039;entorn del Cabezo Pardo (San Isidro-Granja de Rocamora, Alacant): les restes vegetals dels nivells emirals<\/h2>\n        \n                    <p class=\"documento-subtitle\">Yolanda Carri\u00f3n Marco, Guillem P\u00e9rez-Jord\u00e0, M\u00aa Teresa Xim\u00e9nez d&#039;Emb\u00fan S\u00e1nchez<\/p>\n        \n                    <a href=\"\/wp-content\/uploads\/2025\/01\/publi-revistas\/pub_178.pdf\" class=\"documento-btn\">\n                <i class=\"fas fa-file-pdf\"><\/i> Descarregar PDF\n            <\/a>\n            <\/div>\n\n        \n    <div class=\"documento-item\">\n                    <h2 class=\"documento-title\">Evid\u00e8ncies d&#039;irrigaci\u00f3 paleoandalusi i altres dades noves sobre la Font Antiga (Crevillent, Alacant)<\/h2>\n        \n                    <p class=\"documento-subtitle\">Josep Menargues Gim\u00e9nez<\/p>\n        \n                    <a href=\"\/wp-content\/uploads\/2025\/01\/publi-revistas\/pub_179.pdf\" class=\"documento-btn\">\n                <i class=\"fas fa-file-pdf\"><\/i> Descarregar PDF\n            <\/a>\n            <\/div>\n\n        \n    <div class=\"documento-item\">\n                    <h2 class=\"documento-title\">La Comissi\u00f3 Provincial de Monuments dAlacant (1844-1964). Una an\u00e0lisi de les seves actuacions a trav\u00e9s de la premsa hist\u00f2rica<\/h2>\n        \n                    <p class=\"documento-subtitle\">Santiago Olcina Llacs<\/p>\n        \n                    <a href=\"\/wp-content\/uploads\/2025\/01\/publi-revistas\/pub_180.pdf\" class=\"documento-btn\">\n                <i class=\"fas fa-file-pdf\"><\/i> Descarregar PDF\n            <\/a>\n            <\/div>\n\n        \n    <div class=\"documento-item\">\n        \n        \n                    <a href=\"\/wp-content\/uploads\/2025\/01\/publi-revistas\/pub_181.pdf\" class=\"documento-btn\">\n                <i class=\"fas fa-file-pdf\"><\/i> Descarregar PDF\n            <\/a>\n            <\/div>\n\n        \n    <div class=\"documento-item\">\n                    <h2 class=\"documento-title\">Mem\u00f2ria d&#039;activitats del Marq 2018<\/h2>\n        \n                    <p class=\"documento-subtitle\">Equip t\u00e8cnic del MARQ<\/p>\n        \n                    <a href=\"\/wp-content\/uploads\/2025\/01\/publi-revistas\/pub_182.pdf\" class=\"documento-btn\">\n                <i class=\"fas fa-file-pdf\"><\/i> Descarregar PDF\n            <\/a>\n            <\/div>","protected":false},"excerpt":{"rendered":"<p>Publicaci\u00f3 peri\u00f2dica i sistem\u00e0tica sobre els treballs de recerca arqueol\u00f2gica amb articles centrats en la pr\u00e0ctica pr\u00f2pia dels museus, per donar a con\u00e8ixer la investigaci\u00f3 del ric patrimoni arqueol\u00f2gic d&#039;Alacant. Best Replica Watches https:\/\/ritzz.net\/<\/p>","protected":false},"featured_media":18518,"template":"","meta":{"kia_subtitle":""},"product_brand":[],"product_cat":[1365],"product_tag":[],"class_list":{"0":"post-18693","1":"product","2":"type-product","3":"status-publish","4":"has-post-thumbnail","6":"product_cat-marq-arqueologia-y-museos","8":"first","9":"instock","10":"virtual","11":"product-type-simple"},"meta_box":{"ia_expediente":"","ia_ano":"","ia_fechas_de_actuacion":"","ia_municipios_comarcas":"","ia_directores":"","ia_periodos_culturales":"","ia_tipos_de_intervencion":"","ia_equipo_tecnico":"","ia_autores":"","ia_promotores":"","ia_deposito_de_materiales":"","ia_coordenadas_utm":""},"_links":{"self":[{"href":"https:\/\/marqalicante-admin.qwair.com\/va\/wp-json\/wp\/v2\/product\/18693","targetHints":{"allow":["GET"]}}],"collection":[{"href":"https:\/\/marqalicante-admin.qwair.com\/va\/wp-json\/wp\/v2\/product"}],"about":[{"href":"https:\/\/marqalicante-admin.qwair.com\/va\/wp-json\/wp\/v2\/types\/product"}],"wp:featuredmedia":[{"embeddable":true,"href":"https:\/\/marqalicante-admin.qwair.com\/va\/wp-json\/wp\/v2\/media\/18518"}],"wp:attachment":[{"href":"https:\/\/marqalicante-admin.qwair.com\/va\/wp-json\/wp\/v2\/media?parent=18693"}],"wp:term":[{"taxonomy":"product_brand","embeddable":true,"href":"https:\/\/marqalicante-admin.qwair.com\/va\/wp-json\/wp\/v2\/product_brand?post=18693"},{"taxonomy":"product_cat","embeddable":true,"href":"https:\/\/marqalicante-admin.qwair.com\/va\/wp-json\/wp\/v2\/product_cat?post=18693"},{"taxonomy":"product_tag","embeddable":true,"href":"https:\/\/marqalicante-admin.qwair.com\/va\/wp-json\/wp\/v2\/product_tag?post=18693"}],"curies":[{"name":"wp","href":"https:\/\/api.w.org\/{rel}","templated":true}]}}