{"id":18686,"date":"2025-01-20T06:01:48","date_gmt":"2025-01-20T06:01:48","guid":{"rendered":"https:\/\/marqalicante-admin.qwair.com\/item\/la-pobla-medieval-de-ifach-calp-alicante-10-anos-de-arqueologia-medieval-en-el-penyal-difac\/"},"modified":"2025-06-04T16:33:28","modified_gmt":"2025-06-04T16:33:28","slug":"la-pobla-medieval-de-ifach-calp-alicante-10-anos-de-arqueologia-medieval-en-el-penyal-difac","status":"publish","type":"product","link":"https:\/\/marqalicante-admin.qwair.com\/va\/producte\/la-pobla-medieval-de-ifach-calp-alicante-10-anos-de-arqueologia-medieval-en-el-penyal-difac\/","title":{"rendered":"La Pobla medieval d&#039;Ifac (Calp, Alacant). 10 anys d&#039;arqueologia medieval al Penyal d&#039;Ifac"},"content":{"rendered":"","protected":false},"excerpt":{"rendered":"<p>8\u00e8 volum de la s\u00e8rie d&#039;Excavacions Arqueol\u00f2giques. Mem\u00f2ries\u00bb, que recopila els aven\u00e7os, troballes i investigacions fetes durant els \u00faltims 10 anys a les exacavacions de la Pobla medieval d&#039;Ifac, a Calp (Alacant), sota la direcci\u00f3 de Jos\u00e9 Lu\u00eds Men\u00e9ndez Fueyo.<\/p>","protected":false},"featured_media":18511,"template":"","meta":{"kia_subtitle":""},"product_brand":[],"product_cat":[1397],"product_tag":[],"class_list":{"0":"post-18686","1":"product","2":"type-product","3":"status-publish","4":"has-post-thumbnail","6":"product_cat-publicaciones","8":"first","9":"instock","10":"virtual","11":"product-type-simple"},"meta_box":{"ia_expediente":"","ia_ano":"","ia_fechas_de_actuacion":"","ia_municipios_comarcas":"","ia_directores":"","ia_periodos_culturales":"","ia_tipos_de_intervencion":"","ia_equipo_tecnico":"","ia_autores":"","ia_promotores":"","ia_deposito_de_materiales":"","ia_coordenadas_utm":""},"_links":{"self":[{"href":"https:\/\/marqalicante-admin.qwair.com\/va\/wp-json\/wp\/v2\/product\/18686","targetHints":{"allow":["GET"]}}],"collection":[{"href":"https:\/\/marqalicante-admin.qwair.com\/va\/wp-json\/wp\/v2\/product"}],"about":[{"href":"https:\/\/marqalicante-admin.qwair.com\/va\/wp-json\/wp\/v2\/types\/product"}],"wp:featuredmedia":[{"embeddable":true,"href":"https:\/\/marqalicante-admin.qwair.com\/va\/wp-json\/wp\/v2\/media\/18511"}],"wp:attachment":[{"href":"https:\/\/marqalicante-admin.qwair.com\/va\/wp-json\/wp\/v2\/media?parent=18686"}],"wp:term":[{"taxonomy":"product_brand","embeddable":true,"href":"https:\/\/marqalicante-admin.qwair.com\/va\/wp-json\/wp\/v2\/product_brand?post=18686"},{"taxonomy":"product_cat","embeddable":true,"href":"https:\/\/marqalicante-admin.qwair.com\/va\/wp-json\/wp\/v2\/product_cat?post=18686"},{"taxonomy":"product_tag","embeddable":true,"href":"https:\/\/marqalicante-admin.qwair.com\/va\/wp-json\/wp\/v2\/product_tag?post=18686"}],"curies":[{"name":"wp","href":"https:\/\/api.w.org\/{rel}","templated":true}]}}