{"id":18683,"date":"2025-02-03T07:09:32","date_gmt":"2025-02-03T07:09:32","guid":{"rendered":"https:\/\/marqalicante-admin.qwair.com\/item\/marq-arqueologia-y-museos-extra-01-2\/"},"modified":"2025-06-04T16:33:28","modified_gmt":"2025-06-04T16:33:28","slug":"marq-arqueologia-y-museos-extra-01-2","status":"publish","type":"product","link":"https:\/\/marqalicante-admin.qwair.com\/va\/producte\/marq-arqueologia-y-museos-extra-01-2\/","title":{"rendered":"MARQ, ARQUEOLOGIA I MUSEUS EXTRA 01"},"content":{"rendered":"<div class=\"documento-item\">\n                    <h2 class=\"documento-title\">ARQUEOLOGIA I ADMINISTRACI\u00d3 AUTON\u00d2MICA A LA COMUNITAT VALENCIANA (2002-2012): ALACANT<\/h2>\n        \n                    <p class=\"documento-subtitle\">Consuelo Matamoros de Villa i Jos\u00e9 Luis Sim\u00f3n Garc\u00eda<\/p>\n        \n                    <a href=\"\/wp-content\/uploads\/2025\/01\/publi-revistas\/pub_122.pdf\" class=\"documento-btn\">\n                <i class=\"fas fa-file-pdf\"><\/i> Descarregar PDF\n            <\/a>\n            <\/div>\n\n        \n    <div class=\"documento-item\">\n                    <h2 class=\"documento-title\">MUSEUS I JACIMENTS ARQUEOL\u00d2GICS MUSEALITZATS. PANORAMA A ALACANT A LA PRIMERA D\u00c8CADA DEL S. XXI<\/h2>\n        \n                    <p class=\"documento-subtitle\">Manuel H. Olcina Dom\u00e9nech, Jorge A. Soler D\u00edaz i Rafael P\u00e9rez Jim\u00e9nez<\/p>\n        \n                    <a href=\"\/wp-content\/uploads\/2025\/01\/publi-revistas\/pub_123.pdf\" class=\"documento-btn\">\n                <i class=\"fas fa-file-pdf\"><\/i> Descarregar PDF\n            <\/a>\n            <\/div>\n\n        \n    <div class=\"documento-item\">\n                    <h2 class=\"documento-title\">ARQUEOLOGIA I EMPRESA A ALACANT<\/h2>\n        \n                    <p class=\"documento-subtitle\">Eduardo L\u00f3pez Segu\u00ed<\/p>\n        \n                    <a href=\"\/wp-content\/uploads\/2025\/01\/publi-revistas\/pub_124.pdf\" class=\"documento-btn\">\n                <i class=\"fas fa-file-pdf\"><\/i> Descarregar PDF\n            <\/a>\n            <\/div>\n\n        \n    <div class=\"documento-item\">\n                    <h2 class=\"documento-title\">ARQUEOLOGIA, MUSEU I FUNDACI\u00d3. DEL MAL QUE S&#039;EMPORTEN AMB LA VELOCITAT<\/h2>\n        \n                    <p class=\"documento-subtitle\">Josep A. Cort\u00e9s i Garrido<\/p>\n        \n                    <a href=\"\/wp-content\/uploads\/2025\/01\/publi-revistas\/pub_125.pdf\" class=\"documento-btn\">\n                <i class=\"fas fa-file-pdf\"><\/i> Descarregar PDF\n            <\/a>\n            <\/div>\n\n        \n    <div class=\"documento-item\">\n                    <h2 class=\"documento-title\">ARQUEOLOGIA I UNIVERSITAT<\/h2>\n        \n                    <p class=\"documento-subtitle\">Lorenzo Abad Casal<\/p>\n        \n                    <a href=\"\/wp-content\/uploads\/2025\/01\/publi-revistas\/pub_126.pdf\" class=\"documento-btn\">\n                <i class=\"fas fa-file-pdf\"><\/i> Descarregar PDF\n            <\/a>\n            <\/div>\n\n        \n    <div class=\"documento-item\">\n                    <h2 class=\"documento-title\">ARQUEOLOGIA I COL\u00b7LEGI DE DOCTORS I LLICENCIATS<\/h2>\n        \n                    <p class=\"documento-subtitle\">Fernando E. Tendero Fern\u00e1ndez i Araceli Guardiola Mart\u00ednez<\/p>\n        \n                    <a href=\"\/wp-content\/uploads\/2025\/01\/publi-revistas\/pub_127.pdf\" class=\"documento-btn\">\n                <i class=\"fas fa-file-pdf\"><\/i> Descarregar PDF\n            <\/a>\n            <\/div>\n\n        \n    <div class=\"documento-item\">\n                    <h2 class=\"documento-title\">L&#039;ARQUEOLOGIA DE LA PREHIST\u00d2RIA ALACANTINA A LA PRIMERA D\u00c8CADA DEL SEGLE XXI<\/h2>\n        \n                    <p class=\"documento-subtitle\">Jorge A. Soler D\u00edaz, Juan A. L\u00f3pez Padilla i Rafael Mart\u00ednez Valle<\/p>\n        \n                    <a href=\"\/wp-content\/uploads\/2025\/01\/publi-revistas\/pub_128.pdf\" class=\"documento-btn\">\n                <i class=\"fas fa-file-pdf\"><\/i> Descarregar PDF\n            <\/a>\n            <\/div>\n\n        \n    <div class=\"documento-item\">\n                    <h2 class=\"documento-title\">ARQUEOLOGIA A ALACANT A LA PRIMERA D\u00c8CADA DEL SEGLE XXI. UNA REFLEXI\u00d3 SOBRE ELS AVAN\u00c7OS A L&#039;ESTUDI DE LES \u00c8POQUES FEN\u00cdCIA I IB\u00c8RICA<\/h2>\n        \n                    <p class=\"documento-subtitle\">Fernando Prados Mart\u00ednez i Feliciana Sala Sell\u00e9s<\/p>\n        \n                    <a href=\"\/wp-content\/uploads\/2025\/01\/publi-revistas\/pub_129.pdf\" class=\"documento-btn\">\n                <i class=\"fas fa-file-pdf\"><\/i> Descarregar PDF\n            <\/a>\n            <\/div>\n\n        \n    <div class=\"documento-item\">\n                    <h2 class=\"documento-title\">ARQUEOLOGIA ROMANA I M\u00d3N TARDOANTIC<\/h2>\n        \n                    <p class=\"documento-subtitle\">Manuel H. Olcina Dom\u00e9nech i M\u00aa Teresa Xim\u00e9nez d&#039;Emb\u00fan S\u00e1nchez<\/p>\n        \n                    <a href=\"\/wp-content\/uploads\/2025\/01\/publi-revistas\/pub_130.pdf\" class=\"documento-btn\">\n                <i class=\"fas fa-file-pdf\"><\/i> Descarregar PDF\n            <\/a>\n            <\/div>\n\n        \n    <div class=\"documento-item\">\n                    <h2 class=\"documento-title\">ARQUEOLOGIA MEDIEVAL A ALACANT A LA PRIMERA D\u00c8CADA DEL SEGLE XXI<\/h2>\n        \n                    <p class=\"documento-subtitle\">Rafael Azuar Ruiz i Jos\u00e9 Luis Men\u00e9ndez Fueyo<\/p>\n        \n                    <a href=\"\/wp-content\/uploads\/2025\/01\/publi-revistas\/pub_131.pdf\" class=\"documento-btn\">\n                <i class=\"fas fa-file-pdf\"><\/i> Descarregar PDF\n            <\/a>\n            <\/div>\n\n        \n    <div class=\"documento-item\">\n                    <h2 class=\"documento-title\">Prospecci\u00f3 geoarqueol\u00f2gica del Preb\u00e8tic d&#039;Alacant: Primeres dades sobre l&#039;abastament de s\u00edlex durant la prehist\u00f2ria<\/h2>\n        \n                    <p class=\"documento-subtitle\">Francisco Javier Molina Hern\u00e1ndez, Antonio Tarri\u00f1o Vinagre, Bertila Galv\u00e1n Santos i Crist M. Hern\u00e1ndez G\u00f3mez<\/p>\n        \n                    <a href=\"\/wp-content\/uploads\/2025\/01\/publi-revistas\/pub_132.pdf\" class=\"documento-btn\">\n                <i class=\"fas fa-file-pdf\"><\/i> Descarregar PDF\n            <\/a>\n            <\/div>\n\n        \n    <div class=\"documento-item\">\n                    <h2 class=\"documento-title\">Excavacions a la Cova de les Cendres (Teulada-Moraira, La Marina Alta): campanyes 2010-2011<\/h2>\n        \n                    <p class=\"documento-subtitle\">D\u00eddac Rom\u00e1n Monroig i Valent\u00ed Villaverde Bonilla<\/p>\n        \n                    <a href=\"\/wp-content\/uploads\/2025\/01\/publi-revistas\/pub_133.pdf\" class=\"documento-btn\">\n                <i class=\"fas fa-file-pdf\"><\/i> Descarregar PDF\n            <\/a>\n            <\/div>\n\n        \n    <div class=\"documento-item\">\n                    <h2 class=\"documento-title\">Actualitzaci\u00f3 i realitzaci\u00f3 de l&#039;inventari dels jaciments arqueol\u00f2gics amb Art Rupestre de la Comunitat Valenciana. Prov\u00edncia d&#039;Alacant<\/h2>\n        \n                    <p class=\"documento-subtitle\">Mauro S. Hern\u00e1ndez P\u00e9rez, Gabriel Garc\u00eda Atienzar, Virg\u00ednia Barciela Gonz\u00e1lez, Ximo Martorell Briz i Francisco Javier Molina Hern\u00e1ndez<\/p>\n        \n                    <a href=\"\/wp-content\/uploads\/2025\/01\/publi-revistas\/pub_134.pdf\" class=\"documento-btn\">\n                <i class=\"fas fa-file-pdf\"><\/i> Descarregar PDF\n            <\/a>\n            <\/div>\n\n        \n    <div class=\"documento-item\">\n                    <h2 class=\"documento-title\">Prospecci\u00f3, documentaci\u00f3 i contextualitzaci\u00f3 d&#039;art rupestre a les comarques alacantines de l&#039;Alcoi\u00e0, el Comtat, la Marina Alta i la Marina Baixa. 1a anualitat: sectors geogr\u00e0fics 4 i 6<\/h2>\n        \n                    <p class=\"documento-subtitle\">Virginia Barciela Gonz\u00e1lez i Francisco Javier Molina Hern\u00e1ndez<\/p>\n        \n                    <a href=\"\/wp-content\/uploads\/2025\/01\/publi-revistas\/pub_135.pdf\" class=\"documento-btn\">\n                <i class=\"fas fa-file-pdf\"><\/i> Descarregar PDF\n            <\/a>\n            <\/div>\n\n        \n    <div class=\"documento-item\">\n                    <h2 class=\"documento-title\">Campanyes d&#039;excavaci\u00f3 recents al jaciment del Mas d&#039;Is (Pen\u00e0guila, Alacant)<\/h2>\n        \n                    <p class=\"documento-subtitle\">Joan Bernabeu Aub\u00e1n, Agust\u00edn Diez Castillo iTeresa Orozco K\u00f6hler<\/p>\n        \n                    <a href=\"\/wp-content\/uploads\/2025\/01\/publi-revistas\/pub_136.pdf\" class=\"documento-btn\">\n                <i class=\"fas fa-file-pdf\"><\/i> Descarregar PDF\n            <\/a>\n            <\/div>\n\n        \n    <div class=\"documento-item\">\n                    <h2 class=\"documento-title\">Excavacions a la Cova del Randero (Pedreguer, Alacant). Antecedents i aven\u00e7 de resultats<\/h2>\n        \n                    <p class=\"documento-subtitle\">Jorge A. Soler D\u00edaz, Olga G\u00f3mez P\u00e9rez i Consuelo Roca de Togores Mu\u00f1oz<\/p>\n        \n                    <a href=\"\/wp-content\/uploads\/2025\/01\/publi-revistas\/pub_137.pdf\" class=\"documento-btn\">\n                <i class=\"fas fa-file-pdf\"><\/i> Descarregar PDF\n            <\/a>\n            <\/div>\n\n        \n    <div class=\"documento-item\">\n                    <h2 class=\"documento-title\">Primeres aportacions del projecte d&#039;excavacions arqueol\u00f2giques al poblat campaniforme del Penyal de la Guineu (Villena, Alacant)<\/h2>\n        \n                    <p class=\"documento-subtitle\">Gabriel Garc\u00eda Ati\u00e9nzar<\/p>\n        \n                    <a href=\"\/wp-content\/uploads\/2025\/01\/publi-revistas\/pub_138.pdf\" class=\"documento-btn\">\n                <i class=\"fas fa-file-pdf\"><\/i> Descarregar PDF\n            <\/a>\n            <\/div>\n\n        \n    <div class=\"documento-item\">\n                    <h2 class=\"documento-title\">Terlinques (Villena, Alacant): \u00faltimes campanyes d&#039;excavaci\u00f3 a un poblat de l&#039;Edat del Bronze<\/h2>\n        \n                    <p class=\"documento-subtitle\">Francisco Javier Jover Maestre, Juan Antonio L\u00f3pez Padilla, Sergio Mart\u00ednez Monle\u00f3n, Alicia Luj\u00e1n Navas i Laura Acosta Pradillos<\/p>\n        \n                    <a href=\"\/wp-content\/uploads\/2025\/01\/publi-revistas\/pub_139.pdf\" class=\"documento-btn\">\n                <i class=\"fas fa-file-pdf\"><\/i> Descarregar PDF\n            <\/a>\n            <\/div>\n\n        \n    <div class=\"documento-item\">\n                    <h2 class=\"documento-title\">Excavacions arqueol\u00f2giques a Cabezo Pardo (San Isidro\/Granja de Rocamora, Alacant). \u00daltimes actuacions<\/h2>\n        \n                    <p class=\"documento-subtitle\">Juan Antonio L\u00f3pez Padilla, Teresa Xim\u00e9nez d&#039;Emb\u00fan S\u00e1nchez<\/p>\n        \n                    <a href=\"\/wp-content\/uploads\/2025\/01\/publi-revistas\/pub_140.pdf\" class=\"documento-btn\">\n                <i class=\"fas fa-file-pdf\"><\/i> Descarregar PDF\n            <\/a>\n            <\/div>\n\n        \n    <div class=\"documento-item\">\n                    <h2 class=\"documento-title\">Cabezo Rod\u00f3 (Villena, Alacant). Caracteritzaci\u00f3 d&#039;espais dom\u00e8stics en un poblat del Bronze Tard\u00edo. Campanyes del 2010 al 2012<\/h2>\n        \n                    <p class=\"documento-subtitle\">Mauro S. Hern\u00e1ndez P\u00e9rez, Gabriel Garc\u00eda Ati\u00e9nzar, Virg\u00ednia Barciela Gonz\u00e1lez, Maria Lillo Bernabeu i Ximo Martorell Briz<\/p>\n        \n                    <a href=\"\/wp-content\/uploads\/2025\/01\/publi-revistas\/pub_141.pdf\" class=\"documento-btn\">\n                <i class=\"fas fa-file-pdf\"><\/i> Descarregar PDF\n            <\/a>\n            <\/div>\n\n        \n    <div class=\"documento-item\">\n                    <h2 class=\"documento-title\">L&#039;ARQUEOLOGIA D&#039;\u00c8POCA MODERNA I CONTEMPOR\u00c0NIA A ALACANT: UNA MIRADA DES DEL SEGLE XXI<\/h2>\n        \n                    <p class=\"documento-subtitle\">Sonia Guti\u00e9rrez Lloret i Carolina Dom\u00e9nech Belda<\/p>\n        \n                    <a href=\"\/wp-content\/uploads\/2025\/01\/publi-revistas\/pub_142.pdf\" class=\"documento-btn\">\n                <i class=\"fas fa-file-pdf\"><\/i> Descarregar PDF\n            <\/a>\n            <\/div>\n\n        \n    <div class=\"documento-item\">\n                    <h2 class=\"documento-title\">Estat de la q\u00fcesti\u00f3 del poblat de la Mola d&#039;Agres (Agres, Alacant)<\/h2>\n        \n                    <p class=\"documento-subtitle\">Jos\u00e9 Lu\u00eds Pe\u00f1a S\u00e1nchez , Elena Grau Almero i Teresa Hu\u00e9lamo Dom\u00e9nech<\/p>\n        \n                    <a href=\"\/wp-content\/uploads\/2025\/01\/publi-revistas\/pub_143.pdf\" class=\"documento-btn\">\n                <i class=\"fas fa-file-pdf\"><\/i> Descarregar PDF\n            <\/a>\n            <\/div>\n\n        \n    <div class=\"documento-item\">\n                    <h2 class=\"documento-title\">Excavacions arqueol\u00f2giques al poblat ib\u00e8ric de l&#039;Escuera (Sant Fulgenci, Baix Segura): noves dades sobre l&#039;acc\u00e9s sud i la relaci\u00f3 amb el complex sacre<\/h2>\n        \n                    <p class=\"documento-subtitle\">Lorenzo Abad Casal, Feliciana Sala Sell\u00e9s i Jes\u00fas Moratalla J\u00e1vega<\/p>\n        \n                    <a href=\"\/wp-content\/uploads\/2025\/01\/publi-revistas\/pub_144.pdf\" class=\"documento-btn\">\n                <i class=\"fas fa-file-pdf\"><\/i> Descarregar PDF\n            <\/a>\n            <\/div>\n\n        \n    <div class=\"documento-item\">\n                    <h2 class=\"documento-title\">L&#039;oppidum Ib\u00e8ric del Puig d&#039;Alcoi: valoraci\u00f3 de la seq\u00fc\u00e8ncia d&#039;ocupaci\u00f3<\/h2>\n        \n                    <p class=\"documento-subtitle\">Ignasi Grau Mira i Josep Maria Segura Mart\u00ed<\/p>\n        \n                    <a href=\"\/wp-content\/uploads\/2025\/01\/publi-revistas\/pub_145.pdf\" class=\"documento-btn\">\n                <i class=\"fas fa-file-pdf\"><\/i> Descarregar PDF\n            <\/a>\n            <\/div>\n\n        \n    <div class=\"documento-item\">\n                    <h2 class=\"documento-title\">El Sector 4C de l&#039;Alc\u00fadia (Elx, Alacant)<\/h2>\n        \n                    <p class=\"documento-subtitle\">Mercedes Tendero Porras i Alejandro Ramos Molina<\/p>\n        \n                    <a href=\"\/wp-content\/uploads\/2025\/01\/publi-revistas\/pub_146.pdf\" class=\"documento-btn\">\n                <i class=\"fas fa-file-pdf\"><\/i> Descarregar PDF\n            <\/a>\n            <\/div>\n\n        \n    <div class=\"documento-item\">\n                    <h2 class=\"documento-title\">Un trull ib\u00e8ric al jaciment de la Illeta dels Banyets (El Campello, Alacant)<\/h2>\n        \n                    <p class=\"documento-subtitle\">Adoraci\u00f3 Mart\u00ednez Carmona<\/p>\n        \n                    <a href=\"\/wp-content\/uploads\/2025\/01\/publi-revistas\/pub_147.pdf\" class=\"documento-btn\">\n                <i class=\"fas fa-file-pdf\"><\/i> Descarregar PDF\n            <\/a>\n            <\/div>\n\n        \n    <div class=\"documento-item\">\n                    <h2 class=\"documento-title\">Actuaci\u00f3 arqueol\u00f2gica al F\u00f2rum i les termes de Popili de Lvcentvm (Tossal de Manises, Alacant). Campanya de 2009-2010<\/h2>\n        \n                    <p class=\"documento-subtitle\">Manuel Olcina Dom\u00e9nech, Antonio Guilabert Mas i Eva Tendero Porras<\/p>\n        \n                    <a href=\"\/wp-content\/uploads\/2025\/01\/publi-revistas\/pub_148.pdf\" class=\"documento-btn\">\n                <i class=\"fas fa-file-pdf\"><\/i> Descarregar PDF\n            <\/a>\n            <\/div>\n\n        \n    <div class=\"documento-item\">\n                    <h2 class=\"documento-title\">L&#039;abocador de la Vila Petr\u00e0ria identificat al carrer Luis Chorro (Petrer, Alacant)<\/h2>\n        \n                    <p class=\"documento-subtitle\">Fernando E. Tendero Fern\u00e1ndez<\/p>\n        \n                    <a href=\"\/wp-content\/uploads\/2025\/01\/publi-revistas\/pub_149.pdf\" class=\"documento-btn\">\n                <i class=\"fas fa-file-pdf\"><\/i> Descarregar PDF\n            <\/a>\n            <\/div>\n\n        \n    <div class=\"documento-item\">\n                    <h2 class=\"documento-title\">Banys de la Reina de Calp, Alacant. Una d\u00e8cada d&#039;Arqueologia<\/h2>\n        \n                    <p class=\"documento-subtitle\">Anna M\u00aa Ronda i Fem\u00e8nia, Alicia Luj\u00e1n Navas i Vicent Sevila i Garc\u00eda<\/p>\n        \n                    <a href=\"\/wp-content\/uploads\/2025\/01\/publi-revistas\/pub_150.pdf\" class=\"documento-btn\">\n                <i class=\"fas fa-file-pdf\"><\/i> Descarregar PDF\n            <\/a>\n            <\/div>\n\n        \n    <div class=\"documento-item\">\n                    <h2 class=\"documento-title\">Nou col\u00b7legi p\u00fablic \u201cSan Roque\u201d, carrers Villavieja, Antequera, i Sant Joan: \u201cL&#039;Oratori Rupestre\u201d (Casco Antic, Alacant)<\/h2>\n        \n                    <p class=\"documento-subtitle\">Marga Borrego Colomer, Pablo Rosser Limi\u00f1ana, Ana Valero Climent<\/p>\n        \n                    <a href=\"\/wp-content\/uploads\/2025\/01\/publi-revistas\/pub_151.pdf\" class=\"documento-btn\">\n                <i class=\"fas fa-file-pdf\"><\/i> Descarregar PDF\n            <\/a>\n            <\/div>\n\n        \n    <div class=\"documento-item\">\n                    <h2 class=\"documento-title\">Redescobriment d&#039;un tram de la muralla medieval cristiana a la Porta d&#039;Almansa (Villena, Alacant)<\/h2>\n        \n                    <p class=\"documento-subtitle\">Laura Hern\u00e1ndez Alcaraz i Luz P\u00e9rez Amor\u00f3s<\/p>\n        \n                    <a href=\"\/wp-content\/uploads\/2025\/01\/publi-revistas\/pub_152.pdf\" class=\"documento-btn\">\n                <i class=\"fas fa-file-pdf\"><\/i> Descarregar PDF\n            <\/a>\n            <\/div>\n\n        \n    <div class=\"documento-item\">\n                    <h2 class=\"documento-title\">Intervenci\u00f3 arqueol\u00f2gica a l&#039;obertura del c\/ Castell. Castell de l&#039;Aljau (Aspe, Alacant)<\/h2>\n        \n                    <p class=\"documento-subtitle\">Jos\u00e9 Ram\u00f3n Ortega P\u00e9rez, Immaculada Reina G\u00f3mez, Marc Aureli Esquembre Bebia<\/p>\n        \n                    <a href=\"\/wp-content\/uploads\/2025\/01\/publi-revistas\/pub_153.pdf\" class=\"documento-btn\">\n                <i class=\"fas fa-file-pdf\"><\/i> Descarregar PDF\n            <\/a>\n            <\/div>\n\n        \n    <div class=\"documento-item\">\n                    <h2 class=\"documento-title\">Les Pedreres de Ferriol (Baix Vinalop\u00f3, Elx), un singular projecte multidisciplinari de recerca hist\u00f2rica<\/h2>\n        \n                    <p class=\"documento-subtitle\">Jes\u00fas Moratalla X\u00e0vega, Pierre Rouillard, Laurent Costa<\/p>\n        \n                    <a href=\"\/wp-content\/uploads\/2025\/01\/publi-revistas\/pub_154.pdf\" class=\"documento-btn\">\n                <i class=\"fas fa-file-pdf\"><\/i> Descarregar PDF\n            <\/a>\n            <\/div>\n\n        \n    <div class=\"documento-item\">\n                    <h2 class=\"documento-title\">L&#039;excavaci\u00f3 arqueol\u00f2gica de l&#039;Ermita de Sant Joan (X\u00e0bia, Marina Alta)<\/h2>\n        \n                    <p class=\"documento-subtitle\">Josep Castell\u00f3 Mar\u00ed, Joaquim Bolufer Marqu\u00e8s i Francisco G\u00f3mez Bellard<\/p>\n        \n                    <a href=\"\/wp-content\/uploads\/2025\/01\/publi-revistas\/pub_155.pdf\" class=\"documento-btn\">\n                <i class=\"fas fa-file-pdf\"><\/i> Descarregar PDF\n            <\/a>\n            <\/div>\n\n        \n    <div class=\"documento-item\">\n                    <h2 class=\"documento-title\">Castell de Sax. Vessant Sud i Esper\u00f3 de l&#039;Albacar<\/h2>\n        \n                    <p class=\"documento-subtitle\">Miquel S\u00e1nchez i Signes<\/p>\n        \n                    <a href=\"\/wp-content\/uploads\/2025\/01\/publi-revistas\/pub_156.pdf\" class=\"documento-btn\">\n                <i class=\"fas fa-file-pdf\"><\/i> Descarregar PDF\n            <\/a>\n            <\/div>\n\n        \n    <div class=\"documento-item\">\n                    <h2 class=\"documento-title\">Nou col\u00b7legi p\u00fablic \u201cSan Roque\u201d, Carrers Villavieja, Antequera, i Sant Joan: \u201cactuaci\u00f3 al llen\u00e7 est de la muralla\u201d (Casc Antic d&#039;Alacant)<\/h2>\n        \n                    <p class=\"documento-subtitle\">Marga Borrego Colomer, Pablo Rosser Limi\u00f1ana i Ana Valero Climent<\/p>\n        \n                    <a href=\"\/wp-content\/uploads\/2025\/01\/publi-revistas\/pub_157.pdf\" class=\"documento-btn\">\n                <i class=\"fas fa-file-pdf\"><\/i> Descarregar PDF\n            <\/a>\n            <\/div>\n\n        \n    <div class=\"documento-item\">\n                    <h2 class=\"documento-title\">Seguiment arqueol\u00f2gic de les obres de pavimentaci\u00f3 del nucli urb\u00e0 de l&#039;Illa de Tabarca (Alacant)<\/h2>\n        \n                    <p class=\"documento-subtitle\">Francisco Andr\u00e9s Molina Mas, Jos\u00e9 Ram\u00f3n Ortega P\u00e9rez, Marco Aurelio Esquembre Bebia i Jos\u00e9 Manuel P\u00e9rez Burgos<\/p>\n        \n                    <a href=\"\/wp-content\/uploads\/2025\/01\/publi-revistas\/pub_158.pdf\" class=\"documento-btn\">\n                <i class=\"fas fa-file-pdf\"><\/i> Descarregar PDF\n            <\/a>\n            <\/div>\n\n        \n    <div class=\"documento-item\">\n                    <h2 class=\"documento-title\">La Pobla medieval d&#039;Ifac (Calp, Alacant): Ciutat i poder feudal a la llum dels descobriments arqueol\u00f2gics (2005-2012)<\/h2>\n        \n                    <p class=\"documento-subtitle\">Jos\u00e9 Luis Men\u00e9ndez Fueyo, Joaqu\u00edn Pina Mira, Jos\u00e9 Manuel Torrecillas Segura i Roberto Ferrer Carri\u00f3n<\/p>\n        \n                    <a href=\"\/wp-content\/uploads\/2025\/01\/publi-revistas\/pub_159.pdf\" class=\"documento-btn\">\n                <i class=\"fas fa-file-pdf\"><\/i> Descarregar PDF\n            <\/a>\n            <\/div>\n\n        \n    <div class=\"documento-item\">\n                    <h2 class=\"documento-title\">Carrers Villavieja, 30 i Passeig Ramiro, 13: el Torre\u00f3 de Sant Sebasti\u00e0 i la Torre del Sper\u00f3 (Casc Antic d&#039;Alacant)<\/h2>\n        \n                    <p class=\"documento-subtitle\">Marga Borrego Colomer i Pablo Rosser Limi\u00f1ana<\/p>\n        \n                    <a href=\"\/wp-content\/uploads\/2025\/01\/publi-revistas\/pub_160.pdf\" class=\"documento-btn\">\n                <i class=\"fas fa-file-pdf\"><\/i> Descarregar PDF\n            <\/a>\n            <\/div>\n\n        \n    <div class=\"documento-item\">\n                    <h2 class=\"documento-title\">Intervenci\u00f3 arqueol\u00f2gica al Convent de la Merc\u00e8 (Elx, Alacant)<\/h2>\n        \n                    <p class=\"documento-subtitle\">Palmira Torregrosa Gim\u00e9nez, Eduardo L\u00f3pez Segu\u00ed, Patxuka de Miguel Ib\u00e1\u00f1ez i Celso S\u00e1nchez Mond\u00e9jar<\/p>\n        \n                    <a href=\"\/wp-content\/uploads\/2025\/01\/publi-revistas\/pub_161.pdf\" class=\"documento-btn\">\n                <i class=\"fas fa-file-pdf\"><\/i> Descarregar PDF\n            <\/a>\n            <\/div>\n\n        \n    <div class=\"documento-item\">\n                    <h2 class=\"documento-title\">Evid\u00e8ncies arqueol\u00f2giques d&#039;un corral de com\u00e8dies a l&#039;Hospital Sant Joan de D\u00e9u (Orihuela, Alacant)<\/h2>\n        \n                    <p class=\"documento-subtitle\">Silvia Yus Cec\u00edlia<\/p>\n        \n                    <a href=\"\/wp-content\/uploads\/2025\/01\/publi-revistas\/pub_162.pdf\" class=\"documento-btn\">\n                <i class=\"fas fa-file-pdf\"><\/i> Descarregar PDF\n            <\/a>\n            <\/div>\n\n        \n    <div class=\"documento-item\">\n                    <h2 class=\"documento-title\">La Torre Bombarda (l&#039;Alf\u00e0s del Pi, Alacant)<\/h2>\n        \n                    <p class=\"documento-subtitle\">Carolina Fredes Castillejo<\/p>\n        \n                    <a href=\"\/wp-content\/uploads\/2025\/01\/publi-revistas\/pub_163.pdf\" class=\"documento-btn\">\n                <i class=\"fas fa-file-pdf\"><\/i> Descarregar PDF\n            <\/a>\n            <\/div>\n\n        \n    <div class=\"documento-item\">\n                    <h2 class=\"documento-title\">Intervenci\u00f3 arqueol\u00f2gica al sepulcre del Cabildo Catedralici de la SI Catedral d&#039;Oriola<\/h2>\n        \n                    <p class=\"documento-subtitle\">Javier Cecilia Espinosa i Mariano Cecilia Espinosa<\/p>\n        \n                    <a href=\"\/wp-content\/uploads\/2025\/01\/publi-revistas\/pub_164.pdf\" class=\"documento-btn\">\n                <i class=\"fas fa-file-pdf\"><\/i> Descarregar PDF\n            <\/a>\n            <\/div>","protected":false},"excerpt":{"rendered":"ARQUEOLOG\u00cdA Y ADMINISTRACI\u00d3N AUTON\u00d3MICA EN LA COMUNIDAD VALENCIANA (2002-2012): ALICANTE Consuelo Matamoros de Villa y<span class=\"excerpt-hellip\"> [\u2026]<\/span>","protected":false},"featured_media":18508,"template":"","meta":{"kia_subtitle":""},"product_brand":[],"product_cat":[1365],"product_tag":[],"class_list":{"0":"post-18683","1":"product","2":"type-product","3":"status-publish","4":"has-post-thumbnail","6":"product_cat-marq-arqueologia-y-museos","8":"first","9":"instock","10":"virtual","11":"product-type-simple"},"meta_box":{"ia_expediente":"","ia_ano":"","ia_fechas_de_actuacion":"","ia_municipios_comarcas":"","ia_directores":"","ia_periodos_culturales":"","ia_tipos_de_intervencion":"","ia_equipo_tecnico":"","ia_autores":"","ia_promotores":"","ia_deposito_de_materiales":"","ia_coordenadas_utm":""},"_links":{"self":[{"href":"https:\/\/marqalicante-admin.qwair.com\/va\/wp-json\/wp\/v2\/product\/18683","targetHints":{"allow":["GET"]}}],"collection":[{"href":"https:\/\/marqalicante-admin.qwair.com\/va\/wp-json\/wp\/v2\/product"}],"about":[{"href":"https:\/\/marqalicante-admin.qwair.com\/va\/wp-json\/wp\/v2\/types\/product"}],"wp:featuredmedia":[{"embeddable":true,"href":"https:\/\/marqalicante-admin.qwair.com\/va\/wp-json\/wp\/v2\/media\/18508"}],"wp:attachment":[{"href":"https:\/\/marqalicante-admin.qwair.com\/va\/wp-json\/wp\/v2\/media?parent=18683"}],"wp:term":[{"taxonomy":"product_brand","embeddable":true,"href":"https:\/\/marqalicante-admin.qwair.com\/va\/wp-json\/wp\/v2\/product_brand?post=18683"},{"taxonomy":"product_cat","embeddable":true,"href":"https:\/\/marqalicante-admin.qwair.com\/va\/wp-json\/wp\/v2\/product_cat?post=18683"},{"taxonomy":"product_tag","embeddable":true,"href":"https:\/\/marqalicante-admin.qwair.com\/va\/wp-json\/wp\/v2\/product_tag?post=18683"}],"curies":[{"name":"wp","href":"https:\/\/api.w.org\/{rel}","templated":true}]}}