{"id":18682,"date":"2025-01-20T06:01:47","date_gmt":"2025-01-20T06:01:47","guid":{"rendered":"https:\/\/marqalicante-admin.qwair.com\/item\/los-toros-de-el-argar-figurillas-de-arcilla-de-la-edad-del-bronce\/"},"modified":"2025-06-04T16:33:28","modified_gmt":"2025-06-04T16:33:28","slug":"los-toros-de-el-argar-figurillas-de-arcilla-de-la-edad-del-bronce","status":"publish","type":"product","link":"https:\/\/marqalicante-admin.qwair.com\/va\/producte\/los-toros-de-el-argar-figurillas-de-arcilla-de-la-edad-del-bronce\/","title":{"rendered":"Els bous de l&#039;Argar."},"content":{"rendered":"<div class=\"documento-item\">\n        \n        \n                    <a href=\"https:\/\/marqalicante.com\/contenido\/publicaciones\/pub_147.pdf\" class=\"documento-btn\" target=\"_blank\" rel=\"noopener\">\n                <i class=\"fas fa-file-pdf\"><\/i> Descarregar PDF\n            <\/a>\n            <\/div>","protected":false},"excerpt":{"rendered":"<p>Durant les excavacions pioneres de Luis Siret als jaciments almeriencs de la Cultura de l&#039;Argar, a finals del segle XIX, van apar\u00e8ixer unes petites i enigm\u00e0tiques figuretes d&#039;argila que representaven esquem\u00e0ticament bous o vaques. Durant gaireb\u00e9 un segle l&#039;atribuci\u00f3 cultural d&#039;aquestes petites figuretes ha estat envoltada de la controv\u00e8rsia. Avui ja resulta indiscutible la seva pertinen\u00e7a a l&#039;Edat del Bronze, gr\u00e0cies als treballs realitzats en dates recents al jaciment alacant\u00ed de Vessants del Castell, a Callosa de Segura, i en altres jaciments de la pen\u00ednsula, com La Bastida o Marroquins Baixos.<\/p>","protected":false},"featured_media":18507,"template":"","meta":{"kia_subtitle":""},"product_brand":[],"product_cat":[1397],"product_tag":[],"class_list":{"0":"post-18682","1":"product","2":"type-product","3":"status-publish","4":"has-post-thumbnail","6":"product_cat-publicaciones","8":"first","9":"instock","10":"virtual","11":"product-type-simple"},"meta_box":{"ia_expediente":"","ia_ano":"","ia_fechas_de_actuacion":"","ia_municipios_comarcas":"","ia_directores":"","ia_periodos_culturales":"","ia_tipos_de_intervencion":"","ia_equipo_tecnico":"","ia_autores":"","ia_promotores":"","ia_deposito_de_materiales":"","ia_coordenadas_utm":""},"_links":{"self":[{"href":"https:\/\/marqalicante-admin.qwair.com\/va\/wp-json\/wp\/v2\/product\/18682","targetHints":{"allow":["GET"]}}],"collection":[{"href":"https:\/\/marqalicante-admin.qwair.com\/va\/wp-json\/wp\/v2\/product"}],"about":[{"href":"https:\/\/marqalicante-admin.qwair.com\/va\/wp-json\/wp\/v2\/types\/product"}],"wp:featuredmedia":[{"embeddable":true,"href":"https:\/\/marqalicante-admin.qwair.com\/va\/wp-json\/wp\/v2\/media\/18507"}],"wp:attachment":[{"href":"https:\/\/marqalicante-admin.qwair.com\/va\/wp-json\/wp\/v2\/media?parent=18682"}],"wp:term":[{"taxonomy":"product_brand","embeddable":true,"href":"https:\/\/marqalicante-admin.qwair.com\/va\/wp-json\/wp\/v2\/product_brand?post=18682"},{"taxonomy":"product_cat","embeddable":true,"href":"https:\/\/marqalicante-admin.qwair.com\/va\/wp-json\/wp\/v2\/product_cat?post=18682"},{"taxonomy":"product_tag","embeddable":true,"href":"https:\/\/marqalicante-admin.qwair.com\/va\/wp-json\/wp\/v2\/product_tag?post=18682"}],"curies":[{"name":"wp","href":"https:\/\/api.w.org\/{rel}","templated":true}]}}