{"id":18678,"date":"2025-02-03T07:09:32","date_gmt":"2025-02-03T07:09:32","guid":{"rendered":"https:\/\/marqalicante-admin.qwair.com\/item\/marq-arqueologia-y-museos-07-2\/"},"modified":"2025-06-04T16:33:28","modified_gmt":"2025-06-04T16:33:28","slug":"marq-arqueologia-y-museos-07-2","status":"publish","type":"product","link":"https:\/\/marqalicante-admin.qwair.com\/va\/producte\/marq-arqueologia-y-museos-07-2\/","title":{"rendered":"MARQ, ARQUEOLOGIA I MUSEUS 07"},"content":{"rendered":"<div class=\"documento-item\">\n                    <h2 class=\"documento-title\">Mort i espectacle en arqueologia<\/h2>\n        \n                    <p class=\"documento-subtitle\">Vicente Lull<\/p>\n        \n                    <a href=\"\/wp-content\/uploads\/2025\/01\/publi-revistas\/pub_97.pdf\" class=\"documento-btn\">\n                <i class=\"fas fa-file-pdf\"><\/i> Descarregar PDF\n            <\/a>\n            <\/div>\n\n        \n    <div class=\"documento-item\">\n                    <h2 class=\"documento-title\">Galanet (Elx, Alacant). Noves evid\u00e8ncies d&#039;ocupaci\u00f3 humana del Camp d&#039;Elx durant el neol\u00edtic final<\/h2>\n        \n                    <p class=\"documento-subtitle\">Palmira Torregrosa Gim\u00e9nez i Eduardo L\u00f3pez Segu\u00ed<\/p>\n        \n                    <a href=\"\/wp-content\/uploads\/2025\/01\/publi-revistas\/pub_98.pdf\" class=\"documento-btn\">\n                <i class=\"fas fa-file-pdf\"><\/i> Descarregar PDF\n            <\/a>\n            <\/div>\n\n        \n    <div class=\"documento-item\">\n                    <h2 class=\"documento-title\">La Casa del forn de la Illeta dels Banyets (El Campello, Alacant): un taller d&#039;espart a la Contest\u00e0nia ib\u00e8rica<\/h2>\n        \n                    <p class=\"documento-subtitle\">Pascual Perdiguero Asensi<\/p>\n        \n                    <a href=\"\/wp-content\/uploads\/2025\/01\/publi-revistas\/pub_99.pdf\" class=\"documento-btn\">\n                <i class=\"fas fa-file-pdf\"><\/i> Descarregar PDF\n            <\/a>\n            <\/div>\n\n        \n    <div class=\"documento-item\">\n                    <h2 class=\"documento-title\">Noves evid\u00e8ncies de la producci\u00f3 de lluernes a la vall del Vinalop\u00f3: un motlle procedent de Villa Petraria (Petrer, Alacant)<\/h2>\n        \n                    <p class=\"documento-subtitle\">Ana Garc\u00eda Barrachina<\/p>\n        \n                    <a href=\"\/wp-content\/uploads\/2025\/01\/publi-revistas\/pub_100.pdf\" class=\"documento-btn\">\n                <i class=\"fas fa-file-pdf\"><\/i> Descarregar PDF\n            <\/a>\n            <\/div>\n\n        \n    <div class=\"documento-item\">\n                    <h2 class=\"documento-title\">Monedes d&#039;assecs provincials romans d&#039;Hisp\u00e0nia de la col\u00b7lecci\u00f3 Enrique Llobregat (MARQ, Alacant)<\/h2>\n        \n                    <p class=\"documento-subtitle\">Julio J. Ram\u00f3n S\u00e1nchez i Jos\u00e9 M. Torregrosa Yago<\/p>\n        \n                    <a href=\"\/wp-content\/uploads\/2025\/01\/publi-revistas\/pub_101.pdf\" class=\"documento-btn\">\n                <i class=\"fas fa-file-pdf\"><\/i> Descarregar PDF\n            <\/a>\n            <\/div>\n\n        \n    <div class=\"documento-item\">\n                    <h2 class=\"documento-title\">De la vil\u00b7la romana a l&#039;alqueria baixmedieval a l&#039;Alacant\u00ed. Excavaci\u00f3 arqueol\u00f2gica a l&#039;Avinguda Conrado Albaladejo (Alacant)<\/h2>\n        \n                    <p class=\"documento-subtitle\">Francisco Andr\u00e9s Molina Mas, Jos\u00e9 Ram\u00f3n Ortega P\u00e9rez i Immaculada Reina G\u00f3mez<\/p>\n        \n                    <a href=\"\/wp-content\/uploads\/2025\/01\/publi-revistas\/pub_102.pdf\" class=\"documento-btn\">\n                <i class=\"fas fa-file-pdf\"><\/i> Descarregar PDF\n            <\/a>\n            <\/div>\n\n        \n    <div class=\"documento-item\">\n                    <h2 class=\"documento-title\">Inscripcions a rib\u0101\u1e6d d&#039;al-Andalus (Guardamar i Arrifana)<\/h2>\n        \n                    <p class=\"documento-subtitle\">Carmen Barcel\u00f3<\/p>\n        \n                    <a href=\"\/wp-content\/uploads\/2025\/01\/publi-revistas\/pub_103.pdf\" class=\"documento-btn\">\n                <i class=\"fas fa-file-pdf\"><\/i> Descarregar PDF\n            <\/a>\n            <\/div>\n\n        \n    <div class=\"documento-item\">\n                    <h2 class=\"documento-title\">R\u00e0pites al l\u00edmit occidental de l&#039;Islam medieval. La seva incid\u00e8ncia en la configuraci\u00f3 del paisatge fronterer al sector oriental de la vall de l&#039;Ebre altmedieval: La R\u00e0pita (Lleida)<\/h2>\n        \n                    <p class=\"documento-subtitle\">Jes\u00fas Brufal Sucarrat<\/p>\n        \n                    <a href=\"\/wp-content\/uploads\/2025\/01\/publi-revistas\/pub_104.pdf\" class=\"documento-btn\">\n                <i class=\"fas fa-file-pdf\"><\/i> Descarregar PDF\n            <\/a>\n            <\/div>\n\n        \n    <div class=\"documento-item\">\n                    <h2 class=\"documento-title\">Redescobrint el Castillet (Millares, Val\u00e8ncia). Una nova lectura de la fortalesa isl\u00e0mica al costat del X\u00faquer a partir dels resultats de la primera campanya d\u00b4excavacions<\/h2>\n        \n                    <p class=\"documento-subtitle\">Trinitat Mart\u00ednez i Rubio i Ximo Martorell Briz<\/p>\n        \n                    <a href=\"\/wp-content\/uploads\/2025\/01\/publi-revistas\/pub_105.pdf\" class=\"documento-btn\">\n                <i class=\"fas fa-file-pdf\"><\/i> Descarregar PDF\n            <\/a>\n            <\/div>\n\n        \n    <div class=\"documento-item\">\n                    <h2 class=\"documento-title\">Arqueologia de la fortificaci\u00f3 de la costa d&#039;Alacant en \u00e8poca medieval i moderna. El cas del sistema defensiu de Calp<\/h2>\n        \n                    <p class=\"documento-subtitle\">Jos\u00e9 Luis Men\u00e9ndez Fueyo i Joaqu\u00edn Pina Mira<\/p>\n        \n                    <a href=\"\/wp-content\/uploads\/2025\/01\/publi-revistas\/pub_106.pdf\" class=\"documento-btn\">\n                <i class=\"fas fa-file-pdf\"><\/i> Descarregar PDF\n            <\/a>\n            <\/div>\n\n        \n    <div class=\"documento-item\">\n                    <h2 class=\"documento-title\">El Museu Monogr\u00e0fic de l\u00b4Alc\u00fadia d\u00b4Elx. Una nova etapa a la seva hist\u00f2ria<\/h2>\n        \n                    <p class=\"documento-subtitle\">Alexandre Ramos Molina<\/p>\n        \n                    <a href=\"\/wp-content\/uploads\/2025\/01\/publi-revistas\/pub_107.pdf\" class=\"documento-btn\">\n                <i class=\"fas fa-file-pdf\"><\/i> Descarregar PDF\n            <\/a>\n            <\/div>\n\n        \n    <div class=\"documento-item\">\n                    <h2 class=\"documento-title\">Mem\u00f2ria d&#039;Activitats del MARQ 2015<\/h2>\n        \n                    <p class=\"documento-subtitle\">MARQ. Equip t\u00e8cnic<\/p>\n        \n                    <a href=\"\/wp-content\/uploads\/2025\/01\/publi-revistas\/pub_108.pdf\" class=\"documento-btn\">\n                <i class=\"fas fa-file-pdf\"><\/i> Descarregar PDF\n            <\/a>\n            <\/div>","protected":false},"excerpt":{"rendered":"<p>Publicaci\u00f3 peri\u00f2dica i sistem\u00e0tica sobre els treballs de recerca arqueol\u00f2gica amb articles centrats en la pr\u00e0ctica pr\u00f2pia dels museus, per donar a con\u00e8ixer la investigaci\u00f3 del ric patrimoni arqueol\u00f2gic d&#039;Alacant.<\/p>","protected":false},"featured_media":18503,"template":"","meta":{"kia_subtitle":""},"product_brand":[],"product_cat":[1365],"product_tag":[],"class_list":{"0":"post-18678","1":"product","2":"type-product","3":"status-publish","4":"has-post-thumbnail","6":"product_cat-marq-arqueologia-y-museos","8":"first","9":"instock","10":"virtual","11":"product-type-simple"},"meta_box":{"ia_expediente":"","ia_ano":"","ia_fechas_de_actuacion":"","ia_municipios_comarcas":"","ia_directores":"","ia_periodos_culturales":"","ia_tipos_de_intervencion":"","ia_equipo_tecnico":"","ia_autores":"","ia_promotores":"","ia_deposito_de_materiales":"","ia_coordenadas_utm":""},"_links":{"self":[{"href":"https:\/\/marqalicante-admin.qwair.com\/va\/wp-json\/wp\/v2\/product\/18678","targetHints":{"allow":["GET"]}}],"collection":[{"href":"https:\/\/marqalicante-admin.qwair.com\/va\/wp-json\/wp\/v2\/product"}],"about":[{"href":"https:\/\/marqalicante-admin.qwair.com\/va\/wp-json\/wp\/v2\/types\/product"}],"wp:featuredmedia":[{"embeddable":true,"href":"https:\/\/marqalicante-admin.qwair.com\/va\/wp-json\/wp\/v2\/media\/18503"}],"wp:attachment":[{"href":"https:\/\/marqalicante-admin.qwair.com\/va\/wp-json\/wp\/v2\/media?parent=18678"}],"wp:term":[{"taxonomy":"product_brand","embeddable":true,"href":"https:\/\/marqalicante-admin.qwair.com\/va\/wp-json\/wp\/v2\/product_brand?post=18678"},{"taxonomy":"product_cat","embeddable":true,"href":"https:\/\/marqalicante-admin.qwair.com\/va\/wp-json\/wp\/v2\/product_cat?post=18678"},{"taxonomy":"product_tag","embeddable":true,"href":"https:\/\/marqalicante-admin.qwair.com\/va\/wp-json\/wp\/v2\/product_tag?post=18678"}],"curies":[{"name":"wp","href":"https:\/\/api.w.org\/{rel}","templated":true}]}}