{"id":18664,"date":"2025-02-03T07:09:32","date_gmt":"2025-02-03T07:09:32","guid":{"rendered":"https:\/\/marqalicante-admin.qwair.com\/item\/marq-arqueologia-y-museos-05-2\/"},"modified":"2025-06-04T16:33:27","modified_gmt":"2025-06-04T16:33:27","slug":"marq-arqueologia-y-museos-05-2","status":"publish","type":"product","link":"https:\/\/marqalicante-admin.qwair.com\/va\/producte\/marq-arqueologia-y-museos-05-2\/","title":{"rendered":"MARQ, ARQUEOLOGIA I MUSEUS 05"},"content":{"rendered":"<div class=\"documento-item\">\n                    <h2 class=\"documento-title\">Transcorreguts 10 anys<\/h2>\n        \n                    <p class=\"documento-subtitle\">JA Cort\u00e9s Garrido i Manuel H. Olcina Dom\u00e9nech<\/p>\n        \n                    <a href=\"\/wp-content\/uploads\/2025\/01\/publi-revistas\/pub_73.pdf\" class=\"documento-btn\">\n                <i class=\"fas fa-file-pdf\"><\/i> Descarregar PDF\n            <\/a>\n            <\/div>\n\n        \n    <div class=\"documento-item\">\n                    <h2 class=\"documento-title\">Les ind\u00fastries de la Cova dels Blaus (Vall d&#039;Uix\u00f3, Castell\u00f3). Aportaci\u00f3 a la transici\u00f3 paleol\u00edtic-epipaleol\u00edtic a les comarques septentrionals del Pa\u00eds Valenci\u00e0<\/h2>\n        \n                    <p class=\"documento-subtitle\">Josep A. Casab\u00f3 i Bernad<\/p>\n        \n                    <a href=\"\/wp-content\/uploads\/2025\/01\/publi-revistas\/pub_74.pdf\" class=\"documento-btn\">\n                <i class=\"fas fa-file-pdf\"><\/i> Descarregar PDF\n            <\/a>\n            <\/div>\n\n        \n    <div class=\"documento-item\">\n                    <h2 class=\"documento-title\">Mas d&#039;Is i les construccions amb fossats del VI al III mil\u00b7lenni cal\u00e7 aC<\/h2>\n        \n                    <p class=\"documento-subtitle\">Joan Bernabeu Aub\u00e1n, Teresa Orozco K\u00f6hler, Agust\u00edn Diez Castillo<\/p>\n        \n                    <a href=\"\/wp-content\/uploads\/2025\/01\/publi-revistas\/pub_75.pdf\" class=\"documento-btn\">\n                <i class=\"fas fa-file-pdf\"><\/i> Descarregar PDF\n            <\/a>\n            <\/div>\n\n        \n    <div class=\"documento-item\">\n                    <h2 class=\"documento-title\">Estudi arqueometal\u00b7l\u00fargic del punx\u00f3 de Cova de la Pesseta (Torrelles de Foix, Barcelona). Dades composicionals, metal\u00b7logr\u00e0fics, isot\u00f2piques i funcionals<\/h2>\n        \n                    <p class=\"documento-subtitle\">Ignacio Soriano, Jorge Cham\u00f3n Fern\u00e1ndez<\/p>\n        \n                    <a href=\"\/wp-content\/uploads\/2025\/01\/publi-revistas\/pub_76.pdf\" class=\"documento-btn\">\n                <i class=\"fas fa-file-pdf\"><\/i> Descarregar PDF\n            <\/a>\n            <\/div>\n\n        \n    <div class=\"documento-item\">\n                    <h2 class=\"documento-title\">Petjades d&#039;\u00fas a les alabardes arg\u00e0riques: una primera aproximaci\u00f3<\/h2>\n        \n                    <p class=\"documento-subtitle\">Dirk Brandherm<\/p>\n        \n                    <a href=\"\/wp-content\/uploads\/2025\/01\/publi-revistas\/pub_77.pdf\" class=\"documento-btn\">\n                <i class=\"fas fa-file-pdf\"><\/i> Descarregar PDF\n            <\/a>\n            <\/div>\n\n        \n    <div class=\"documento-item\">\n                    <h2 class=\"documento-title\">A mig cam\u00ed. Excavacions arqueol\u00f2giques a El Negret (Agost, Alacant)<\/h2>\n        \n                    <p class=\"documento-subtitle\">Virginia Barciela Gonz\u00e1lez, Mauro S. Hern\u00e1ndez P\u00e9rez, Eduardo L\u00f3pez Segu\u00ed, Palmira Torregrosa Gim\u00e9nez<\/p>\n        \n                    <a href=\"\/wp-content\/uploads\/2025\/01\/publi-revistas\/pub_78.pdf\" class=\"documento-btn\">\n                <i class=\"fas fa-file-pdf\"><\/i> Descarregar PDF\n            <\/a>\n            <\/div>\n\n        \n    <div class=\"documento-item\">\n                    <h2 class=\"documento-title\">El kalathos del gall: una decoraci\u00f3 simb\u00f2lica singular en un got de Lucentum<\/h2>\n        \n                    <p class=\"documento-subtitle\">Miguel F. P\u00e9rez Blasco<\/p>\n        \n                    <a href=\"\/wp-content\/uploads\/2025\/01\/publi-revistas\/pub_79.pdf\" class=\"documento-btn\">\n                <i class=\"fas fa-file-pdf\"><\/i> Descarregar PDF\n            <\/a>\n            <\/div>\n\n        \n    <div class=\"documento-item\">\n                    <h2 class=\"documento-title\">Un fragment de cer\u00e0mica ib\u00e8rica pintada del Tossal de Manises atribu\u00eft a Castell del Riu (Aspe)<\/h2>\n        \n                    <p class=\"documento-subtitle\">Enric Verd\u00fa Parra, Manuel H. Olcina Dom\u00e8nech<\/p>\n        \n                    <a href=\"\/wp-content\/uploads\/2025\/01\/publi-revistas\/pub_80.pdf\" class=\"documento-btn\">\n                <i class=\"fas fa-file-pdf\"><\/i> Descarregar PDF\n            <\/a>\n            <\/div>\n\n        \n    <div class=\"documento-item\">\n                    <h2 class=\"documento-title\">Una possible producci\u00f3 del Portus Ilicitanus (Santa Pola, Alacant)<\/h2>\n        \n                    <p class=\"documento-subtitle\">Ana Garc\u00eda Barrachina<\/p>\n        \n                    <a href=\"\/wp-content\/uploads\/2025\/01\/publi-revistas\/pub_81.pdf\" class=\"documento-btn\">\n                <i class=\"fas fa-file-pdf\"><\/i> Descarregar PDF\n            <\/a>\n            <\/div>\n\n        \n    <div class=\"documento-item\">\n                    <h2 class=\"documento-title\">Revisant la transici\u00f3. El final de l&#039;Antiguitat Tarda al jaciment de Fontcalent (Alacant)<\/h2>\n        \n                    <p class=\"documento-subtitle\">M\u00aa Teresa Xim\u00e9nez d&#039;Emb\u00fan S\u00e1nchez<\/p>\n        \n                    <a href=\"\/wp-content\/uploads\/2025\/01\/publi-revistas\/pub_82.pdf\" class=\"documento-btn\">\n                <i class=\"fas fa-file-pdf\"><\/i> Descarregar PDF\n            <\/a>\n            <\/div>\n\n        \n    <div class=\"documento-item\">\n        \n        \n                    <a href=\"\/wp-content\/uploads\/2025\/01\/publi-revistas\/pub_83.pdf\" class=\"documento-btn\">\n                <i class=\"fas fa-file-pdf\"><\/i> Descarregar PDF\n            <\/a>\n            <\/div>\n\n        \n    <div class=\"documento-item\">\n                    <h2 class=\"documento-title\">Deu exposicions del cicle \u201cMuseus Municipals al MARQ\u201d<\/h2>\n        \n                    <p class=\"documento-subtitle\">Jorge A. Soler, Jose Luis Men\u00e9ndez, Juan A. L\u00f3pez, Teresa Xim\u00e9nez d&#039;Emb\u00fan, Lorena Hern\u00e1ndez, S\u00edlvia Roca, Elena Santamarina, Rafael Moya i Gemma Sala<\/p>\n        \n                    <a href=\"\/wp-content\/uploads\/2025\/01\/publi-revistas\/pub_84.pdf\" class=\"documento-btn\">\n                <i class=\"fas fa-file-pdf\"><\/i> Descarregar PDF\n            <\/a>\n            <\/div>\n\n        \n    <div class=\"documento-item\">\n                    <h2 class=\"documento-title\">MARQ. Mem\u00f2ria d&#039;activitats 2010-2011<\/h2>\n        \n                    <p class=\"documento-subtitle\">MARQ. Equip t\u00e8cnic<\/p>\n        \n                    <a href=\"\/wp-content\/uploads\/2025\/01\/publi-revistas\/pub_85.pdf\" class=\"documento-btn\">\n                <i class=\"fas fa-file-pdf\"><\/i> Descarregar PDF\n            <\/a>\n            <\/div>","protected":false},"excerpt":{"rendered":"<p>Publicaci\u00f3 peri\u00f2dica de difusi\u00f3 de treballs de car\u00e0cter cient\u00edfic relacionats amb la investigaci\u00f3 arqueol\u00f2gica i museogr\u00e0fica.<\/p>","protected":false},"featured_media":18489,"template":"","meta":{"kia_subtitle":""},"product_brand":[],"product_cat":[1365],"product_tag":[],"class_list":{"0":"post-18664","1":"product","2":"type-product","3":"status-publish","4":"has-post-thumbnail","6":"product_cat-marq-arqueologia-y-museos","8":"first","9":"instock","10":"virtual","11":"product-type-simple"},"meta_box":{"ia_expediente":"","ia_ano":"","ia_fechas_de_actuacion":"","ia_municipios_comarcas":"","ia_directores":"","ia_periodos_culturales":"","ia_tipos_de_intervencion":"","ia_equipo_tecnico":"","ia_autores":"","ia_promotores":"","ia_deposito_de_materiales":"","ia_coordenadas_utm":""},"_links":{"self":[{"href":"https:\/\/marqalicante-admin.qwair.com\/va\/wp-json\/wp\/v2\/product\/18664","targetHints":{"allow":["GET"]}}],"collection":[{"href":"https:\/\/marqalicante-admin.qwair.com\/va\/wp-json\/wp\/v2\/product"}],"about":[{"href":"https:\/\/marqalicante-admin.qwair.com\/va\/wp-json\/wp\/v2\/types\/product"}],"wp:featuredmedia":[{"embeddable":true,"href":"https:\/\/marqalicante-admin.qwair.com\/va\/wp-json\/wp\/v2\/media\/18489"}],"wp:attachment":[{"href":"https:\/\/marqalicante-admin.qwair.com\/va\/wp-json\/wp\/v2\/media?parent=18664"}],"wp:term":[{"taxonomy":"product_brand","embeddable":true,"href":"https:\/\/marqalicante-admin.qwair.com\/va\/wp-json\/wp\/v2\/product_brand?post=18664"},{"taxonomy":"product_cat","embeddable":true,"href":"https:\/\/marqalicante-admin.qwair.com\/va\/wp-json\/wp\/v2\/product_cat?post=18664"},{"taxonomy":"product_tag","embeddable":true,"href":"https:\/\/marqalicante-admin.qwair.com\/va\/wp-json\/wp\/v2\/product_tag?post=18664"}],"curies":[{"name":"wp","href":"https:\/\/api.w.org\/{rel}","templated":true}]}}