{"id":18663,"date":"2025-02-03T07:09:32","date_gmt":"2025-02-03T07:09:32","guid":{"rendered":"https:\/\/marqalicante-admin.qwair.com\/item\/marq-arqueologia-y-museos-04-2\/"},"modified":"2025-06-04T16:33:27","modified_gmt":"2025-06-04T16:33:27","slug":"marq-arqueologia-y-museos-04-2","status":"publish","type":"product","link":"https:\/\/marqalicante-admin.qwair.com\/va\/producte\/marq-arqueologia-y-museos-04-2\/","title":{"rendered":"MARQ, ARQUEOLOGIA I MUSEUS 04"},"content":{"rendered":"<div class=\"documento-item\">\n                    <h2 class=\"documento-title\">Graphic complexes of Central \u00c0sia<\/h2>\n        \n                    <p class=\"documento-subtitle\">Marina E. Kilunovskaya<\/p>\n        \n                    <a href=\"\/wp-content\/uploads\/2025\/01\/publi-revistas\/pub_61.pdf\" class=\"documento-btn\">\n                <i class=\"fas fa-file-pdf\"><\/i> Descarregar PDF\n            <\/a>\n            <\/div>\n\n        \n    <div class=\"documento-item\">\n                    <h2 class=\"documento-title\">Ethno-Cultural Interactions in Northern Eurasia in the 3rd-1st Millennia BC<\/h2>\n        \n                    <p class=\"documento-subtitle\">Vladimir A. Semenov<\/p>\n        \n                    <a href=\"\/wp-content\/uploads\/2025\/01\/publi-revistas\/pub_62.pdf\" class=\"documento-btn\">\n                <i class=\"fas fa-file-pdf\"><\/i> Descarregar PDF\n            <\/a>\n            <\/div>\n\n        \n    <div class=\"documento-item\">\n                    <h2 class=\"documento-title\">Campanya d&#039;excavaci\u00f3 arqueol\u00f2gica d&#039;urg\u00e8ncia a Caramoro II (Elx, Alacant)<\/h2>\n        \n                    <p class=\"documento-subtitle\">Pablo Garc\u00eda Borja, Yolanda Carri\u00f3n Marco, Isabel Collado Beneyto, Ignasi Montero Ruiz, Manuel Mu\u00f1oz Abril, Guillem P\u00e9rez Jord\u00e0, Clodoaldo Rold\u00e1n Garc\u00eda, D\u00eddac Roman Monroig, Carmen Tormo Cu\u00f1at, Carlos Verdasco Cebri\u00e1n, Jaime Vives-Ferr\u00e1ndiz<\/p>\n        \n                    <a href=\"\/wp-content\/uploads\/2025\/01\/publi-revistas\/pub_63.pdf\" class=\"documento-btn\">\n                <i class=\"fas fa-file-pdf\"><\/i> Descarregar PDF\n            <\/a>\n            <\/div>\n\n        \n    <div class=\"documento-item\">\n                    <h2 class=\"documento-title\">Camperols fortificats davant dels conqueridors feudals a la muntanya alacantina (S.XII-XIII)<\/h2>\n        \n                    <p class=\"documento-subtitle\">Rafael Azuar Ru\u00edz<\/p>\n        \n                    <a href=\"\/wp-content\/uploads\/2025\/01\/publi-revistas\/pub_64.pdf\" class=\"documento-btn\">\n                <i class=\"fas fa-file-pdf\"><\/i> Descarregar PDF\n            <\/a>\n            <\/div>\n\n        \n    <div class=\"documento-item\">\n                    <h2 class=\"documento-title\">Intervenci\u00f3 restaurat\u00f2ria i investigaci\u00f3 hist\u00f2rica. El sistema d&#039;accessos al castell medieval d&#039;Alacant<\/h2>\n        \n                    <p class=\"documento-subtitle\">M\u00e0rius Bevi\u00e0 i Garc\u00eda, Silvia Yus Cecilia i Jaime Giner Mart\u00ednez<\/p>\n        \n                    <a href=\"\/wp-content\/uploads\/2025\/01\/publi-revistas\/pub_65.pdf\" class=\"documento-btn\">\n                <i class=\"fas fa-file-pdf\"><\/i> Descarregar PDF\n            <\/a>\n            <\/div>\n\n        \n    <div class=\"documento-item\">\n                    <h2 class=\"documento-title\">Did\u00e0ctica del Neol\u00edtic al MARQ i al Pla de Petracos. A prop\u00f2sit de la participaci\u00f3 del Museu al Projecte Reality(*)<\/h2>\n        \n                    <p class=\"documento-subtitle\">Jorge A. Soler D\u00edaz i Gema Sala P\u00e9rez<\/p>\n        \n                    <a href=\"\/wp-content\/uploads\/2025\/01\/publi-revistas\/pub_66.pdf\" class=\"documento-btn\">\n                <i class=\"fas fa-file-pdf\"><\/i> Descarregar PDF\n            <\/a>\n            <\/div>\n\n        \n    <div class=\"documento-item\">\n                    <h2 class=\"documento-title\">Una experi\u00e8ncia integrada d\u00bfeducaci\u00f3 i investigaci\u00f3 prehist\u00f2rica. El Camp d&#039;Aprenentatge de la Noguera<\/h2>\n        \n                    <p class=\"documento-subtitle\">Antoni Bardavio Novi<\/p>\n        \n                    <a href=\"\/wp-content\/uploads\/2025\/01\/publi-revistas\/pub_67.pdf\" class=\"documento-btn\">\n                <i class=\"fas fa-file-pdf\"><\/i> Descarregar PDF\n            <\/a>\n            <\/div>\n\n        \n    <div class=\"documento-item\">\n                    <h2 class=\"documento-title\">Interpretar el patrimoni a la museografia de nova generaci\u00f3<\/h2>\n        \n                    <p class=\"documento-subtitle\">Joan Santacana Mestre<\/p>\n        \n                    <a href=\"\/wp-content\/uploads\/2025\/01\/publi-revistas\/pub_68.pdf\" class=\"documento-btn\">\n                <i class=\"fas fa-file-pdf\"><\/i> Descarregar PDF\n            <\/a>\n            <\/div>\n\n        \n    <div class=\"documento-item\">\n                    <h2 class=\"documento-title\">La relaci\u00f3 entre el passat i el present. Pensar quin futur volem coneixent la prehist\u00f2ria<\/h2>\n        \n                    <p class=\"documento-subtitle\">Paula Jard\u00f3n Giner<\/p>\n        \n                    <a href=\"\/wp-content\/uploads\/2025\/01\/publi-revistas\/pub_69.pdf\" class=\"documento-btn\">\n                <i class=\"fas fa-file-pdf\"><\/i> Descarregar PDF\n            <\/a>\n            <\/div>\n\n        \n    <div class=\"documento-item\">\n                    <h2 class=\"documento-title\">Els valors educatius de la prehist\u00f2ria a l&#039;ensenyament obligatori<\/h2>\n        \n                    <p class=\"documento-subtitle\">Gonzalo Ruiz Zapatero<\/p>\n        \n                    <a href=\"\/wp-content\/uploads\/2025\/01\/publi-revistas\/pub_70.pdf\" class=\"documento-btn\">\n                <i class=\"fas fa-file-pdf\"><\/i> Descarregar PDF\n            <\/a>\n            <\/div>\n\n        \n    <div class=\"documento-item\">\n                    <h2 class=\"documento-title\">MARQ. Premi al M\u00e8rit Cultural 2009<\/h2>\n        \n                    <p class=\"documento-subtitle\">Josep. A. Cort\u00e9s Garrido, Manuel H. Olcina Dom\u00e8nech i Jorge A. Soler D\u00edaz<\/p>\n        \n                    <a href=\"\/wp-content\/uploads\/2025\/01\/publi-revistas\/pub_71.pdf\" class=\"documento-btn\">\n                <i class=\"fas fa-file-pdf\"><\/i> Descarregar PDF\n            <\/a>\n            <\/div>\n\n        \n    <div class=\"documento-item\">\n                    <h2 class=\"documento-title\">MARQ. Mem\u00f2ria d&#039;activitats 2008-2009<\/h2>\n        \n                    <p class=\"documento-subtitle\">MARQ. Equip t\u00e8cnic<\/p>\n        \n                    <a href=\"\/wp-content\/uploads\/2025\/01\/publi-revistas\/pub_72.pdf\" class=\"documento-btn\">\n                <i class=\"fas fa-file-pdf\"><\/i> Descarregar PDF\n            <\/a>\n            <\/div>","protected":false},"excerpt":{"rendered":"<p>Publicaci\u00f3 peri\u00f2dica de difusi\u00f3 de treballs de car\u00e0cter cient\u00edfic relacionats amb la investigaci\u00f3 arqueol\u00f2gica i museogr\u00e0fica.<\/p>","protected":false},"featured_media":18488,"template":"","meta":{"kia_subtitle":""},"product_brand":[],"product_cat":[1365],"product_tag":[],"class_list":{"0":"post-18663","1":"product","2":"type-product","3":"status-publish","4":"has-post-thumbnail","6":"product_cat-marq-arqueologia-y-museos","8":"first","9":"instock","10":"virtual","11":"product-type-simple"},"meta_box":{"ia_expediente":"","ia_ano":"","ia_fechas_de_actuacion":"","ia_municipios_comarcas":"","ia_directores":"","ia_periodos_culturales":"","ia_tipos_de_intervencion":"","ia_equipo_tecnico":"","ia_autores":"","ia_promotores":"","ia_deposito_de_materiales":"","ia_coordenadas_utm":""},"_links":{"self":[{"href":"https:\/\/marqalicante-admin.qwair.com\/va\/wp-json\/wp\/v2\/product\/18663","targetHints":{"allow":["GET"]}}],"collection":[{"href":"https:\/\/marqalicante-admin.qwair.com\/va\/wp-json\/wp\/v2\/product"}],"about":[{"href":"https:\/\/marqalicante-admin.qwair.com\/va\/wp-json\/wp\/v2\/types\/product"}],"wp:featuredmedia":[{"embeddable":true,"href":"https:\/\/marqalicante-admin.qwair.com\/va\/wp-json\/wp\/v2\/media\/18488"}],"wp:attachment":[{"href":"https:\/\/marqalicante-admin.qwair.com\/va\/wp-json\/wp\/v2\/media?parent=18663"}],"wp:term":[{"taxonomy":"product_brand","embeddable":true,"href":"https:\/\/marqalicante-admin.qwair.com\/va\/wp-json\/wp\/v2\/product_brand?post=18663"},{"taxonomy":"product_cat","embeddable":true,"href":"https:\/\/marqalicante-admin.qwair.com\/va\/wp-json\/wp\/v2\/product_cat?post=18663"},{"taxonomy":"product_tag","embeddable":true,"href":"https:\/\/marqalicante-admin.qwair.com\/va\/wp-json\/wp\/v2\/product_tag?post=18663"}],"curies":[{"name":"wp","href":"https:\/\/api.w.org\/{rel}","templated":true}]}}