{"id":18651,"date":"2025-01-20T06:01:37","date_gmt":"2025-01-20T06:01:37","guid":{"rendered":"https:\/\/marqalicante-admin.qwair.com\/item\/el-ultimo-viaje-de-la-fragata-mercedes-la-razon-frente-al-expolio-un-tesoro-cultural-recuperado\/"},"modified":"2025-06-04T16:33:26","modified_gmt":"2025-06-04T16:33:26","slug":"el-ultimo-viaje-de-la-fragata-mercedes-la-razon-frente-al-expolio-un-tesoro-cultural-recuperado","status":"publish","type":"product","link":"https:\/\/marqalicante-admin.qwair.com\/va\/producte\/el-ultimo-viaje-de-la-fragata-mercedes-la-razon-frente-al-expolio-un-tesoro-cultural-recuperado\/","title":{"rendered":"L&#039;\u00daLTIM VIATGE DE LA FRAGATA MERC\u00c8. LA RA\u00d3 DAVANT DE L&#039;EXPOLI. UN TRESOR CULTURAL RECUPERAT"},"content":{"rendered":"","protected":false},"excerpt":{"rendered":"<p>Cat\u00e0leg de l&#039;exposici\u00f3 que sota aquest mateix t\u00edtol repassa el context hist\u00f2ric de l&#039;enfonsament de la fragata Mercedes el 5 d&#039;octubre de 1804 despr\u00e9s de l&#039;atac d&#039;una flotilla anglesa en aig\u00fces properes a la Badia de Cadis, i tamb\u00e9 la batalla judicial lliurada per l&#039;Estat espanyol per a la recuperaci\u00f3 de les seves restes. , on es pretenia vendre l&#039;espoliat.<\/p>","protected":false},"featured_media":18476,"template":"","meta":{"kia_subtitle":""},"product_brand":[],"product_cat":[1397],"product_tag":[],"class_list":{"0":"post-18651","1":"product","2":"type-product","3":"status-publish","4":"has-post-thumbnail","6":"product_cat-publicaciones","8":"first","9":"instock","10":"virtual","11":"product-type-simple"},"meta_box":{"ia_expediente":"","ia_ano":"","ia_fechas_de_actuacion":"","ia_municipios_comarcas":"","ia_directores":"","ia_periodos_culturales":"","ia_tipos_de_intervencion":"","ia_equipo_tecnico":"","ia_autores":"","ia_promotores":"","ia_deposito_de_materiales":"","ia_coordenadas_utm":""},"_links":{"self":[{"href":"https:\/\/marqalicante-admin.qwair.com\/va\/wp-json\/wp\/v2\/product\/18651","targetHints":{"allow":["GET"]}}],"collection":[{"href":"https:\/\/marqalicante-admin.qwair.com\/va\/wp-json\/wp\/v2\/product"}],"about":[{"href":"https:\/\/marqalicante-admin.qwair.com\/va\/wp-json\/wp\/v2\/types\/product"}],"wp:featuredmedia":[{"embeddable":true,"href":"https:\/\/marqalicante-admin.qwair.com\/va\/wp-json\/wp\/v2\/media\/18476"}],"wp:attachment":[{"href":"https:\/\/marqalicante-admin.qwair.com\/va\/wp-json\/wp\/v2\/media?parent=18651"}],"wp:term":[{"taxonomy":"product_brand","embeddable":true,"href":"https:\/\/marqalicante-admin.qwair.com\/va\/wp-json\/wp\/v2\/product_brand?post=18651"},{"taxonomy":"product_cat","embeddable":true,"href":"https:\/\/marqalicante-admin.qwair.com\/va\/wp-json\/wp\/v2\/product_cat?post=18651"},{"taxonomy":"product_tag","embeddable":true,"href":"https:\/\/marqalicante-admin.qwair.com\/va\/wp-json\/wp\/v2\/product_tag?post=18651"}],"curies":[{"name":"wp","href":"https:\/\/api.w.org\/{rel}","templated":true}]}}