{"id":18649,"date":"2025-01-20T06:01:37","date_gmt":"2025-01-20T06:01:37","guid":{"rendered":"https:\/\/marqalicante-admin.qwair.com\/item\/las-guerras-civiles-romanas-en-hispania-una-revision-historica-desde-la-contestania\/"},"modified":"2025-06-04T16:33:26","modified_gmt":"2025-06-04T16:33:26","slug":"las-guerras-civiles-romanas-en-hispania-una-revision-historica-desde-la-contestania","status":"publish","type":"product","link":"https:\/\/marqalicante-admin.qwair.com\/va\/producte\/las-guerras-civiles-romanas-en-hispania-una-revision-historica-desde-la-contestania\/","title":{"rendered":"LES GUERRES CIVILS ROMANES A HISP\u00c0NIA. UNA REVISI\u00d3 HIST\u00d2RICA DES DE LA CONTEST\u00c0NIA"},"content":{"rendered":"","protected":false},"excerpt":{"rendered":"<p>A partir dels treballs de diversos especialistes, s&#039;aborda l&#039;estudi d&#039;una etapa hist\u00f2rica d&#039;import\u00e0ncia excepcional en territori alacant\u00ed, com va ser la lluita mantinguda per Sertori contra Pompeu en aquesta part de la pen\u00ednsula Ib\u00e8rica.<\/p>","protected":false},"featured_media":18474,"template":"","meta":{"kia_subtitle":""},"product_brand":[],"product_cat":[1397],"product_tag":[],"class_list":{"0":"post-18649","1":"product","2":"type-product","3":"status-publish","4":"has-post-thumbnail","6":"product_cat-publicaciones","8":"first","9":"instock","10":"virtual","11":"product-type-simple"},"meta_box":{"ia_expediente":"","ia_ano":"","ia_fechas_de_actuacion":"","ia_municipios_comarcas":"","ia_directores":"","ia_periodos_culturales":"","ia_tipos_de_intervencion":"","ia_equipo_tecnico":"","ia_autores":"","ia_promotores":"","ia_deposito_de_materiales":"","ia_coordenadas_utm":""},"_links":{"self":[{"href":"https:\/\/marqalicante-admin.qwair.com\/va\/wp-json\/wp\/v2\/product\/18649","targetHints":{"allow":["GET"]}}],"collection":[{"href":"https:\/\/marqalicante-admin.qwair.com\/va\/wp-json\/wp\/v2\/product"}],"about":[{"href":"https:\/\/marqalicante-admin.qwair.com\/va\/wp-json\/wp\/v2\/types\/product"}],"wp:featuredmedia":[{"embeddable":true,"href":"https:\/\/marqalicante-admin.qwair.com\/va\/wp-json\/wp\/v2\/media\/18474"}],"wp:attachment":[{"href":"https:\/\/marqalicante-admin.qwair.com\/va\/wp-json\/wp\/v2\/media?parent=18649"}],"wp:term":[{"taxonomy":"product_brand","embeddable":true,"href":"https:\/\/marqalicante-admin.qwair.com\/va\/wp-json\/wp\/v2\/product_brand?post=18649"},{"taxonomy":"product_cat","embeddable":true,"href":"https:\/\/marqalicante-admin.qwair.com\/va\/wp-json\/wp\/v2\/product_cat?post=18649"},{"taxonomy":"product_tag","embeddable":true,"href":"https:\/\/marqalicante-admin.qwair.com\/va\/wp-json\/wp\/v2\/product_tag?post=18649"}],"curies":[{"name":"wp","href":"https:\/\/api.w.org\/{rel}","templated":true}]}}