{"id":18646,"date":"2025-01-20T06:01:36","date_gmt":"2025-01-20T06:01:36","guid":{"rendered":"https:\/\/marqalicante-admin.qwair.com\/item\/ii-jornadas-de-arqueologia-y-patrimonio-alicantino\/"},"modified":"2025-06-04T16:33:26","modified_gmt":"2025-06-04T16:33:26","slug":"ii-jornadas-de-arqueologia-y-patrimonio-alicantino","status":"publish","type":"product","link":"https:\/\/marqalicante-admin.qwair.com\/va\/producte\/ii-jornadas-de-arqueologia-y-patrimonio-alicantino\/","title":{"rendered":"II JORNADES D&#039;ARQUEOLOGIA I PATRIMONI ALACANT\u00cd"},"content":{"rendered":"","protected":false},"excerpt":{"rendered":"<p>N\u00famero Extra- 1 de la revista cient\u00edfica del MARQ, on es recullen les actes de les jornades sobre l&#039;estat de la q\u00fcesti\u00f3 de la investigaci\u00f3 i el patrimoni arqueol\u00f2gic a Alacant en l&#039;\u00faltima d\u00e8cada. Consulta aqu\u00ed el contingut<\/p>","protected":false},"featured_media":18471,"template":"","meta":{"kia_subtitle":""},"product_brand":[],"product_cat":[1397],"product_tag":[],"class_list":{"0":"post-18646","1":"product","2":"type-product","3":"status-publish","4":"has-post-thumbnail","6":"product_cat-publicaciones","8":"first","9":"instock","10":"virtual","11":"product-type-simple"},"meta_box":{"ia_expediente":"","ia_ano":"","ia_fechas_de_actuacion":"","ia_municipios_comarcas":"","ia_directores":"","ia_periodos_culturales":"","ia_tipos_de_intervencion":"","ia_equipo_tecnico":"","ia_autores":"","ia_promotores":"","ia_deposito_de_materiales":"","ia_coordenadas_utm":""},"_links":{"self":[{"href":"https:\/\/marqalicante-admin.qwair.com\/va\/wp-json\/wp\/v2\/product\/18646","targetHints":{"allow":["GET"]}}],"collection":[{"href":"https:\/\/marqalicante-admin.qwair.com\/va\/wp-json\/wp\/v2\/product"}],"about":[{"href":"https:\/\/marqalicante-admin.qwair.com\/va\/wp-json\/wp\/v2\/types\/product"}],"wp:featuredmedia":[{"embeddable":true,"href":"https:\/\/marqalicante-admin.qwair.com\/va\/wp-json\/wp\/v2\/media\/18471"}],"wp:attachment":[{"href":"https:\/\/marqalicante-admin.qwair.com\/va\/wp-json\/wp\/v2\/media?parent=18646"}],"wp:term":[{"taxonomy":"product_brand","embeddable":true,"href":"https:\/\/marqalicante-admin.qwair.com\/va\/wp-json\/wp\/v2\/product_brand?post=18646"},{"taxonomy":"product_cat","embeddable":true,"href":"https:\/\/marqalicante-admin.qwair.com\/va\/wp-json\/wp\/v2\/product_cat?post=18646"},{"taxonomy":"product_tag","embeddable":true,"href":"https:\/\/marqalicante-admin.qwair.com\/va\/wp-json\/wp\/v2\/product_tag?post=18646"}],"curies":[{"name":"wp","href":"https:\/\/api.w.org\/{rel}","templated":true}]}}