{"id":18633,"date":"2025-01-20T06:01:32","date_gmt":"2025-01-20T06:01:32","guid":{"rendered":"https:\/\/marqalicante-admin.qwair.com\/item\/via-augusta-plan-directorde-recuperacion-de-la-via-augusta-en-la-comunitat-valenciana\/"},"modified":"2025-06-04T16:33:25","modified_gmt":"2025-06-04T16:33:25","slug":"via-augusta-plan-directorde-recuperacion-de-la-via-augusta-en-la-comunitat-valenciana","status":"publish","type":"product","link":"https:\/\/marqalicante-admin.qwair.com\/va\/producte\/via-augusta-plan-directorde-recuperacion-de-la-via-augusta-en-la-comunitat-valenciana\/","title":{"rendered":"VIA AUGUSTA. PLA DIRECTOR DE RECUPERACI\u00d3 DE LA VIA AUGUSTA A LA COMUNITAT VALENCIANA"},"content":{"rendered":"<div class=\"documento-item\">\n                    <h2 class=\"documento-title\">El Regne de la Sal-1-75<\/h2>\n        \n        \n                    <a href=\"https:\/\/marqalicante.com\/contenido\/publicaciones\/pub_97.pdf\" class=\"documento-btn\" target=\"_blank\" rel=\"noopener\">\n                <i class=\"fas fa-file-pdf\"><\/i> Descarregar PDF\n            <\/a>\n            <\/div>\n\n        \n    <div class=\"documento-item\">\n                    <h2 class=\"documento-title\">El Regne de la Sal-75-115<\/h2>\n        \n        \n                    <a href=\"https:\/\/marqalicante.com\/contenido\/publicaciones\/pub2_97.pdf\" class=\"documento-btn\" target=\"_blank\" rel=\"noopener\">\n                <i class=\"fas fa-file-pdf\"><\/i> Descarregar PDF\n            <\/a>\n            <\/div>\n\n        \n    <div class=\"documento-item\">\n                    <h2 class=\"documento-title\">El Regne de la Sal_116-157<\/h2>\n        \n        \n                    <a href=\"https:\/\/marqalicante.com\/contenido\/publicaciones\/pub3_97.pdf\" class=\"documento-btn\" target=\"_blank\" rel=\"noopener\">\n                <i class=\"fas fa-file-pdf\"><\/i> Descarregar PDF\n            <\/a>\n            <\/div>\n\n        \n    <div class=\"documento-item\">\n                    <h2 class=\"documento-title\">El Regne de la Sal_158-193<\/h2>\n        \n        \n                    <a href=\"https:\/\/marqalicante.com\/contenido\/publicaciones\/pub4_97.pdf\" class=\"documento-btn\" target=\"_blank\" rel=\"noopener\">\n                <i class=\"fas fa-file-pdf\"><\/i> Descarregar PDF\n            <\/a>\n            <\/div>\n\n        \n    <div class=\"documento-item\">\n                    <h2 class=\"documento-title\">El Regne de la Sal_194-250<\/h2>\n        \n        \n                    <a href=\"https:\/\/marqalicante.com\/contenido\/publicaciones\/pub5_97.pdf\" class=\"documento-btn\" target=\"_blank\" rel=\"noopener\">\n                <i class=\"fas fa-file-pdf\"><\/i> Descarregar PDF\n            <\/a>\n            <\/div>","protected":false},"excerpt":{"rendered":"<p>Cat\u00e0leg de l&#039;exposici\u00f3 que recull el projecte de recuperaci\u00f3 de la Via Augusta a terres valencianes, la cal\u00e7ada m\u00e9s emblem\u00e0tica de xarxa vi\u00e0ria de l&#039;Emperador August a Hisp\u00e0nia, amb especial atenci\u00f3 al seu tra\u00e7at per terres alacantines. Descarrega&#039;t el cat\u00e0leg de l&#039;exposici\u00f3<\/p>","protected":false},"featured_media":18458,"template":"","meta":{"kia_subtitle":""},"product_brand":[],"product_cat":[1397],"product_tag":[],"class_list":{"0":"post-18633","1":"product","2":"type-product","3":"status-publish","4":"has-post-thumbnail","6":"product_cat-publicaciones","8":"first","9":"instock","10":"virtual","11":"product-type-simple"},"meta_box":{"ia_expediente":"","ia_ano":"","ia_fechas_de_actuacion":"","ia_municipios_comarcas":"","ia_directores":"","ia_periodos_culturales":"","ia_tipos_de_intervencion":"","ia_equipo_tecnico":"","ia_autores":"","ia_promotores":"","ia_deposito_de_materiales":"","ia_coordenadas_utm":""},"_links":{"self":[{"href":"https:\/\/marqalicante-admin.qwair.com\/va\/wp-json\/wp\/v2\/product\/18633","targetHints":{"allow":["GET"]}}],"collection":[{"href":"https:\/\/marqalicante-admin.qwair.com\/va\/wp-json\/wp\/v2\/product"}],"about":[{"href":"https:\/\/marqalicante-admin.qwair.com\/va\/wp-json\/wp\/v2\/types\/product"}],"wp:featuredmedia":[{"embeddable":true,"href":"https:\/\/marqalicante-admin.qwair.com\/va\/wp-json\/wp\/v2\/media\/18458"}],"wp:attachment":[{"href":"https:\/\/marqalicante-admin.qwair.com\/va\/wp-json\/wp\/v2\/media?parent=18633"}],"wp:term":[{"taxonomy":"product_brand","embeddable":true,"href":"https:\/\/marqalicante-admin.qwair.com\/va\/wp-json\/wp\/v2\/product_brand?post=18633"},{"taxonomy":"product_cat","embeddable":true,"href":"https:\/\/marqalicante-admin.qwair.com\/va\/wp-json\/wp\/v2\/product_cat?post=18633"},{"taxonomy":"product_tag","embeddable":true,"href":"https:\/\/marqalicante-admin.qwair.com\/va\/wp-json\/wp\/v2\/product_tag?post=18633"}],"curies":[{"name":"wp","href":"https:\/\/api.w.org\/{rel}","templated":true}]}}