{"id":18631,"date":"2025-01-20T06:01:31","date_gmt":"2025-01-20T06:01:31","guid":{"rendered":"https:\/\/marqalicante-admin.qwair.com\/item\/elfenbeinstudien-faszikel-1-marfil-y-elefantes-en-la-peninsula-iberica-y-el-mediterraneo-occidental\/"},"modified":"2025-06-04T16:33:25","modified_gmt":"2025-06-04T16:33:25","slug":"elfenbeinstudien-faszikel-1-marfil-y-elefantes-en-la-peninsula-iberica-y-el-mediterraneo-occidental","status":"publish","type":"product","link":"https:\/\/marqalicante-admin.qwair.com\/va\/producte\/elfenbeinstudien-faszikel-1-marfil-y-elefantes-en-la-peninsula-iberica-y-el-mediterraneo-occidental\/","title":{"rendered":"ELFENBEINSTUDIEN. FASZIKEL 1: MARFIL I ELEFANTS A LA PEN\u00cdNSULA IB\u00c8RICA I EL MEDITERRANI OCCIDENTAL"},"content":{"rendered":"","protected":false},"excerpt":{"rendered":"<p>Volum editat en col\u00b7laboraci\u00f3 amb l&#039;Institut Arqueol\u00f2gic Alemany de Madrid, que recull les aportacions al congr\u00e9s celebrat el 2008 al MARQ al voltant de l&#039;estudi d&#039;objectes d&#039;ivori des de la prehist\u00f2ria fins a l&#039;\u00e8poca medieval.<\/p>","protected":false},"featured_media":18456,"template":"","meta":{"kia_subtitle":""},"product_brand":[],"product_cat":[1397],"product_tag":[],"class_list":{"0":"post-18631","1":"product","2":"type-product","3":"status-publish","4":"has-post-thumbnail","6":"product_cat-publicaciones","8":"first","9":"instock","10":"virtual","11":"product-type-simple"},"meta_box":{"ia_expediente":"","ia_ano":"","ia_fechas_de_actuacion":"","ia_municipios_comarcas":"","ia_directores":"","ia_periodos_culturales":"","ia_tipos_de_intervencion":"","ia_equipo_tecnico":"","ia_autores":"","ia_promotores":"","ia_deposito_de_materiales":"","ia_coordenadas_utm":""},"_links":{"self":[{"href":"https:\/\/marqalicante-admin.qwair.com\/va\/wp-json\/wp\/v2\/product\/18631","targetHints":{"allow":["GET"]}}],"collection":[{"href":"https:\/\/marqalicante-admin.qwair.com\/va\/wp-json\/wp\/v2\/product"}],"about":[{"href":"https:\/\/marqalicante-admin.qwair.com\/va\/wp-json\/wp\/v2\/types\/product"}],"wp:featuredmedia":[{"embeddable":true,"href":"https:\/\/marqalicante-admin.qwair.com\/va\/wp-json\/wp\/v2\/media\/18456"}],"wp:attachment":[{"href":"https:\/\/marqalicante-admin.qwair.com\/va\/wp-json\/wp\/v2\/media?parent=18631"}],"wp:term":[{"taxonomy":"product_brand","embeddable":true,"href":"https:\/\/marqalicante-admin.qwair.com\/va\/wp-json\/wp\/v2\/product_brand?post=18631"},{"taxonomy":"product_cat","embeddable":true,"href":"https:\/\/marqalicante-admin.qwair.com\/va\/wp-json\/wp\/v2\/product_cat?post=18631"},{"taxonomy":"product_tag","embeddable":true,"href":"https:\/\/marqalicante-admin.qwair.com\/va\/wp-json\/wp\/v2\/product_tag?post=18631"}],"curies":[{"name":"wp","href":"https:\/\/api.w.org\/{rel}","templated":true}]}}