{"id":18630,"date":"2025-01-20T06:01:31","date_gmt":"2025-01-20T06:01:31","guid":{"rendered":"https:\/\/marqalicante-admin.qwair.com\/item\/asta-hueso-y-marfil-artefactos-oseos-de-la-edad-del-bronce-en-el-levante-y-sureste-de-la-peninsula-iberica-c-2500-c-1300-cal-bc\/"},"modified":"2025-06-04T16:33:25","modified_gmt":"2025-06-04T16:33:25","slug":"asta-hueso-y-marfil-artefactos-oseos-de-la-edad-del-bronce-en-el-levante-y-sureste-de-la-peninsula-iberica-c-2500-c-1300-cal-bc","status":"publish","type":"product","link":"https:\/\/marqalicante-admin.qwair.com\/va\/producte\/asta-hueso-y-marfil-artefactos-oseos-de-la-edad-del-bronce-en-el-levante-y-sureste-de-la-peninsula-iberica-c-2500-c-1300-cal-bc\/","title":{"rendered":"ASTA, OS I MARFIL. Artefactes ossis de l&#039;Edat del Bronze al Llevant i al Sud-est de la Pen\u00ednsula Ib\u00e8rica (c. 2500 \u2013 c. 1300 cal\u00e7 BC)"},"content":{"rendered":"<div class=\"documento-item\">\n        \n        \n                    <a href=\"https:\/\/marqalicante.com\/contenido\/publicaciones\/pub2_93.pdf\" class=\"documento-btn\" target=\"_blank\" rel=\"noopener\">\n                <i class=\"fas fa-file-pdf\"><\/i> Descarregar PDF\n            <\/a>\n            <\/div>","protected":false},"excerpt":{"rendered":"<p>Exhaustiu estudi dels instruments d&#039;os, asta i ivori de l&#039;Edat del Bronze de l&#039;\u00e0rea meridional del Llevant de la Pen\u00ednsula Ib\u00e8rica i de les \u00e0rees circumdants.<\/p>","protected":false},"featured_media":18455,"template":"","meta":{"kia_subtitle":""},"product_brand":[],"product_cat":[1397],"product_tag":[],"class_list":{"0":"post-18630","1":"product","2":"type-product","3":"status-publish","4":"has-post-thumbnail","6":"product_cat-publicaciones","8":"first","9":"instock","10":"virtual","11":"product-type-simple"},"meta_box":{"ia_expediente":"","ia_ano":"","ia_fechas_de_actuacion":"","ia_municipios_comarcas":"","ia_directores":"","ia_periodos_culturales":"","ia_tipos_de_intervencion":"","ia_equipo_tecnico":"","ia_autores":"","ia_promotores":"","ia_deposito_de_materiales":"","ia_coordenadas_utm":""},"_links":{"self":[{"href":"https:\/\/marqalicante-admin.qwair.com\/va\/wp-json\/wp\/v2\/product\/18630","targetHints":{"allow":["GET"]}}],"collection":[{"href":"https:\/\/marqalicante-admin.qwair.com\/va\/wp-json\/wp\/v2\/product"}],"about":[{"href":"https:\/\/marqalicante-admin.qwair.com\/va\/wp-json\/wp\/v2\/types\/product"}],"wp:featuredmedia":[{"embeddable":true,"href":"https:\/\/marqalicante-admin.qwair.com\/va\/wp-json\/wp\/v2\/media\/18455"}],"wp:attachment":[{"href":"https:\/\/marqalicante-admin.qwair.com\/va\/wp-json\/wp\/v2\/media?parent=18630"}],"wp:term":[{"taxonomy":"product_brand","embeddable":true,"href":"https:\/\/marqalicante-admin.qwair.com\/va\/wp-json\/wp\/v2\/product_brand?post=18630"},{"taxonomy":"product_cat","embeddable":true,"href":"https:\/\/marqalicante-admin.qwair.com\/va\/wp-json\/wp\/v2\/product_cat?post=18630"},{"taxonomy":"product_tag","embeddable":true,"href":"https:\/\/marqalicante-admin.qwair.com\/va\/wp-json\/wp\/v2\/product_tag?post=18630"}],"curies":[{"name":"wp","href":"https:\/\/api.w.org\/{rel}","templated":true}]}}