{"id":18621,"date":"2025-01-20T06:01:28","date_gmt":"2025-01-20T06:01:28","guid":{"rendered":"https:\/\/marqalicante-admin.qwair.com\/item\/yacimiento-iberico-de-el-tossal-de-la-cala-nuevo-estudio-de-los-materiales-depositados-en-el-marq-correspondientes-a-las-excavaciones-de-jose-belda-y-miquel-tarradell\/"},"modified":"2025-06-04T16:33:24","modified_gmt":"2025-06-04T16:33:24","slug":"yacimiento-iberico-de-el-tossal-de-la-cala-nuevo-estudio-de-los-materiales-depositados-en-el-marq-correspondientes-a-las-excavaciones-de-jose-belda-y-miquel-tarradell","status":"publish","type":"product","link":"https:\/\/marqalicante-admin.qwair.com\/va\/producte\/yacimiento-iberico-de-el-tossal-de-la-cala-nuevo-estudio-de-los-materiales-depositados-en-el-marq-correspondientes-a-las-excavaciones-de-jose-belda-y-miquel-tarradell\/","title":{"rendered":"JACIMENT IB\u00c8RIC DE &#039;EL TOSSAL DE LA CALA&#039;. Nou estudi dels materials dipositats al MARQ corresponents a les excavacions de Jos\u00e9 Belda i Miquel Tarradell"},"content":{"rendered":"<div class=\"documento-item\">\n        \n        \n                    <a href=\"https:\/\/marqalicante.com\/contenido\/publicaciones\/pub2_86.pdf\" class=\"documento-btn\" target=\"_blank\" rel=\"noopener\">\n                <i class=\"fas fa-file-pdf\"><\/i> Descarregar PDF\n            <\/a>\n            <\/div>","protected":false},"excerpt":{"rendered":"<p>Revisi\u00f3 dels treballs arqueol\u00f2gics i els materials exhumats per J. Belda i M. Tarradell en aquest jaciment alacant\u00ed, a la llum de les investigacions m\u00e9s recents sobre la cultura ib\u00e8rica. COMPRAR A LA BOTIGA VIRTUAL DEL MARQ<\/p>","protected":false},"featured_media":18446,"template":"","meta":{"kia_subtitle":""},"product_brand":[],"product_cat":[1397],"product_tag":[],"class_list":{"0":"post-18621","1":"product","2":"type-product","3":"status-publish","4":"has-post-thumbnail","6":"product_cat-publicaciones","8":"first","9":"instock","10":"virtual","11":"product-type-simple"},"meta_box":{"ia_expediente":"","ia_ano":"","ia_fechas_de_actuacion":"","ia_municipios_comarcas":"","ia_directores":"","ia_periodos_culturales":"","ia_tipos_de_intervencion":"","ia_equipo_tecnico":"","ia_autores":"","ia_promotores":"","ia_deposito_de_materiales":"","ia_coordenadas_utm":""},"_links":{"self":[{"href":"https:\/\/marqalicante-admin.qwair.com\/va\/wp-json\/wp\/v2\/product\/18621","targetHints":{"allow":["GET"]}}],"collection":[{"href":"https:\/\/marqalicante-admin.qwair.com\/va\/wp-json\/wp\/v2\/product"}],"about":[{"href":"https:\/\/marqalicante-admin.qwair.com\/va\/wp-json\/wp\/v2\/types\/product"}],"wp:featuredmedia":[{"embeddable":true,"href":"https:\/\/marqalicante-admin.qwair.com\/va\/wp-json\/wp\/v2\/media\/18446"}],"wp:attachment":[{"href":"https:\/\/marqalicante-admin.qwair.com\/va\/wp-json\/wp\/v2\/media?parent=18621"}],"wp:term":[{"taxonomy":"product_brand","embeddable":true,"href":"https:\/\/marqalicante-admin.qwair.com\/va\/wp-json\/wp\/v2\/product_brand?post=18621"},{"taxonomy":"product_cat","embeddable":true,"href":"https:\/\/marqalicante-admin.qwair.com\/va\/wp-json\/wp\/v2\/product_cat?post=18621"},{"taxonomy":"product_tag","embeddable":true,"href":"https:\/\/marqalicante-admin.qwair.com\/va\/wp-json\/wp\/v2\/product_tag?post=18621"}],"curies":[{"name":"wp","href":"https:\/\/api.w.org\/{rel}","templated":true}]}}