{"id":18615,"date":"2025-02-03T07:09:32","date_gmt":"2025-02-03T07:09:32","guid":{"rendered":"https:\/\/marqalicante-admin.qwair.com\/item\/marq-arqueologia-y-museos-03-2\/"},"modified":"2025-06-04T16:33:24","modified_gmt":"2025-06-04T16:33:24","slug":"marq-arqueologia-y-museos-03-2","status":"publish","type":"product","link":"https:\/\/marqalicante-admin.qwair.com\/va\/producte\/marq-arqueologia-y-museos-03-2\/","title":{"rendered":"MARQ, ARQUEOLOGIA I MUSEUS 03"},"content":{"rendered":"<div class=\"documento-item\">\n                    <h2 class=\"documento-title\">Arqueologia, etnobot\u00e0nica i pagesia: l&#039;\u00fas de la fusta a l&#039;assentament de l&#039;edat del bronze de Terlinques (Villena, Alacant)<\/h2>\n        \n                    <p class=\"documento-subtitle\">Mar\u00eda del Carmen Machado Yanes, Francisco Javier Jover Maestre, Juan Antonio L\u00f3pez Padilla, Alicia Luj\u00e1n Navas<\/p>\n        \n                    <a href=\"\/wp-content\/uploads\/2025\/01\/publi-revistas\/pub_42.pdf\" class=\"documento-btn\">\n                <i class=\"fas fa-file-pdf\"><\/i> Descarregar PDF\n            <\/a>\n            <\/div>\n\n        \n    <div class=\"documento-item\">\n                    <h2 class=\"documento-title\">Arqueologia exp\u00e9rimentale et grand public<\/h2>\n        \n                    <p class=\"documento-subtitle\">Pierre P\u00e9trequin<\/p>\n        \n                    <a href=\"\/wp-content\/uploads\/2025\/01\/publi-revistas\/pub_48.pdf\" class=\"documento-btn\">\n                <i class=\"fas fa-file-pdf\"><\/i> Descarregar PDF\n            <\/a>\n            <\/div>\n\n        \n    <div class=\"documento-item\">\n                    <h2 class=\"documento-title\">Notes biogr\u00e0fiques sobre Antonio Valc\u00e1rcel, Comte de Lumiares<\/h2>\n        \n                    <p class=\"documento-subtitle\">Manuel H. Olcina Dom\u00e8nech<\/p>\n        \n                    <a href=\"\/wp-content\/uploads\/2025\/01\/publi-revistas\/pub_49.pdf\" class=\"documento-btn\">\n                <i class=\"fas fa-file-pdf\"><\/i> Descarregar PDF\n            <\/a>\n            <\/div>\n\n        \n    <div class=\"documento-item\">\n                    <h2 class=\"documento-title\">The Cultural Heritage of Iraq after the 2nd Gulf War<\/h2>\n        \n                    <p class=\"documento-subtitle\">John Curtis<\/p>\n        \n                    <a href=\"\/wp-content\/uploads\/2025\/01\/publi-revistas\/pub_50.pdf\" class=\"documento-btn\">\n                <i class=\"fas fa-file-pdf\"><\/i> Descarregar PDF\n            <\/a>\n            <\/div>\n\n        \n    <div class=\"documento-item\">\n                    <h2 class=\"documento-title\">The development of the Assyrian Reliefs<\/h2>\n        \n                    <p class=\"documento-subtitle\">Paul Collins<\/p>\n        \n                    <a href=\"\/wp-content\/uploads\/2025\/01\/publi-revistas\/pub_51.pdf\" class=\"documento-btn\">\n                <i class=\"fas fa-file-pdf\"><\/i> Descarregar PDF\n            <\/a>\n            <\/div>\n\n        \n    <div class=\"documento-item\">\n                    <h2 class=\"documento-title\">El conjunt arqueol\u00f2gic d&#039;Emp\u00faries. Noves propostes i plantejaments per al segle XXI<\/h2>\n        \n                    <p class=\"documento-subtitle\">Xavier Aquilu\u00e9<\/p>\n        \n                    <a href=\"\/wp-content\/uploads\/2025\/01\/publi-revistas\/pub_52.pdf\" class=\"documento-btn\">\n                <i class=\"fas fa-file-pdf\"><\/i> Descarregar PDF\n            <\/a>\n            <\/div>\n\n        \n    <div class=\"documento-item\">\n                    <h2 class=\"documento-title\">Interpretatives Methods and Exhibits in Archaeological Museums and Prehistoric Sites. Some examples from Sweden<\/h2>\n        \n                    <p class=\"documento-subtitle\">Ewa Bergdahl<\/p>\n        \n                    <a href=\"\/wp-content\/uploads\/2025\/01\/publi-revistas\/pub_53.pdf\" class=\"documento-btn\">\n                <i class=\"fas fa-file-pdf\"><\/i> Descarregar PDF\n            <\/a>\n            <\/div>\n\n        \n    <div class=\"documento-item\">\n                    <h2 class=\"documento-title\">El projecte del museu del teatre de Caesaraugusta. Mussalitzar la hist\u00f2ria i lespai dun enclavament urb\u00e0<\/h2>\n        \n                    <p class=\"documento-subtitle\">Carmen Aguarod Otal<\/p>\n        \n                    <a href=\"\/wp-content\/uploads\/2025\/01\/publi-revistas\/pub_54.pdf\" class=\"documento-btn\">\n                <i class=\"fas fa-file-pdf\"><\/i> Descarregar PDF\n            <\/a>\n            <\/div>\n\n        \n    <div class=\"documento-item\">\n                    <h2 class=\"documento-title\">Opening Doors to Museums Access to Original Roman Sites<\/h2>\n        \n                    <p class=\"documento-subtitle\">Karlheinz Geppert MA<\/p>\n        \n                    <a href=\"\/wp-content\/uploads\/2025\/01\/publi-revistas\/pub_55.pdf\" class=\"documento-btn\">\n                <i class=\"fas fa-file-pdf\"><\/i> Descarregar PDF\n            <\/a>\n            <\/div>\n\n        \n    <div class=\"documento-item\">\n                    <h2 class=\"documento-title\">Innovative presentation techniques in the Ename project (museum, arxaeological site and monument) (Belgium)<\/h2>\n        \n                    <p class=\"documento-subtitle\">Marie-Claire Van der Donckt<\/p>\n        \n                    <a href=\"\/wp-content\/uploads\/2025\/01\/publi-revistas\/pub_56.pdf\" class=\"documento-btn\">\n                <i class=\"fas fa-file-pdf\"><\/i> Descarregar PDF\n            <\/a>\n            <\/div>\n\n        \n    <div class=\"documento-item\">\n                    <h2 class=\"documento-title\">El Museu Arqueol\u00f2gic Nacional (Espanya), reptes i conceptes<\/h2>\n        \n                    <p class=\"documento-subtitle\">Rub\u00ed Sanz Gamo<\/p>\n        \n                    <a href=\"\/wp-content\/uploads\/2025\/01\/publi-revistas\/pub_57.pdf\" class=\"documento-btn\">\n                <i class=\"fas fa-file-pdf\"><\/i> Descarregar PDF\n            <\/a>\n            <\/div>\n\n        \n    <div class=\"documento-item\">\n                    <h2 class=\"documento-title\">Museum of Byzantine Culture, Thessaloniki, Greece<\/h2>\n        \n                    <p class=\"documento-subtitle\">Anastasia Tourta<\/p>\n        \n                    <a href=\"\/wp-content\/uploads\/2025\/01\/publi-revistas\/pub_58.pdf\" class=\"documento-btn\">\n                <i class=\"fas fa-file-pdf\"><\/i> Descarregar PDF\n            <\/a>\n            <\/div>\n\n        \n    <div class=\"documento-item\">\n                    <h2 class=\"documento-title\">El MARQ el 2007. La culminaci\u00f3 d\u00b4un projecte de Museu d\u00b4abast internacional<\/h2>\n        \n                    <p class=\"documento-subtitle\">Manuel H. Olcina Dom\u00e8nech, Jorge A. Soler D\u00edaz<\/p>\n        \n                    <a href=\"\/wp-content\/uploads\/2025\/01\/publi-revistas\/pub_59.pdf\" class=\"documento-btn\">\n                <i class=\"fas fa-file-pdf\"><\/i> Descarregar PDF\n            <\/a>\n            <\/div>\n\n        \n    <div class=\"documento-item\">\n                    <h2 class=\"documento-title\">MARQ. Mem\u00f2ria d&#039;activitats 2007-2008<\/h2>\n        \n                    <p class=\"documento-subtitle\">MARQ. Equip T\u00e8cnic<\/p>\n        \n                    <a href=\"\/wp-content\/uploads\/2025\/01\/publi-revistas\/pub_60.pdf\" class=\"documento-btn\">\n                <i class=\"fas fa-file-pdf\"><\/i> Descarregar PDF\n            <\/a>\n            <\/div>","protected":false},"excerpt":{"rendered":"<p>Publicaci\u00f3 peri\u00f2dica i sistem\u00e0tica sobre treballs de recerca arqueol\u00f2gica amb articles centrats a la pr\u00e0ctica pr\u00f2pia dels museus, per donar a con\u00e8ixer la investigaci\u00f3 del ric patrimoni arqueol\u00f2gic d&#039;Alacant. 18 , 00 eurosday date<\/p>","protected":false},"featured_media":18440,"template":"","meta":{"kia_subtitle":""},"product_brand":[],"product_cat":[1365],"product_tag":[],"class_list":{"0":"post-18615","1":"product","2":"type-product","3":"status-publish","4":"has-post-thumbnail","6":"product_cat-marq-arqueologia-y-museos","8":"first","9":"instock","10":"virtual","11":"product-type-simple"},"meta_box":{"ia_expediente":"","ia_ano":"","ia_fechas_de_actuacion":"","ia_municipios_comarcas":"","ia_directores":"","ia_periodos_culturales":"","ia_tipos_de_intervencion":"","ia_equipo_tecnico":"","ia_autores":"","ia_promotores":"","ia_deposito_de_materiales":"","ia_coordenadas_utm":""},"_links":{"self":[{"href":"https:\/\/marqalicante-admin.qwair.com\/va\/wp-json\/wp\/v2\/product\/18615","targetHints":{"allow":["GET"]}}],"collection":[{"href":"https:\/\/marqalicante-admin.qwair.com\/va\/wp-json\/wp\/v2\/product"}],"about":[{"href":"https:\/\/marqalicante-admin.qwair.com\/va\/wp-json\/wp\/v2\/types\/product"}],"wp:featuredmedia":[{"embeddable":true,"href":"https:\/\/marqalicante-admin.qwair.com\/va\/wp-json\/wp\/v2\/media\/18440"}],"wp:attachment":[{"href":"https:\/\/marqalicante-admin.qwair.com\/va\/wp-json\/wp\/v2\/media?parent=18615"}],"wp:term":[{"taxonomy":"product_brand","embeddable":true,"href":"https:\/\/marqalicante-admin.qwair.com\/va\/wp-json\/wp\/v2\/product_brand?post=18615"},{"taxonomy":"product_cat","embeddable":true,"href":"https:\/\/marqalicante-admin.qwair.com\/va\/wp-json\/wp\/v2\/product_cat?post=18615"},{"taxonomy":"product_tag","embeddable":true,"href":"https:\/\/marqalicante-admin.qwair.com\/va\/wp-json\/wp\/v2\/product_tag?post=18615"}],"curies":[{"name":"wp","href":"https:\/\/api.w.org\/{rel}","templated":true}]}}