{"id":18614,"date":"2025-01-20T06:01:26","date_gmt":"2025-01-20T06:01:26","guid":{"rendered":"https:\/\/marqalicante-admin.qwair.com\/item\/el-enigma-de-la-momia\/"},"modified":"2025-07-23T11:13:12","modified_gmt":"2025-07-23T11:13:12","slug":"el-enigma-de-la-momia","status":"publish","type":"product","link":"https:\/\/marqalicante-admin.qwair.com\/va\/producte\/el-enigma-de-la-momia\/","title":{"rendered":"L&#039;ENIGMA DE LA M\u00d2MIA"},"content":{"rendered":"","protected":false},"excerpt":{"rendered":"<p>Un excitant i suggestiu recorregut pels misteris de la momificaci\u00f3 i les creences al M\u00e9s enll\u00e0 de l&#039;Egipte antic, a trav\u00e9s d&#039;una excepcional col\u00b7lecci\u00f3 d&#039;objectes procedents dels museus francesos de Besan\u00e7on i del Louvre.pvp: 30 \u20ac COMPRAR A LA BOTIGA VIRTUAL DEL MARQ<\/p>","protected":false},"featured_media":18439,"template":"","meta":{"kia_subtitle":""},"product_brand":[],"product_cat":[1397],"product_tag":[],"class_list":{"0":"post-18614","1":"product","2":"type-product","3":"status-publish","4":"has-post-thumbnail","6":"product_cat-publicaciones","8":"first","9":"instock","10":"virtual","11":"product-type-simple"},"meta_box":{"ia_expediente":"","ia_ano":"","ia_fechas_de_actuacion":"","ia_municipios_comarcas":"","ia_directores":"","ia_periodos_culturales":"","ia_tipos_de_intervencion":"","ia_equipo_tecnico":"","ia_autores":"","ia_promotores":"","ia_deposito_de_materiales":"","ia_coordenadas_utm":""},"_links":{"self":[{"href":"https:\/\/marqalicante-admin.qwair.com\/va\/wp-json\/wp\/v2\/product\/18614","targetHints":{"allow":["GET"]}}],"collection":[{"href":"https:\/\/marqalicante-admin.qwair.com\/va\/wp-json\/wp\/v2\/product"}],"about":[{"href":"https:\/\/marqalicante-admin.qwair.com\/va\/wp-json\/wp\/v2\/types\/product"}],"wp:featuredmedia":[{"embeddable":true,"href":"https:\/\/marqalicante-admin.qwair.com\/va\/wp-json\/wp\/v2\/media\/18439"}],"wp:attachment":[{"href":"https:\/\/marqalicante-admin.qwair.com\/va\/wp-json\/wp\/v2\/media?parent=18614"}],"wp:term":[{"taxonomy":"product_brand","embeddable":true,"href":"https:\/\/marqalicante-admin.qwair.com\/va\/wp-json\/wp\/v2\/product_brand?post=18614"},{"taxonomy":"product_cat","embeddable":true,"href":"https:\/\/marqalicante-admin.qwair.com\/va\/wp-json\/wp\/v2\/product_cat?post=18614"},{"taxonomy":"product_tag","embeddable":true,"href":"https:\/\/marqalicante-admin.qwair.com\/va\/wp-json\/wp\/v2\/product_tag?post=18614"}],"curies":[{"name":"wp","href":"https:\/\/api.w.org\/{rel}","templated":true}]}}