{"id":18608,"date":"2025-01-20T06:01:25","date_gmt":"2025-01-20T06:01:25","guid":{"rendered":"https:\/\/marqalicante-admin.qwair.com\/item\/surcando-el-tiempo-un-barco-de-terracota-de-epoca-iberica-tossal-de-les-basses-alicante\/"},"modified":"2025-06-04T16:33:24","modified_gmt":"2025-06-04T16:33:24","slug":"surcando-el-tiempo-un-barco-de-terracota-de-epoca-iberica-tossal-de-les-basses-alicante","status":"publish","type":"product","link":"https:\/\/marqalicante-admin.qwair.com\/va\/producte\/surcando-el-tiempo-un-barco-de-terracota-de-epoca-iberica-tossal-de-les-basses-alicante\/","title":{"rendered":"SORTANT EL TEMPS. UN VAIXELL DE TERRACOTA D&#039;\u00c8POCA IB\u00c8RICA (TOSSAL DE LES BASSES, ALACANT)"},"content":{"rendered":"<div class=\"documento-item\">\n        \n        \n                    <a href=\"https:\/\/marqalicante.com\/contenido\/publicaciones\/pub2_86.pdf\" class=\"documento-btn\" target=\"_blank\" rel=\"noopener\">\n                <i class=\"fas fa-file-pdf\"><\/i> Descarregar PDF\n            <\/a>\n            <\/div>","protected":false},"excerpt":{"rendered":"<p>Col\u00b7lecci\u00f3 d&#039;estudis al voltant d&#039;una figura de terracota representant un navili d&#039;\u00e8poca p\u00fanica, trobat al Tossal de les Basses, a l&#039;Alfubereta d&#039;Alacant. 12 euros<\/p>","protected":false},"featured_media":18433,"template":"","meta":{"kia_subtitle":""},"product_brand":[],"product_cat":[1397],"product_tag":[],"class_list":{"0":"post-18608","1":"product","2":"type-product","3":"status-publish","4":"has-post-thumbnail","6":"product_cat-publicaciones","8":"first","9":"instock","10":"virtual","11":"product-type-simple"},"meta_box":{"ia_expediente":"","ia_ano":"","ia_fechas_de_actuacion":"","ia_municipios_comarcas":"","ia_directores":"","ia_periodos_culturales":"","ia_tipos_de_intervencion":"","ia_equipo_tecnico":"","ia_autores":"","ia_promotores":"","ia_deposito_de_materiales":"","ia_coordenadas_utm":""},"_links":{"self":[{"href":"https:\/\/marqalicante-admin.qwair.com\/va\/wp-json\/wp\/v2\/product\/18608","targetHints":{"allow":["GET"]}}],"collection":[{"href":"https:\/\/marqalicante-admin.qwair.com\/va\/wp-json\/wp\/v2\/product"}],"about":[{"href":"https:\/\/marqalicante-admin.qwair.com\/va\/wp-json\/wp\/v2\/types\/product"}],"wp:featuredmedia":[{"embeddable":true,"href":"https:\/\/marqalicante-admin.qwair.com\/va\/wp-json\/wp\/v2\/media\/18433"}],"wp:attachment":[{"href":"https:\/\/marqalicante-admin.qwair.com\/va\/wp-json\/wp\/v2\/media?parent=18608"}],"wp:term":[{"taxonomy":"product_brand","embeddable":true,"href":"https:\/\/marqalicante-admin.qwair.com\/va\/wp-json\/wp\/v2\/product_brand?post=18608"},{"taxonomy":"product_cat","embeddable":true,"href":"https:\/\/marqalicante-admin.qwair.com\/va\/wp-json\/wp\/v2\/product_cat?post=18608"},{"taxonomy":"product_tag","embeddable":true,"href":"https:\/\/marqalicante-admin.qwair.com\/va\/wp-json\/wp\/v2\/product_tag?post=18608"}],"curies":[{"name":"wp","href":"https:\/\/api.w.org\/{rel}","templated":true}]}}