{"id":18606,"date":"2025-01-20T06:01:24","date_gmt":"2025-01-20T06:01:24","guid":{"rendered":"https:\/\/marqalicante-admin.qwair.com\/item\/scombraria-la-historia-oculta-bajo-el-mar\/"},"modified":"2025-06-04T16:33:24","modified_gmt":"2025-06-04T16:33:24","slug":"scombraria-la-historia-oculta-bajo-el-mar","status":"publish","type":"product","link":"https:\/\/marqalicante-admin.qwair.com\/va\/producte\/scombraria-la-historia-oculta-bajo-el-mar\/","title":{"rendered":"SCOMB\u00c0RIA. LA HIST\u00d2RIA OCULTA SOTA EL MAR"},"content":{"rendered":"","protected":false},"excerpt":{"rendered":"<p>Cat\u00e0leg de l&#039;exposici\u00f3 que detalla els treballs i troballes subaqu\u00e0tiques realitzades als voltants de l&#039;Illa d&#039;Escombreras, a Cartagena, a trav\u00e9s dels quals \u00e9s possible fer un recorregut per la hist\u00f2ria d&#039;aquest important enclavament portuari, especialment durant l&#039;\u00e8poca romana.<\/p>","protected":false},"featured_media":18431,"template":"","meta":{"kia_subtitle":""},"product_brand":[],"product_cat":[1397],"product_tag":[],"class_list":{"0":"post-18606","1":"product","2":"type-product","3":"status-publish","4":"has-post-thumbnail","6":"product_cat-publicaciones","8":"first","9":"instock","10":"virtual","11":"product-type-simple"},"meta_box":{"ia_expediente":"","ia_ano":"","ia_fechas_de_actuacion":"","ia_municipios_comarcas":"","ia_directores":"","ia_periodos_culturales":"","ia_tipos_de_intervencion":"","ia_equipo_tecnico":"","ia_autores":"","ia_promotores":"","ia_deposito_de_materiales":"","ia_coordenadas_utm":""},"_links":{"self":[{"href":"https:\/\/marqalicante-admin.qwair.com\/va\/wp-json\/wp\/v2\/product\/18606","targetHints":{"allow":["GET"]}}],"collection":[{"href":"https:\/\/marqalicante-admin.qwair.com\/va\/wp-json\/wp\/v2\/product"}],"about":[{"href":"https:\/\/marqalicante-admin.qwair.com\/va\/wp-json\/wp\/v2\/types\/product"}],"wp:featuredmedia":[{"embeddable":true,"href":"https:\/\/marqalicante-admin.qwair.com\/va\/wp-json\/wp\/v2\/media\/18431"}],"wp:attachment":[{"href":"https:\/\/marqalicante-admin.qwair.com\/va\/wp-json\/wp\/v2\/media?parent=18606"}],"wp:term":[{"taxonomy":"product_brand","embeddable":true,"href":"https:\/\/marqalicante-admin.qwair.com\/va\/wp-json\/wp\/v2\/product_brand?post=18606"},{"taxonomy":"product_cat","embeddable":true,"href":"https:\/\/marqalicante-admin.qwair.com\/va\/wp-json\/wp\/v2\/product_cat?post=18606"},{"taxonomy":"product_tag","embeddable":true,"href":"https:\/\/marqalicante-admin.qwair.com\/va\/wp-json\/wp\/v2\/product_tag?post=18606"}],"curies":[{"name":"wp","href":"https:\/\/api.w.org\/{rel}","templated":true}]}}