{"id":18605,"date":"2025-01-20T06:01:24","date_gmt":"2025-01-20T06:01:24","guid":{"rendered":"https:\/\/marqalicante-admin.qwair.com\/item\/el-yacimiento-tardorromano-de-lucentum-benalua-alicante-las-ceramicas-finas\/"},"modified":"2025-06-04T16:33:23","modified_gmt":"2025-06-04T16:33:23","slug":"el-yacimiento-tardorromano-de-lucentum-benalua-alicante-las-ceramicas-finas","status":"publish","type":"product","link":"https:\/\/marqalicante-admin.qwair.com\/va\/producte\/el-yacimiento-tardorromano-de-lucentum-benalua-alicante-las-ceramicas-finas\/","title":{"rendered":"EL JACIMENT TARDORROM\u00c0 DE LUCENTUM. (BENALUA, ALACANT) LES CER\u00c0MIQUES FINES"},"content":{"rendered":"<div class=\"documento-item\">\n        \n        \n                    <a href=\"https:\/\/marqalicante.com\/contenido\/publicaciones\/pub_68.pdf\" class=\"documento-btn\" target=\"_blank\" rel=\"noopener\">\n                <i class=\"fas fa-file-pdf\"><\/i> Descarregar PDF\n            <\/a>\n            <\/div>","protected":false},"excerpt":{"rendered":"<p>Cat\u00e0leg del conjunt de cer\u00e0miques de taula procedents de les excavacions realitzades pel Sr. Enrique Llobregat el 1971 en un abocador tardorrom\u00e0 trobat al barri alacant\u00ed de Benal\u00faa.<\/p>","protected":false},"featured_media":18430,"template":"","meta":{"kia_subtitle":""},"product_brand":[],"product_cat":[1397],"product_tag":[],"class_list":{"0":"post-18605","1":"product","2":"type-product","3":"status-publish","4":"has-post-thumbnail","6":"product_cat-publicaciones","8":"first","9":"instock","10":"virtual","11":"product-type-simple"},"meta_box":{"ia_expediente":"","ia_ano":"","ia_fechas_de_actuacion":"","ia_municipios_comarcas":"","ia_directores":"","ia_periodos_culturales":"","ia_tipos_de_intervencion":"","ia_equipo_tecnico":"","ia_autores":"","ia_promotores":"","ia_deposito_de_materiales":"","ia_coordenadas_utm":""},"_links":{"self":[{"href":"https:\/\/marqalicante-admin.qwair.com\/va\/wp-json\/wp\/v2\/product\/18605","targetHints":{"allow":["GET"]}}],"collection":[{"href":"https:\/\/marqalicante-admin.qwair.com\/va\/wp-json\/wp\/v2\/product"}],"about":[{"href":"https:\/\/marqalicante-admin.qwair.com\/va\/wp-json\/wp\/v2\/types\/product"}],"wp:featuredmedia":[{"embeddable":true,"href":"https:\/\/marqalicante-admin.qwair.com\/va\/wp-json\/wp\/v2\/media\/18430"}],"wp:attachment":[{"href":"https:\/\/marqalicante-admin.qwair.com\/va\/wp-json\/wp\/v2\/media?parent=18605"}],"wp:term":[{"taxonomy":"product_brand","embeddable":true,"href":"https:\/\/marqalicante-admin.qwair.com\/va\/wp-json\/wp\/v2\/product_brand?post=18605"},{"taxonomy":"product_cat","embeddable":true,"href":"https:\/\/marqalicante-admin.qwair.com\/va\/wp-json\/wp\/v2\/product_cat?post=18605"},{"taxonomy":"product_tag","embeddable":true,"href":"https:\/\/marqalicante-admin.qwair.com\/va\/wp-json\/wp\/v2\/product_tag?post=18605"}],"curies":[{"name":"wp","href":"https:\/\/api.w.org\/{rel}","templated":true}]}}