{"id":18598,"date":"2025-01-20T06:01:22","date_gmt":"2025-01-20T06:01:22","guid":{"rendered":"https:\/\/marqalicante-admin.qwair.com\/item\/el-abric-de-la-falguera-alcoi-alacant-8000-anos-de-ocupacion-humana-en-la-cabecera-del-rio-de-alcoi\/"},"modified":"2025-06-04T16:33:23","modified_gmt":"2025-06-04T16:33:23","slug":"el-abric-de-la-falguera-alcoi-alacant-8000-anos-de-ocupacion-humana-en-la-cabecera-del-rio-de-alcoi","status":"publish","type":"product","link":"https:\/\/marqalicante-admin.qwair.com\/va\/producte\/el-abric-de-la-falguera-alcoi-alacant-8000-anos-de-ocupacion-humana-en-la-cabecera-del-rio-de-alcoi\/","title":{"rendered":"L\u00b4ABRIC DE LA FALGUERA (ALCOI, ALACANT). 8000 anys d&#039;ocupaci\u00f3 humana a la cap\u00e7alera del riu d&#039;Alcoi"},"content":{"rendered":"","protected":false},"excerpt":{"rendered":"<p>Obra en dos volums que recullen les pon\u00e8ncies presentades al darrer congr\u00e9s del Neol\u00edtic Peninsular celebrat a les instal\u00b7lacions del MARQ el novembre de 2006 . S&#039;hi ofereix la visi\u00f3 m\u00e9s actualitzada dels problemes i q\u00fcestions m\u00e9s candents sobre el proc\u00e9s d&#039;implantaci\u00f3 i desenvolupament de les primeres societats neol\u00edtiques.<\/p>","protected":false},"featured_media":18423,"template":"","meta":{"kia_subtitle":""},"product_brand":[],"product_cat":[1397],"product_tag":[],"class_list":{"0":"post-18598","1":"product","2":"type-product","3":"status-publish","4":"has-post-thumbnail","6":"product_cat-publicaciones","8":"first","9":"instock","10":"virtual","11":"product-type-simple"},"meta_box":{"ia_expediente":"","ia_ano":"","ia_fechas_de_actuacion":"","ia_municipios_comarcas":"","ia_directores":"","ia_periodos_culturales":"","ia_tipos_de_intervencion":"","ia_equipo_tecnico":"","ia_autores":"","ia_promotores":"","ia_deposito_de_materiales":"","ia_coordenadas_utm":""},"_links":{"self":[{"href":"https:\/\/marqalicante-admin.qwair.com\/va\/wp-json\/wp\/v2\/product\/18598","targetHints":{"allow":["GET"]}}],"collection":[{"href":"https:\/\/marqalicante-admin.qwair.com\/va\/wp-json\/wp\/v2\/product"}],"about":[{"href":"https:\/\/marqalicante-admin.qwair.com\/va\/wp-json\/wp\/v2\/types\/product"}],"wp:featuredmedia":[{"embeddable":true,"href":"https:\/\/marqalicante-admin.qwair.com\/va\/wp-json\/wp\/v2\/media\/18423"}],"wp:attachment":[{"href":"https:\/\/marqalicante-admin.qwair.com\/va\/wp-json\/wp\/v2\/media?parent=18598"}],"wp:term":[{"taxonomy":"product_brand","embeddable":true,"href":"https:\/\/marqalicante-admin.qwair.com\/va\/wp-json\/wp\/v2\/product_brand?post=18598"},{"taxonomy":"product_cat","embeddable":true,"href":"https:\/\/marqalicante-admin.qwair.com\/va\/wp-json\/wp\/v2\/product_cat?post=18598"},{"taxonomy":"product_tag","embeddable":true,"href":"https:\/\/marqalicante-admin.qwair.com\/va\/wp-json\/wp\/v2\/product_tag?post=18598"}],"curies":[{"name":"wp","href":"https:\/\/api.w.org\/{rel}","templated":true}]}}