{"id":18597,"date":"2025-01-20T06:01:21","date_gmt":"2025-01-20T06:01:21","guid":{"rendered":"https:\/\/marqalicante-admin.qwair.com\/item\/actas-del-iv-congreso-neolitico-peninsular-alicante-27-al-30-de-noviembre-2006-2-vols\/"},"modified":"2025-06-04T16:33:22","modified_gmt":"2025-06-04T16:33:22","slug":"actas-del-iv-congreso-neolitico-peninsular-alicante-27-al-30-de-noviembre-2006-2-vols","status":"publish","type":"product","link":"https:\/\/marqalicante-admin.qwair.com\/va\/producte\/actas-del-iv-congreso-neolitico-peninsular-alicante-27-al-30-de-noviembre-2006-2-vols\/","title":{"rendered":"ACTES DEL IV CONGR\u00c9S NEOL\u00cdTIC PENINSULAR (Alacant, 27 al 30 de novembre 2006) (2 vols.)"},"content":{"rendered":"<div class=\"documento-item\">\n                    <h2 class=\"documento-title\">Tom I<\/h2>\n        \n        \n                    <a href=\"https:\/\/marqalicante.com\/contenido\/publicaciones\/pub_58.pdf\" class=\"documento-btn\" target=\"_blank\" rel=\"noopener\">\n                <i class=\"fas fa-file-pdf\"><\/i> Descarregar PDF\n            <\/a>\n            <\/div>\n\n        \n    <div class=\"documento-item\">\n                    <h2 class=\"documento-title\">Tom II<\/h2>\n        \n        \n                    <a href=\"https:\/\/marqalicante.com\/contenido\/publicaciones\/pub2_58.pdf\" class=\"documento-btn\" target=\"_blank\" rel=\"noopener\">\n                <i class=\"fas fa-file-pdf\"><\/i> Descarregar PDF\n            <\/a>\n            <\/div>","protected":false},"excerpt":{"rendered":"<p>Obra en dos volums que recullen les pon\u00e8ncies presentades al darrer congr\u00e9s del Neol\u00edtic Peninsular celebrat a les instal\u00b7lacions del MARQ el novembre de 2006 . S&#039;hi ofereix la visi\u00f3 m\u00e9s actualitzada dels problemes i q\u00fcestions m\u00e9s candents sobre el proc\u00e9s d&#039;implantaci\u00f3 i desenvolupament de les primeres societats neol\u00edtiques. 26 euros els dos toms<\/p>","protected":false},"featured_media":18422,"template":"","meta":{"kia_subtitle":""},"product_brand":[],"product_cat":[1397],"product_tag":[],"class_list":{"0":"post-18597","1":"product","2":"type-product","3":"status-publish","4":"has-post-thumbnail","6":"product_cat-publicaciones","8":"first","9":"instock","10":"virtual","11":"product-type-simple"},"meta_box":{"ia_expediente":"","ia_ano":"","ia_fechas_de_actuacion":"","ia_municipios_comarcas":"","ia_directores":"","ia_periodos_culturales":"","ia_tipos_de_intervencion":"","ia_equipo_tecnico":"","ia_autores":"","ia_promotores":"","ia_deposito_de_materiales":"","ia_coordenadas_utm":""},"_links":{"self":[{"href":"https:\/\/marqalicante-admin.qwair.com\/va\/wp-json\/wp\/v2\/product\/18597","targetHints":{"allow":["GET"]}}],"collection":[{"href":"https:\/\/marqalicante-admin.qwair.com\/va\/wp-json\/wp\/v2\/product"}],"about":[{"href":"https:\/\/marqalicante-admin.qwair.com\/va\/wp-json\/wp\/v2\/types\/product"}],"wp:featuredmedia":[{"embeddable":true,"href":"https:\/\/marqalicante-admin.qwair.com\/va\/wp-json\/wp\/v2\/media\/18422"}],"wp:attachment":[{"href":"https:\/\/marqalicante-admin.qwair.com\/va\/wp-json\/wp\/v2\/media?parent=18597"}],"wp:term":[{"taxonomy":"product_brand","embeddable":true,"href":"https:\/\/marqalicante-admin.qwair.com\/va\/wp-json\/wp\/v2\/product_brand?post=18597"},{"taxonomy":"product_cat","embeddable":true,"href":"https:\/\/marqalicante-admin.qwair.com\/va\/wp-json\/wp\/v2\/product_cat?post=18597"},{"taxonomy":"product_tag","embeddable":true,"href":"https:\/\/marqalicante-admin.qwair.com\/va\/wp-json\/wp\/v2\/product_tag?post=18597"}],"curies":[{"name":"wp","href":"https:\/\/api.w.org\/{rel}","templated":true}]}}