{"id":18576,"date":"2025-01-20T06:01:16","date_gmt":"2025-01-20T06:01:16","guid":{"rendered":"https:\/\/marqalicante-admin.qwair.com\/item\/actas-de-las-jornadas-de-arqueologia-y-patrimonio-alicantino-en-los-albores-del-siglo-xxi\/"},"modified":"2025-06-04T16:33:22","modified_gmt":"2025-06-04T16:33:22","slug":"actas-de-las-jornadas-de-arqueologia-y-patrimonio-alicantino-en-los-albores-del-siglo-xxi","status":"publish","type":"product","link":"https:\/\/marqalicante-admin.qwair.com\/va\/producte\/actas-de-las-jornadas-de-arqueologia-y-patrimonio-alicantino-en-los-albores-del-siglo-xxi\/","title":{"rendered":"ACTES DE LES JORNADES D&#039;ARQUEOLOGIA I PATRIMONI ALACANT\u00cd. ALS ALBORS DEL SEGLE XXI"},"content":{"rendered":"","protected":false},"excerpt":{"rendered":"<p>S&#039;hi recull el treball realitzat durant molts anys per arque\u00f2legs en aquesta prov\u00edncia, fent aix\u00ed transcendir al p\u00fablic la import\u00e0ncia que t\u00e9 l&#039;Arqueologia a Alacant. 10 \u20ac<\/p>","protected":false},"featured_media":18401,"template":"","meta":{"kia_subtitle":""},"product_brand":[],"product_cat":[1397],"product_tag":[],"class_list":{"0":"post-18576","1":"product","2":"type-product","3":"status-publish","4":"has-post-thumbnail","6":"product_cat-publicaciones","8":"first","9":"instock","10":"virtual","11":"product-type-simple"},"meta_box":{"ia_expediente":"","ia_ano":"","ia_fechas_de_actuacion":"","ia_municipios_comarcas":"","ia_directores":"","ia_periodos_culturales":"","ia_tipos_de_intervencion":"","ia_equipo_tecnico":"","ia_autores":"","ia_promotores":"","ia_deposito_de_materiales":"","ia_coordenadas_utm":""},"_links":{"self":[{"href":"https:\/\/marqalicante-admin.qwair.com\/va\/wp-json\/wp\/v2\/product\/18576","targetHints":{"allow":["GET"]}}],"collection":[{"href":"https:\/\/marqalicante-admin.qwair.com\/va\/wp-json\/wp\/v2\/product"}],"about":[{"href":"https:\/\/marqalicante-admin.qwair.com\/va\/wp-json\/wp\/v2\/types\/product"}],"wp:featuredmedia":[{"embeddable":true,"href":"https:\/\/marqalicante-admin.qwair.com\/va\/wp-json\/wp\/v2\/media\/18401"}],"wp:attachment":[{"href":"https:\/\/marqalicante-admin.qwair.com\/va\/wp-json\/wp\/v2\/media?parent=18576"}],"wp:term":[{"taxonomy":"product_brand","embeddable":true,"href":"https:\/\/marqalicante-admin.qwair.com\/va\/wp-json\/wp\/v2\/product_brand?post=18576"},{"taxonomy":"product_cat","embeddable":true,"href":"https:\/\/marqalicante-admin.qwair.com\/va\/wp-json\/wp\/v2\/product_cat?post=18576"},{"taxonomy":"product_tag","embeddable":true,"href":"https:\/\/marqalicante-admin.qwair.com\/va\/wp-json\/wp\/v2\/product_tag?post=18576"}],"curies":[{"name":"wp","href":"https:\/\/api.w.org\/{rel}","templated":true}]}}