{"id":18570,"date":"2025-01-20T06:01:14","date_gmt":"2025-01-20T06:01:14","guid":{"rendered":"https:\/\/marqalicante-admin.qwair.com\/item\/ii-jornadas-de-arqueologia-medieval-de-la-medina-a-la-vila-petrer-novelda-del-3-al-5-de-octubre-de-2003\/"},"modified":"2025-06-04T16:33:21","modified_gmt":"2025-06-04T16:33:21","slug":"ii-jornadas-de-arqueologia-medieval-de-la-medina-a-la-vila-petrer-novelda-del-3-al-5-de-octubre-de-2003","status":"publish","type":"product","link":"https:\/\/marqalicante-admin.qwair.com\/va\/producte\/ii-jornadas-de-arqueologia-medieval-de-la-medina-a-la-vila-petrer-novelda-del-3-al-5-de-octubre-de-2003\/","title":{"rendered":"II JORNADES D&#039;ARQUEOLOGIA MEDIEVAL. DE LA MEDINA A LA VILA (Petrer \u2013 Novelda, del 3 al 5 d&#039;octubre del 2003)"},"content":{"rendered":"","protected":false},"excerpt":{"rendered":"<p>Acta de les jornades dedicades a con\u00e8ixer els darrers aven\u00e7os produ\u00efts a l&#039;Arqueologia Medieval de les valls del Vinalop\u00f3. 10 \u20ac<\/p>","protected":false},"featured_media":18395,"template":"","meta":{"kia_subtitle":""},"product_brand":[],"product_cat":[1397],"product_tag":[],"class_list":{"0":"post-18570","1":"product","2":"type-product","3":"status-publish","4":"has-post-thumbnail","6":"product_cat-publicaciones","8":"first","9":"instock","10":"virtual","11":"product-type-simple"},"meta_box":{"ia_expediente":"","ia_ano":"","ia_fechas_de_actuacion":"","ia_municipios_comarcas":"","ia_directores":"","ia_periodos_culturales":"","ia_tipos_de_intervencion":"","ia_equipo_tecnico":"","ia_autores":"","ia_promotores":"","ia_deposito_de_materiales":"","ia_coordenadas_utm":""},"_links":{"self":[{"href":"https:\/\/marqalicante-admin.qwair.com\/va\/wp-json\/wp\/v2\/product\/18570","targetHints":{"allow":["GET"]}}],"collection":[{"href":"https:\/\/marqalicante-admin.qwair.com\/va\/wp-json\/wp\/v2\/product"}],"about":[{"href":"https:\/\/marqalicante-admin.qwair.com\/va\/wp-json\/wp\/v2\/types\/product"}],"wp:featuredmedia":[{"embeddable":true,"href":"https:\/\/marqalicante-admin.qwair.com\/va\/wp-json\/wp\/v2\/media\/18395"}],"wp:attachment":[{"href":"https:\/\/marqalicante-admin.qwair.com\/va\/wp-json\/wp\/v2\/media?parent=18570"}],"wp:term":[{"taxonomy":"product_brand","embeddable":true,"href":"https:\/\/marqalicante-admin.qwair.com\/va\/wp-json\/wp\/v2\/product_brand?post=18570"},{"taxonomy":"product_cat","embeddable":true,"href":"https:\/\/marqalicante-admin.qwair.com\/va\/wp-json\/wp\/v2\/product_cat?post=18570"},{"taxonomy":"product_tag","embeddable":true,"href":"https:\/\/marqalicante-admin.qwair.com\/va\/wp-json\/wp\/v2\/product_tag?post=18570"}],"curies":[{"name":"wp","href":"https:\/\/api.w.org\/{rel}","templated":true}]}}