{"id":18568,"date":"2025-01-20T06:01:13","date_gmt":"2025-01-20T06:01:13","guid":{"rendered":"https:\/\/marqalicante-admin.qwair.com\/item\/tunez-tierra-de-culturas\/"},"modified":"2025-06-04T16:33:21","modified_gmt":"2025-06-04T16:33:21","slug":"tunez-tierra-de-culturas","status":"publish","type":"product","link":"https:\/\/marqalicante-admin.qwair.com\/va\/producte\/tunez-tierra-de-culturas\/","title":{"rendered":"TUN\u00cdSIA, TERRA DE CULTURES"},"content":{"rendered":"","protected":false},"excerpt":{"rendered":"<p>Breu guia de l\u00b4exposici\u00f3, que ens ofereix un recorregut a trav\u00e9s de la hist\u00f2ria i les tradicions d\u00b4aquesta zona del nord d\u00b4\u00c0frica. No est\u00e0 a la venda<\/p>","protected":false},"featured_media":18393,"template":"","meta":{"kia_subtitle":""},"product_brand":[],"product_cat":[1397],"product_tag":[],"class_list":{"0":"post-18568","1":"product","2":"type-product","3":"status-publish","4":"has-post-thumbnail","6":"product_cat-publicaciones","8":"first","9":"instock","10":"virtual","11":"product-type-simple"},"meta_box":{"ia_expediente":"","ia_ano":"","ia_fechas_de_actuacion":"","ia_municipios_comarcas":"","ia_directores":"","ia_periodos_culturales":"","ia_tipos_de_intervencion":"","ia_equipo_tecnico":"","ia_autores":"","ia_promotores":"","ia_deposito_de_materiales":"","ia_coordenadas_utm":""},"_links":{"self":[{"href":"https:\/\/marqalicante-admin.qwair.com\/va\/wp-json\/wp\/v2\/product\/18568","targetHints":{"allow":["GET"]}}],"collection":[{"href":"https:\/\/marqalicante-admin.qwair.com\/va\/wp-json\/wp\/v2\/product"}],"about":[{"href":"https:\/\/marqalicante-admin.qwair.com\/va\/wp-json\/wp\/v2\/types\/product"}],"wp:featuredmedia":[{"embeddable":true,"href":"https:\/\/marqalicante-admin.qwair.com\/va\/wp-json\/wp\/v2\/media\/18393"}],"wp:attachment":[{"href":"https:\/\/marqalicante-admin.qwair.com\/va\/wp-json\/wp\/v2\/media?parent=18568"}],"wp:term":[{"taxonomy":"product_brand","embeddable":true,"href":"https:\/\/marqalicante-admin.qwair.com\/va\/wp-json\/wp\/v2\/product_brand?post=18568"},{"taxonomy":"product_cat","embeddable":true,"href":"https:\/\/marqalicante-admin.qwair.com\/va\/wp-json\/wp\/v2\/product_cat?post=18568"},{"taxonomy":"product_tag","embeddable":true,"href":"https:\/\/marqalicante-admin.qwair.com\/va\/wp-json\/wp\/v2\/product_tag?post=18568"}],"curies":[{"name":"wp","href":"https:\/\/api.w.org\/{rel}","templated":true}]}}