{"id":18567,"date":"2025-01-20T06:01:13","date_gmt":"2025-01-20T06:01:13","guid":{"rendered":"https:\/\/marqalicante-admin.qwair.com\/item\/tesoros-arqueologicos-de-chipre-del-museo-mediterraneo-de-estocolmo-la-expedicion-arqueologica-sueca-en-chipre-1927-1931\/"},"modified":"2025-06-04T16:33:21","modified_gmt":"2025-06-04T16:33:21","slug":"tesoros-arqueologicos-de-chipre-del-museo-mediterraneo-de-estocolmo-la-expedicion-arqueologica-sueca-en-chipre-1927-1931","status":"publish","type":"product","link":"https:\/\/marqalicante-admin.qwair.com\/va\/producte\/tesoros-arqueologicos-de-chipre-del-museo-mediterraneo-de-estocolmo-la-expedicion-arqueologica-sueca-en-chipre-1927-1931\/","title":{"rendered":"TRESORS ARQUEOL\u00d2GICS DE XIPRE DEL MUSEU MEDITERRANI D&#039;ESTOCOLM. L&#039;EXPEDICI\u00d3 ARQUEOL\u00d2GICA SUECA AL XIPRE, 1927-1931"},"content":{"rendered":"<div class=\"documento-item\">\n        \n        \n                    <a href=\"https:\/\/marqalicante.com\/contenido\/publicaciones\/pub_28.pdf\" class=\"documento-btn\" target=\"_blank\" rel=\"noopener\">\n                <i class=\"fas fa-file-pdf\"><\/i> Descarregar PDF\n            <\/a>\n            <\/div>","protected":false},"excerpt":{"rendered":"<p>Les troballes de la missi\u00f3 sueca a Xipre, realitzada a les primeres d\u00e8cades del segle XX, ens apropen a la prehist\u00f2ria i l&#039;antiguitat d&#039;aquestes illes de la Mediterr\u00e0nia Oriental a trav\u00e9s de les col\u00b7leccions del Museu Mediterrani d&#039;Estocolm 15 euros<\/p>","protected":false},"featured_media":18392,"template":"","meta":{"kia_subtitle":""},"product_brand":[],"product_cat":[1397],"product_tag":[],"class_list":{"0":"post-18567","1":"product","2":"type-product","3":"status-publish","4":"has-post-thumbnail","6":"product_cat-publicaciones","8":"first","9":"instock","10":"virtual","11":"product-type-simple"},"meta_box":{"ia_expediente":"","ia_ano":"","ia_fechas_de_actuacion":"","ia_municipios_comarcas":"","ia_directores":"","ia_periodos_culturales":"","ia_tipos_de_intervencion":"","ia_equipo_tecnico":"","ia_autores":"","ia_promotores":"","ia_deposito_de_materiales":"","ia_coordenadas_utm":""},"_links":{"self":[{"href":"https:\/\/marqalicante-admin.qwair.com\/va\/wp-json\/wp\/v2\/product\/18567","targetHints":{"allow":["GET"]}}],"collection":[{"href":"https:\/\/marqalicante-admin.qwair.com\/va\/wp-json\/wp\/v2\/product"}],"about":[{"href":"https:\/\/marqalicante-admin.qwair.com\/va\/wp-json\/wp\/v2\/types\/product"}],"wp:featuredmedia":[{"embeddable":true,"href":"https:\/\/marqalicante-admin.qwair.com\/va\/wp-json\/wp\/v2\/media\/18392"}],"wp:attachment":[{"href":"https:\/\/marqalicante-admin.qwair.com\/va\/wp-json\/wp\/v2\/media?parent=18567"}],"wp:term":[{"taxonomy":"product_brand","embeddable":true,"href":"https:\/\/marqalicante-admin.qwair.com\/va\/wp-json\/wp\/v2\/product_brand?post=18567"},{"taxonomy":"product_cat","embeddable":true,"href":"https:\/\/marqalicante-admin.qwair.com\/va\/wp-json\/wp\/v2\/product_cat?post=18567"},{"taxonomy":"product_tag","embeddable":true,"href":"https:\/\/marqalicante-admin.qwair.com\/va\/wp-json\/wp\/v2\/product_tag?post=18567"}],"curies":[{"name":"wp","href":"https:\/\/api.w.org\/{rel}","templated":true}]}}