{"id":18562,"date":"2025-01-20T06:01:12","date_gmt":"2025-01-20T06:01:12","guid":{"rendered":"https:\/\/marqalicante-admin.qwair.com\/item\/pompeya-bajo-pompeya\/"},"modified":"2025-06-04T16:33:20","modified_gmt":"2025-06-04T16:33:20","slug":"pompeya-bajo-pompeya","status":"publish","type":"product","link":"https:\/\/marqalicante-admin.qwair.com\/va\/producte\/pompeya-bajo-pompeya\/","title":{"rendered":"POMPEIA SOTA POMPEIA"},"content":{"rendered":"","protected":false},"excerpt":{"rendered":"<p>Cat\u00e0leg de l&#039;exposici\u00f3 centrada en els treballs realitzats per l&#039;equip d&#039;arque\u00f2legs sota la direcci\u00f3 d&#039;A: Ribera del SIAM de Val\u00e8ncia i amb la participaci\u00f3 del MARQ i del Museu de Prehist\u00f2ria de Val\u00e8ncia a la Casa d&#039;Ariadna, tamb\u00e9 anomenada degli capiltelli colorati. Les excavacions tenien com a objectiu con\u00e8ixer l&#039;evoluci\u00f3 constructiva d&#039;aquest edifici. 20 euros<\/p>","protected":false},"featured_media":18387,"template":"","meta":{"kia_subtitle":""},"product_brand":[],"product_cat":[1397],"product_tag":[],"class_list":{"0":"post-18562","1":"product","2":"type-product","3":"status-publish","4":"has-post-thumbnail","6":"product_cat-publicaciones","8":"first","9":"instock","10":"virtual","11":"product-type-simple"},"meta_box":{"ia_expediente":"","ia_ano":"","ia_fechas_de_actuacion":"","ia_municipios_comarcas":"","ia_directores":"","ia_periodos_culturales":"","ia_tipos_de_intervencion":"","ia_equipo_tecnico":"","ia_autores":"","ia_promotores":"","ia_deposito_de_materiales":"","ia_coordenadas_utm":""},"_links":{"self":[{"href":"https:\/\/marqalicante-admin.qwair.com\/va\/wp-json\/wp\/v2\/product\/18562","targetHints":{"allow":["GET"]}}],"collection":[{"href":"https:\/\/marqalicante-admin.qwair.com\/va\/wp-json\/wp\/v2\/product"}],"about":[{"href":"https:\/\/marqalicante-admin.qwair.com\/va\/wp-json\/wp\/v2\/types\/product"}],"wp:featuredmedia":[{"embeddable":true,"href":"https:\/\/marqalicante-admin.qwair.com\/va\/wp-json\/wp\/v2\/media\/18387"}],"wp:attachment":[{"href":"https:\/\/marqalicante-admin.qwair.com\/va\/wp-json\/wp\/v2\/media?parent=18562"}],"wp:term":[{"taxonomy":"product_brand","embeddable":true,"href":"https:\/\/marqalicante-admin.qwair.com\/va\/wp-json\/wp\/v2\/product_brand?post=18562"},{"taxonomy":"product_cat","embeddable":true,"href":"https:\/\/marqalicante-admin.qwair.com\/va\/wp-json\/wp\/v2\/product_cat?post=18562"},{"taxonomy":"product_tag","embeddable":true,"href":"https:\/\/marqalicante-admin.qwair.com\/va\/wp-json\/wp\/v2\/product_tag?post=18562"}],"curies":[{"name":"wp","href":"https:\/\/api.w.org\/{rel}","templated":true}]}}