{"id":18556,"date":"2025-01-20T06:01:10","date_gmt":"2025-01-20T06:01:10","guid":{"rendered":"https:\/\/marqalicante-admin.qwair.com\/item\/guia-catalogo-del-museo-arqueologico-de-alicante\/"},"modified":"2025-06-04T16:33:20","modified_gmt":"2025-06-04T16:33:20","slug":"guia-catalogo-del-museo-arqueologico-de-alicante","status":"publish","type":"product","link":"https:\/\/marqalicante-admin.qwair.com\/va\/producte\/guia-catalogo-del-museo-arqueologico-de-alicante\/","title":{"rendered":"GUIA _ CAT\u00c0LEG DEL MUSEU ARQUEOL\u00d2GIC D&#039;ALACANT"},"content":{"rendered":"","protected":false},"excerpt":{"rendered":"<p>Visita a les col\u00b7leccions de l&#039;exposici\u00f3 permanent del MARQ ia les sales tem\u00e0tiques, amb especial atenci\u00f3 a les peces m\u00e9s excel\u00b7lents. Cat\u00e0leg editat en angl\u00e8s\/alemany\/castell\u00e0\/valenci\u00e0.<\/p>","protected":false},"featured_media":18381,"template":"","meta":{"kia_subtitle":""},"product_brand":[],"product_cat":[1397],"product_tag":[],"class_list":{"0":"post-18556","1":"product","2":"type-product","3":"status-publish","4":"has-post-thumbnail","6":"product_cat-publicaciones","8":"first","9":"instock","10":"virtual","11":"product-type-simple"},"meta_box":{"ia_expediente":"","ia_ano":"","ia_fechas_de_actuacion":"","ia_municipios_comarcas":"","ia_directores":"","ia_periodos_culturales":"","ia_tipos_de_intervencion":"","ia_equipo_tecnico":"","ia_autores":"","ia_promotores":"","ia_deposito_de_materiales":"","ia_coordenadas_utm":""},"_links":{"self":[{"href":"https:\/\/marqalicante-admin.qwair.com\/va\/wp-json\/wp\/v2\/product\/18556","targetHints":{"allow":["GET"]}}],"collection":[{"href":"https:\/\/marqalicante-admin.qwair.com\/va\/wp-json\/wp\/v2\/product"}],"about":[{"href":"https:\/\/marqalicante-admin.qwair.com\/va\/wp-json\/wp\/v2\/types\/product"}],"wp:featuredmedia":[{"embeddable":true,"href":"https:\/\/marqalicante-admin.qwair.com\/va\/wp-json\/wp\/v2\/media\/18381"}],"wp:attachment":[{"href":"https:\/\/marqalicante-admin.qwair.com\/va\/wp-json\/wp\/v2\/media?parent=18556"}],"wp:term":[{"taxonomy":"product_brand","embeddable":true,"href":"https:\/\/marqalicante-admin.qwair.com\/va\/wp-json\/wp\/v2\/product_brand?post=18556"},{"taxonomy":"product_cat","embeddable":true,"href":"https:\/\/marqalicante-admin.qwair.com\/va\/wp-json\/wp\/v2\/product_cat?post=18556"},{"taxonomy":"product_tag","embeddable":true,"href":"https:\/\/marqalicante-admin.qwair.com\/va\/wp-json\/wp\/v2\/product_tag?post=18556"}],"curies":[{"name":"wp","href":"https:\/\/api.w.org\/{rel}","templated":true}]}}