{"id":18548,"date":"2025-01-20T06:01:08","date_gmt":"2025-01-20T06:01:08","guid":{"rendered":"https:\/\/marqalicante-admin.qwair.com\/item\/el-baculo-y-la-espada-sobre-un-fragmento-de-escultura-monumental-romana-de-bronce-de-lucentum\/"},"modified":"2025-06-04T16:33:20","modified_gmt":"2025-06-04T16:33:20","slug":"el-baculo-y-la-espada-sobre-un-fragmento-de-escultura-monumental-romana-de-bronce-de-lucentum","status":"publish","type":"product","link":"https:\/\/marqalicante-admin.qwair.com\/va\/producte\/el-baculo-y-la-espada-sobre-un-fragmento-de-escultura-monumental-romana-de-bronce-de-lucentum\/","title":{"rendered":"EL BACL I L&#039;ESPADA. SOBRE UN FRAGMENT D&#039;ESCULTURA MONUMENTAL ROMANA DE BRONZE DE LUCENTUM"},"content":{"rendered":"<div class=\"documento-item\">\n        \n        \n                    <a href=\"https:\/\/marqalicante.com\/contenido\/publicaciones\/pub2_8.pdf\" class=\"documento-btn\" target=\"_blank\" rel=\"noopener\">\n                <i class=\"fas fa-file-pdf\"><\/i> Descarregar PDF\n            <\/a>\n            <\/div>","protected":false},"excerpt":{"rendered":"<p>Estudi exhaustiu d&#039; un fragment d&#039; escultura romana de bronze trobada a les excavacions de Lucentum el 2005 . Es tracta d&#039;una m\u00e0 esquerra que rostit un m\u00e0nec d&#039;espasa el pom del qual el formen dos caps d&#039;\u00e0liga, un motiu iconogr\u00e0fic fins ara desconegut al m\u00f3n rom\u00e0. Aix\u00ed mateix, t\u00e9 un anell on est\u00e0 gravat el lituus o b\u00e0cul dels augurs. Probablement es tracta de l&#039;escultura d&#039;un emperador abillat amb vestimenta militar (thoracata) del s. I d. C. l&#039;al\u00e7ada del qual rondaria els 2 &#039; 20 m. 20 euros<\/p>","protected":false},"featured_media":18373,"template":"","meta":{"kia_subtitle":""},"product_brand":[],"product_cat":[1397],"product_tag":[],"class_list":{"0":"post-18548","1":"product","2":"type-product","3":"status-publish","4":"has-post-thumbnail","6":"product_cat-publicaciones","8":"first","9":"instock","10":"virtual","11":"product-type-simple"},"meta_box":{"ia_expediente":"","ia_ano":"","ia_fechas_de_actuacion":"","ia_municipios_comarcas":"","ia_directores":"","ia_periodos_culturales":"","ia_tipos_de_intervencion":"","ia_equipo_tecnico":"","ia_autores":"","ia_promotores":"","ia_deposito_de_materiales":"","ia_coordenadas_utm":""},"_links":{"self":[{"href":"https:\/\/marqalicante-admin.qwair.com\/va\/wp-json\/wp\/v2\/product\/18548","targetHints":{"allow":["GET"]}}],"collection":[{"href":"https:\/\/marqalicante-admin.qwair.com\/va\/wp-json\/wp\/v2\/product"}],"about":[{"href":"https:\/\/marqalicante-admin.qwair.com\/va\/wp-json\/wp\/v2\/types\/product"}],"wp:featuredmedia":[{"embeddable":true,"href":"https:\/\/marqalicante-admin.qwair.com\/va\/wp-json\/wp\/v2\/media\/18373"}],"wp:attachment":[{"href":"https:\/\/marqalicante-admin.qwair.com\/va\/wp-json\/wp\/v2\/media?parent=18548"}],"wp:term":[{"taxonomy":"product_brand","embeddable":true,"href":"https:\/\/marqalicante-admin.qwair.com\/va\/wp-json\/wp\/v2\/product_brand?post=18548"},{"taxonomy":"product_cat","embeddable":true,"href":"https:\/\/marqalicante-admin.qwair.com\/va\/wp-json\/wp\/v2\/product_cat?post=18548"},{"taxonomy":"product_tag","embeddable":true,"href":"https:\/\/marqalicante-admin.qwair.com\/va\/wp-json\/wp\/v2\/product_tag?post=18548"}],"curies":[{"name":"wp","href":"https:\/\/api.w.org\/{rel}","templated":true}]}}